{"id":104,"date":"2021-09-28T20:02:05","date_gmt":"2021-09-28T18:02:05","guid":{"rendered":"http:\/\/zszil.pl\/wwwnowev2\/?page_id=104"},"modified":"2023-06-20T10:19:03","modified_gmt":"2023-06-20T08:19:03","slug":"organnizacja","status":"publish","type":"page","link":"https:\/\/zszil.pl\/index.php\/organnizacja\/","title":{"rendered":"Organizacja"},"content":{"rendered":"\n<p><a><strong>Szanowni Pa\u0144stwo. Od 1 wrze\u015bnia 2017 roku w naszej szkole funkcjonuje dziennik elektroniczny. Dziennik jest dost\u0119pny bezp\u0142atnie dla ka\u017cdego rodzica i ucznia. Umo\u017cliwia komunikacj\u0119 ze szko\u0142\u0105 oraz bie\u017c\u0105cy wgl\u0105d w dane dziecka odnotowane w dzienniku przez nauczycieli. Frekwencja, oceny, sprawdziany, uwagi \u2013 wszystko pod r\u0119k\u0105 w jednym miejscu. UONET+ dzia\u0142a w ka\u017cdej popularnej przegl\u0105darce internetowej, nie wymaga instalowania na komputerze jakichkolwiek dodatkowych program\u00f3w oraz umo\u017cliwia prac\u0119 na tabletach (z systemem Windows i Android). Rodzice i uczniowie nie b\u0119d\u0105 mie\u0107 problem\u00f3w z dost\u0119pem do e-dziennika, nawet je\u015bli nie posiadaj\u0105 nowoczesnego sprz\u0119tu. Pami\u0119tajcie! E-dziennik to nie narz\u0119dzie kontroli, a \u015bwietny spos\u00f3b na polepszenie komunikacji na linii szko\u0142a \u2013 ucze\u0144 \u2013 rodzice. Wszelkie uwagi i spostrze\u017cenia mo\u017cna przekazywa\u0107 do Szkolnego Administratora na adres: krzywonos@zszil.pl.<\/strong><\/a><\/p>\n\n\n\n<p><\/p>\n\n\n\n<div class=\"wp-block-buttons is-layout-flex wp-block-buttons-is-layout-flex\"><\/div>\n\n\n\n<a href=https:\/\/uonetplus.vulcan.net.pl\/powiatzgorzelecki\/?logout=true>DZIENNIK VULCAN<img src=https:\/\/uonetplus.vulcan.net.pl\/Content\/vulcan-core\/images\/logo_vulcan_simple.svg><\/a>\n\n\n\n<p><\/p>\n","protected":false},"excerpt":{"rendered":"<p>Szanowni Pa\u0144stwo. Od 1 wrze\u015bnia 2017 roku w naszej szkole funkcjonuje dziennik elektroniczny. Dziennik jest dost\u0119pny bezp\u0142atnie dla ka\u017cdego rodzica i ucznia. Umo\u017cliwia komunikacj\u0119 ze szko\u0142\u0105 oraz bie\u017c\u0105cy wgl\u0105d w dane dziecka odnotowane w dzienniku przez nauczycieli. Frekwencja, oceny, sprawdziany,&hellip; <a class=\"continue\" href=\"https:\/\/zszil.pl\/index.php\/organnizacja\/\">Continue Reading<span> Organizacja<\/span><\/a><\/p>\n","protected":false},"author":1,"featured_media":0,"parent":0,"menu_order":0,"comment_status":"closed","ping_status":"closed","template":"","meta":{"footnotes":""},"class_list":["post-104","page","type-page","status-publish","hentry"],"_links":{"self":[{"href":"https:\/\/zszil.pl\/index.php\/wp-json\/wp\/v2\/pages\/104","targetHints":{"allow":["GET"]}}],"collection":[{"href":"https:\/\/zszil.pl\/index.php\/wp-json\/wp\/v2\/pages"}],"about":[{"href":"https:\/\/zszil.pl\/index.php\/wp-json\/wp\/v2\/types\/page"}],"author":[{"embeddable":true,"href":"https:\/\/zszil.pl\/index.php\/wp-json\/wp\/v2\/users\/1"}],"replies":[{"embeddable":true,"href":"https:\/\/zszil.pl\/index.php\/wp-json\/wp\/v2\/comments?post=104"}],"version-history":[{"count":4,"href":"https:\/\/zszil.pl\/index.php\/wp-json\/wp\/v2\/pages\/104\/revisions"}],"predecessor-version":[{"id":3425,"href":"https:\/\/zszil.pl\/index.php\/wp-json\/wp\/v2\/pages\/104\/revisions\/3425"}],"wp:attachment":[{"href":"https:\/\/zszil.pl\/index.php\/wp-json\/wp\/v2\/media?parent=104"}],"curies":[{"name":"wp","href":"https:\/\/api.w.org\/{rel}","templated":true}]}}