{"id":145,"date":"2021-09-29T18:59:21","date_gmt":"2021-09-29T16:59:21","guid":{"rendered":"http:\/\/zszil.pl\/wwwnowev2\/?page_id=145"},"modified":"2025-02-12T13:04:13","modified_gmt":"2025-02-12T12:04:13","slug":"statut-zespolu-szkol-zawodowych-i-licealnych-w-zgorzelcu","status":"publish","type":"page","link":"https:\/\/zszil.pl\/index.php\/statut-zespolu-szkol-zawodowych-i-licealnych-w-zgorzelcu\/","title":{"rendered":"Statut Zespo\u0142u Szk\u00f3\u0142 Zawodowych i Licealnych w Zgorzelcu"},"content":{"rendered":"\n<div data-wp-interactive=\"core\/file\" class=\"wp-block-file\"><object data-wp-bind--hidden=\"!state.hasPdfPreview\" hidden class=\"wp-block-file__embed\" data=\"https:\/\/zszil.pl\/wp-content\/uploads\/2025\/02\/statut-2025.pdf\" type=\"application\/pdf\" style=\"width:100%;height:600px\" aria-label=\"Osadzone z statut 2025.\"><\/object><a id=\"wp-block-file--media-81cb8209-44ce-4bb6-8c4e-a3dc142c26cd\" href=\"https:\/\/zszil.pl\/wp-content\/uploads\/2025\/02\/statut-2025.pdf\">statut 2025<\/a><a href=\"https:\/\/zszil.pl\/wp-content\/uploads\/2025\/02\/statut-2025.pdf\" class=\"wp-block-file__button wp-element-button\" download aria-describedby=\"wp-block-file--media-81cb8209-44ce-4bb6-8c4e-a3dc142c26cd\">Pobierz<\/a><\/div>\n","protected":false},"excerpt":{"rendered":"","protected":false},"author":1,"featured_media":0,"parent":0,"menu_order":0,"comment_status":"closed","ping_status":"closed","template":"","meta":{"footnotes":""},"class_list":["post-145","page","type-page","status-publish","hentry"],"_links":{"self":[{"href":"https:\/\/zszil.pl\/index.php\/wp-json\/wp\/v2\/pages\/145","targetHints":{"allow":["GET"]}}],"collection":[{"href":"https:\/\/zszil.pl\/index.php\/wp-json\/wp\/v2\/pages"}],"about":[{"href":"https:\/\/zszil.pl\/index.php\/wp-json\/wp\/v2\/types\/page"}],"author":[{"embeddable":true,"href":"https:\/\/zszil.pl\/index.php\/wp-json\/wp\/v2\/users\/1"}],"replies":[{"embeddable":true,"href":"https:\/\/zszil.pl\/index.php\/wp-json\/wp\/v2\/comments?post=145"}],"version-history":[{"count":4,"href":"https:\/\/zszil.pl\/index.php\/wp-json\/wp\/v2\/pages\/145\/revisions"}],"predecessor-version":[{"id":5666,"href":"https:\/\/zszil.pl\/index.php\/wp-json\/wp\/v2\/pages\/145\/revisions\/5666"}],"wp:attachment":[{"href":"https:\/\/zszil.pl\/index.php\/wp-json\/wp\/v2\/media?parent=145"}],"curies":[{"name":"wp","href":"https:\/\/api.w.org\/{rel}","templated":true}]}}