{"id":152,"date":"2021-09-29T19:06:01","date_gmt":"2021-09-29T17:06:01","guid":{"rendered":"http:\/\/zszil.pl\/wwwnowev2\/?page_id=152"},"modified":"2021-09-29T19:06:01","modified_gmt":"2021-09-29T17:06:01","slug":"szkola","status":"publish","type":"page","link":"https:\/\/zszil.pl\/index.php\/szkola\/","title":{"rendered":"Szko\u0142a"},"content":{"rendered":"\n<p><strong>1960<\/strong><br>Utworzono Technikum G\u00f3rnicze, kt\u00f3re w pierwotnym za\u0142o\u017ceniu mia\u0142o kszta\u0142ci\u0107 pracownik\u00f3w powstaj\u0105cej w okolicy odkrywkowej kopalni w\u0119gla brunatnego. Wiele os\u00f3b mog\u0142o znale\u017a\u0107 tam zatrudnienie. Ch\u0142opcy, kt\u00f3rzy rozpoczynali nauk\u0119 zawodu w technikum, ko\u0144czyli j\u0105 z tytu\u0142em technika g\u00f3rnika.<\/p>\n\n\n\n<p><strong>1964<\/strong><br>Utworzono Szko\u0142\u0119 Przysposobienia Rolniczego. Swoj\u0105 siedzib\u0119 plac\u00f3wka znalaz\u0142a w Szkole Podstawowej nr 4, znajduj\u0105cej si\u0119 przy ulicy Ko\u015bciuszki w Zgorzelcu. W szkole istnia\u0142 tylko jeden kierunek \u2013 uczono zawodu rolnika. Kiedy okaza\u0142o si\u0119, \u017ce kopalnia b\u0119dzie \u015bci\u015ble zwi\u0105zana z elektrowni\u0105, w technikum pojawi\u0142 si\u0119 nowy kierunek kszta\u0142cenia przygotowuj\u0105cy energetyk\u00f3w i elektryk\u00f3w. Tak w\u0142a\u015bnie dokona\u0142o si\u0119 pierwsze przekszta\u0142cenie szko\u0142y w Technikum G\u00f3rniczo\u2013 Energetyczne.<\/p>\n\n\n\n<p><strong>1968<\/strong><br>Po\u0142\u0105czono Szko\u0142\u0119 Przysposobienia Rolniczego z Technikum Ekonomicznym. Powsta\u0142a w ten spos\u00f3b Zasadnicza Szko\u0142a Rolnicza. Nied\u0142ugo po tym wydarzeniu zapad\u0142a decyzja o utworzeniu warsztat\u00f3w szkolnych przy ulicy Henrykowskiej. W tym Gospodarstwie Szkolnym oraz Pa\u0144stwowych Gospodarstwach Rolnych r\u00f3\u017cnego typu uczniowie odbywali praktyki. Szko\u0142a g\u00f3rnicza pocz\u0105tkowo mie\u015bci\u0142a si\u0119 w budynku liceum og\u00f3lnokszta\u0142c\u0105cego. Nowa siedziba \u2013 obecny budynek \u2013 powstawa\u0142a stopniowo, od 1964 do 1965. W miar\u0119 oddawania do u\u017cytku kolejnych sal lekcyjnych, pracowni i warsztat\u00f3w uczniowie przenosili si\u0119 do plac\u00f3wki znajduj\u0105cej si\u0119 przy ulicy Powsta\u0144c\u00f3w \u015al\u0105skich.<\/p>\n\n\n\n<p><strong>1972<\/strong><br>Szko\u0142a Rolnicza sta\u0142a si\u0119 samodzieln\u0105 plac\u00f3wk\u0105 o\u015bwiatow\u0105 i otrzyma\u0142a now\u0105 lokalizacj\u0119 w budynku zwanym potocznie \u201eRiviera\u201d, znajduj\u0105cym si\u0119 przy ulicy Bohater\u00f3w ZWM. W tym czasie utworzono nowe oddzia\u0142y: 3-letnie technika o profilu rolniczym i ogrodniczym, a tak\u017ce klasy zasadniczej szko\u0142y zawodowej. Szko\u0142a kszta\u0142ci\u0142a coraz wi\u0119cej uczni\u00f3w, rozbudowano, wi\u0119c Gospodarstwo Szkolne przy ulicy Henrykowskiej. Szko\u0142a wzbogaci\u0142a si\u0119 o szklarnie i budynek, w kt\u00f3rym prowadzono zaj\u0119cia lekcyjne. W nast\u0119pnych latach pojawi\u0142y si\u0119 5-letnie technika ogrodnicze, zasadnicza szko\u0142a mleczarska. Kszta\u0142cono p\u00f3\u017aniejszych pracownik\u00f3w przemys\u0142u mi\u0119snego i piekarniczego, a tak\u017ce mechanizator\u00f3w maszyn rolniczych. W latach 90. pojawi\u0142o si\u0119 technikum agrobiznesu. Szko\u0142a g\u00f3rnicza ci\u0105gle si\u0119 zmienia\u0142a. Powstawa\u0142y nowe kierunki kszta\u0142cenia. Uczniowie zdobywali r\u00f3\u017cne zawody przygotowuj\u0105ce pracownik\u00f3w konstrukcyjnych, obs\u0142ugowych i remontowych w przemy\u015ble g\u00f3rniczym i energetycznym. M\u0142odzi ludzie uczyli si\u0119 nie tylko teorii. Zaj\u0119cia na warsztatach, praktyki zawodowe dobrze przygotowywa\u0142y do pracy w kopalni, elektrowni i zak\u0142adu \u201eFamago\u201d.<\/p>\n\n\n\n<p><strong>2001<br><\/strong>Nowa nazwa plac\u00f3wki \u2013 Zesp\u00f3\u0142 Szk\u00f3\u0142 Zawodowych i Licealnych w Zgorzelcu.<\/p>\n\n\n\n<p><strong>2.09.2009<br><\/strong>Nadanie imienia szkole: Zesp\u00f3\u0142 Szk\u00f3\u0142 Zawodowych i Licealnych im. G\u00f3rnik\u00f3w i Energetyk\u00f3w Turowa w Zgorzelcu.<\/p>\n\n\n\n<p><strong>2010<\/strong><br>1 pa\u017adziernika 2010 roku \u2013 50. rocznica istnienia szko\u0142y.<\/p>\n","protected":false},"excerpt":{"rendered":"<p>1960Utworzono Technikum G\u00f3rnicze, kt\u00f3re w pierwotnym za\u0142o\u017ceniu mia\u0142o kszta\u0142ci\u0107 pracownik\u00f3w powstaj\u0105cej w okolicy odkrywkowej kopalni w\u0119gla brunatnego. Wiele os\u00f3b mog\u0142o znale\u017a\u0107 tam zatrudnienie. Ch\u0142opcy, kt\u00f3rzy rozpoczynali nauk\u0119 zawodu w technikum, ko\u0144czyli j\u0105 z tytu\u0142em technika g\u00f3rnika. 1964Utworzono Szko\u0142\u0119 Przysposobienia Rolniczego.&hellip; <a class=\"continue\" href=\"https:\/\/zszil.pl\/index.php\/szkola\/\">Continue Reading<span> Szko\u0142a<\/span><\/a><\/p>\n","protected":false},"author":1,"featured_media":0,"parent":0,"menu_order":0,"comment_status":"closed","ping_status":"closed","template":"","meta":{"footnotes":""},"class_list":["post-152","page","type-page","status-publish","hentry"],"_links":{"self":[{"href":"https:\/\/zszil.pl\/index.php\/wp-json\/wp\/v2\/pages\/152","targetHints":{"allow":["GET"]}}],"collection":[{"href":"https:\/\/zszil.pl\/index.php\/wp-json\/wp\/v2\/pages"}],"about":[{"href":"https:\/\/zszil.pl\/index.php\/wp-json\/wp\/v2\/types\/page"}],"author":[{"embeddable":true,"href":"https:\/\/zszil.pl\/index.php\/wp-json\/wp\/v2\/users\/1"}],"replies":[{"embeddable":true,"href":"https:\/\/zszil.pl\/index.php\/wp-json\/wp\/v2\/comments?post=152"}],"version-history":[{"count":1,"href":"https:\/\/zszil.pl\/index.php\/wp-json\/wp\/v2\/pages\/152\/revisions"}],"predecessor-version":[{"id":153,"href":"https:\/\/zszil.pl\/index.php\/wp-json\/wp\/v2\/pages\/152\/revisions\/153"}],"wp:attachment":[{"href":"https:\/\/zszil.pl\/index.php\/wp-json\/wp\/v2\/media?parent=152"}],"curies":[{"name":"wp","href":"https:\/\/api.w.org\/{rel}","templated":true}]}}