{"id":161,"date":"2021-09-29T19:21:34","date_gmt":"2021-09-29T17:21:34","guid":{"rendered":"http:\/\/zszil.pl\/wwwnowev2\/?page_id=161"},"modified":"2022-11-24T18:50:29","modified_gmt":"2022-11-24T17:50:29","slug":"pomoc-psychologiczno-pedagogiczna","status":"publish","type":"page","link":"https:\/\/zszil.pl\/index.php\/pomoc-psychologiczno-pedagogiczna\/","title":{"rendered":"POMOC PSYCHOLOGICZNO-PEDAGOGICZNA"},"content":{"rendered":"\n<p>Szanowni Rodzice, Drodzy Uczniowie,<\/p>\n\n\n\n<p>pomoc psychologiczno-pedagogiczna w Zespole Szk\u00f3\u0142 Zawodowych i Licealnych w Zgorzelcu uregulowana jest w paragrafie 24 Statutu szko\u0142y i wynika z przepis\u00f3w o\u015bwiatowych.<\/p>\n\n\n\n<p>Jeste\u015bmy dla Was dost\u0119pni w ka\u017cdy spos\u00f3b: mo\u017cecie przyj\u015b\u0107 do szko\u0142y, mo\u017cecie zadzwoni\u0107&nbsp;<strong>(tel. (75) 77 524 44 tel. kom. 798 211 387, 509 256 452)<\/strong>, mo\u017cecie napisa\u0107&nbsp;<strong>(szkola@zszil.pl, pedagog@zszil.pl)&nbsp;<\/strong>, mo\u017cecie napisa\u0107 przez dziennik elektroniczny. Jeste\u015bmy dost\u0119pni od poniedzia\u0142ku do pi\u0105tku. <\/p>\n\n\n\n<p>Poni\u017cej podajemy r\u00f3wnie\u017c kontakt do innych instytucji udzielaj\u0105cych pomocy psychologiczno-pedagogicznej:<\/p>\n\n\n\n<p><a href=\"http:\/\/www.zszil.pl\/dokumenty\/Lista%20osrodkow.pdf\">Lista o\u015brodk\u00f3w \u015brodowiskowej opieki psychologicznej i psychoterapeutycznej dla dzieci i m\u0142odzie\u017cy dla wojew\u00f3dztwa dolno\u015bl\u0105skiego<\/a><\/p>\n\n\n\n<p><strong>Dzieci\u0119cy Telefon Zaufania&nbsp;<\/strong>\u2013 800 12 12 12 i dedykowany m\u0142odym ludziom czat internetowy prowadzony przez profesjonalnych psycholog\u00f3w prowadzony na stronie &#8211;&nbsp;<strong>https:\/\/brpd.gov.pl\/sos-czat\/\/.<\/strong><\/p>\n\n\n\n<div data-wp-interactive=\"core\/file\" class=\"wp-block-file\"><object data-wp-bind--hidden=\"!state.hasPdfPreview\" hidden class=\"wp-block-file__embed\" data=\"https:\/\/zszil.pl\/wp-content\/uploads\/2022\/04\/Pismo-do-Dyrektorow-Szkol-1.pdf\" type=\"application\/pdf\" style=\"width:100%;height:600px\" aria-label=\"Osadzone z Osadzone z Pismo do Dyrektor\u00f3w Szk\u00f3\u0142 (1)..\"><\/object><a href=\"https:\/\/zszil.pl\/wp-content\/uploads\/2022\/04\/Pismo-do-Dyrektorow-Szkol-1.pdf\">Pismo do Dyrektor\u00f3w Szk\u00f3\u0142 (1)<\/a><a href=\"https:\/\/zszil.pl\/wp-content\/uploads\/2022\/04\/Pismo-do-Dyrektorow-Szkol-1.pdf\" class=\"wp-block-file__button\" download>Pobierz<\/a><\/div>\n\n\n\n<p><strong>Og\u00f3lnopolskie Pogotowie dla Ofiar Przemocy w Rodzinie &#8222;Niebieska Linia&#8221;<\/strong>&nbsp;nr tel. 22 668 70 00, czynne codziennie: 12:00 &#8211; 18:00<\/p>\n\n\n\n<p><strong>Telefon zaufania dla dzieci i m\u0142odzie\u017cy<\/strong>&nbsp;&#8211; tel. 116 111 (mo\u017cecie dzwoni\u0107 albo pisa\u0107).<br><a href=\"https:\/\/fdds.smarteducation.pl\/pluginfile.php\/697\/course\/section\/631\/116111_promocja_film.mp4\" target=\"_blank\" rel=\"noreferrer noopener\">https:\/\/fdds.smarteducation.pl\/pluginfile.php\/697\/course\/section\/631\/116111_promocja_film.mp4<\/a><\/p>\n\n\n\n<p>Przydatne linki:<\/p>\n\n\n\n<figure class=\"wp-block-embed is-type-wp-embed is-provider-depresje wp-block-embed-depresje\"><div class=\"wp-block-embed__wrapper\">\n<blockquote class=\"wp-embedded-content\" data-secret=\"ubMGuORTNN\"><a href=\"https:\/\/wyleczdepresje.pl\/depresja-mlodziencza\/\">Depresja m\u0142odzie\u0144cza<\/a><\/blockquote><iframe loading=\"lazy\" class=\"wp-embedded-content\" sandbox=\"allow-scripts\" security=\"restricted\" style=\"position: absolute; clip: rect(1px, 1px, 1px, 1px);\" title=\"&#8222;Depresja m\u0142odzie\u0144cza&#8221; &#8212; Depresje\" src=\"https:\/\/wyleczdepresje.pl\/depresja-mlodziencza\/embed\/#?secret=ubMGuORTNN\" data-secret=\"ubMGuORTNN\" width=\"600\" height=\"338\" frameborder=\"0\" marginwidth=\"0\" marginheight=\"0\" scrolling=\"no\"><\/iframe>\n<\/div><\/figure>\n\n\n\n<figure class=\"wp-block-embed is-type-wp-embed is-provider-twarze-depresji wp-block-embed-twarze-depresji\"><div class=\"wp-block-embed__wrapper\">\n<blockquote class=\"wp-embedded-content\" data-secret=\"hOSYC8C6j3\"><a href=\"https:\/\/twarzedepresji.pl\/o-depresji-u-dzieci\/\">O depresji u dzieci<\/a><\/blockquote><iframe loading=\"lazy\" class=\"wp-embedded-content\" sandbox=\"allow-scripts\" security=\"restricted\" style=\"position: absolute; clip: rect(1px, 1px, 1px, 1px);\" title=\"&#8222;O depresji u dzieci&#8221; &#8212; Twarze depresji\" src=\"https:\/\/twarzedepresji.pl\/o-depresji-u-dzieci\/embed\/#?secret=zgTz6wCF0d#?secret=hOSYC8C6j3\" data-secret=\"hOSYC8C6j3\" width=\"600\" height=\"338\" frameborder=\"0\" marginwidth=\"0\" marginheight=\"0\" scrolling=\"no\"><\/iframe>\n<\/div><\/figure>\n\n\n\n<p><a rel=\"noreferrer noopener\" href=\"https:\/\/zwjr.pl\/\" target=\"_blank\">https:\/\/zwjr.pl\/<\/a><a rel=\"noreferrer noopener\" href=\"https:\/\/rpo.gov.pl\/pl\/content\/jak-przetrwac-w-szkole-w-czasie-pandemii-poradnik-dla-uczniow-i-uczennic\" target=\"_blank\"><br><br><strong><u>M\u0142odzie\u017cowy Sejmik Wojew\u00f3dztwa Dolno\u015bl\u0105skiego<\/u><\/strong>&nbsp;Komisja ds. Edukacji M\u0142odzie\u017cowego Sejmiku Wojew\u00f3dztwa Dolno\u015bl\u0105skiego zajmuje si\u0119 dzia\u0142aniem na rzecz poprawy jako\u015bci edukacji w dolno\u015bl\u0105skich szko\u0142ach oraz rozpowszechnianiem wiedzy na temat praw uczniowskich. Jako M\u0142odzie\u017cowy Sejmik Wojew\u00f3dztwa Dolno\u015bl\u0105skiego chcemy pom\u00f3c dolno\u015bl\u0105skim uczniom i uczennicom w ich problemach, dlatego zdecydowali\u015bmy si\u0119 udost\u0119pni\u0107 specjalnego maila &#8211; edukacja@mlodziezowysejmik.pl, na kt\u00f3rego m\u0142odzi ludzie mog\u0105 wysy\u0142a\u0107 swoje problemy i potrzeby zwi\u0105zane z ich szko\u0142\u0105, edukacj\u0105 i prawami ucznia. Nasi Radni b\u0119d\u0105 zajmowa\u0107 si\u0119 analiz\u0105 i rozwi\u0105zywaniem zg\u0142oszonych nam spraw.&nbsp;Kontakt:&nbsp;Marta Koz\u0142owska Wiceprzewodnicz\u0105ca M\u0142odzie\u017cowego Sejmiku Wojew\u00f3dztwa Dolno\u015bl\u0105skiego email: marta.kozlowska@mlodziezowysejmik.pl telefon kontaktowy: +48 782 298 832 www.mlodziezowysejmik.pl\/<br><br>https:\/\/rpo.gov.pl\/pl\/content\/jak-przetrwac-w-szkole-w-czasie-pandemii-poradnik-dla-uczniow-i-uczennic<\/a><\/p>\n\n\n\n<p><\/p>\n\n\n\n<figure class=\"wp-block-image size-full\"><img loading=\"lazy\" decoding=\"async\" width=\"3508\" height=\"2480\" src=\"https:\/\/zszil.pl\/wp-content\/uploads\/2022\/03\/jakrozmawiac.jpg\" alt=\"\" class=\"wp-image-1126\"\/><\/figure>\n\n\n\n<div class=\"wp-block-media-text alignwide is-stacked-on-mobile\"><figure class=\"wp-block-media-text__media\"><\/figure><div class=\"wp-block-media-text__content\">\n<p>Zapraszamy&nbsp;do&nbsp;korzystania&nbsp;w&nbsp;dalszym&nbsp;ci\u0105gu&nbsp;z<br><br>INTERNETOWEJ&nbsp;PLATFORMY&nbsp;<br>SPECJALISTYCZNO-DORADCZEJ<br><br>w&nbsp;ramach&nbsp;PROGRAMU&nbsp;WSPARCIA&nbsp;<br>PSYCHOLOGICZNO-PEDAGOGICZNEGO&nbsp;DLA&nbsp;UCZNI\u00d3W&nbsp;<br>I NAUCZYCIELI&nbsp;dost\u0119pnej&nbsp;pod&nbsp;adresem:&nbsp;<br><a rel=\"noreferrer noopener\" href=\"http:\/\/www.pwpp.uksw.edu.pl\/\" target=\"_blank\">h<\/a><a href=\"http:\/\/www.pwpp.uksw.edu.pl\/\" data-type=\"URL\" data-id=\"http:\/\/www.pwpp.uksw.edu.pl\/\" target=\"_blank\" rel=\"noreferrer noopener\">ttp:\/\/www.pwpp.uksw.edu.pl\/<\/a><br><br>Zar\u00f3wno&nbsp;uczniowie,&nbsp;rodzice,&nbsp;jak&nbsp;i&nbsp;nauczyciele&nbsp;<br>mog\u0105&nbsp;skorzysta\u0107&nbsp;z szerokiego&nbsp;spektrum&nbsp;pomocy&nbsp;i&nbsp;wsparcia,<br>indywidualnych&nbsp;bezp\u0142atnych<br>konsultacji&nbsp;ze&nbsp;specjalistami.<br><br><\/p>\n<\/div><\/div>\n","protected":false},"excerpt":{"rendered":"<p>Szanowni Rodzice, Drodzy Uczniowie, pomoc psychologiczno-pedagogiczna w Zespole Szk\u00f3\u0142 Zawodowych i Licealnych w Zgorzelcu uregulowana jest w paragrafie 24 Statutu szko\u0142y i wynika z przepis\u00f3w o\u015bwiatowych. Jeste\u015bmy dla Was dost\u0119pni w ka\u017cdy spos\u00f3b: mo\u017cecie przyj\u015b\u0107 do szko\u0142y, mo\u017cecie zadzwoni\u0107&nbsp;(tel. (75)&hellip; <a class=\"continue\" href=\"https:\/\/zszil.pl\/index.php\/pomoc-psychologiczno-pedagogiczna\/\">Continue Reading<span> POMOC PSYCHOLOGICZNO-PEDAGOGICZNA<\/span><\/a><\/p>\n","protected":false},"author":1,"featured_media":0,"parent":0,"menu_order":0,"comment_status":"closed","ping_status":"closed","template":"","meta":{"footnotes":""},"class_list":["post-161","page","type-page","status-publish","hentry"],"_links":{"self":[{"href":"https:\/\/zszil.pl\/index.php\/wp-json\/wp\/v2\/pages\/161","targetHints":{"allow":["GET"]}}],"collection":[{"href":"https:\/\/zszil.pl\/index.php\/wp-json\/wp\/v2\/pages"}],"about":[{"href":"https:\/\/zszil.pl\/index.php\/wp-json\/wp\/v2\/types\/page"}],"author":[{"embeddable":true,"href":"https:\/\/zszil.pl\/index.php\/wp-json\/wp\/v2\/users\/1"}],"replies":[{"embeddable":true,"href":"https:\/\/zszil.pl\/index.php\/wp-json\/wp\/v2\/comments?post=161"}],"version-history":[{"count":6,"href":"https:\/\/zszil.pl\/index.php\/wp-json\/wp\/v2\/pages\/161\/revisions"}],"predecessor-version":[{"id":4066,"href":"https:\/\/zszil.pl\/index.php\/wp-json\/wp\/v2\/pages\/161\/revisions\/4066"}],"wp:attachment":[{"href":"https:\/\/zszil.pl\/index.php\/wp-json\/wp\/v2\/media?parent=161"}],"curies":[{"name":"wp","href":"https:\/\/api.w.org\/{rel}","templated":true}]}}