{"id":168,"date":"2021-09-29T19:25:34","date_gmt":"2021-09-29T17:25:34","guid":{"rendered":"http:\/\/zszil.pl\/wwwnowev2\/?page_id=168"},"modified":"2025-03-10T08:14:53","modified_gmt":"2025-03-10T07:14:53","slug":"administracja","status":"publish","type":"page","link":"https:\/\/zszil.pl\/index.php\/administracja\/","title":{"rendered":"Administracja"},"content":{"rendered":"\n<figure class=\"wp-block-table\"><table><tbody><tr><td><strong>Kadry:<\/strong> Karolina Buczek<br><strong>Sekretariat dyr. szko\u0142y:<\/strong> Daria Szyrma<br><strong>Sekretariat ds. uczniowskich:<\/strong> Mariola Osi\u0144ska<br><strong>G\u0142\u00f3wny ksi\u0119gowy:<\/strong> mgr Dorota Tr\u0119bicka<br><strong>Specjalista ds. ksi\u0119gowo\u015bci:<\/strong> Agnieszka Ulczycka<br><strong>Kierownik gospodarczy:<\/strong> Gra\u017cyna Czapska<\/td><\/tr><\/tbody><\/table><\/figure>\n\n\n\n<p><\/p>\n","protected":false},"excerpt":{"rendered":"<p>Kadry: Karolina BuczekSekretariat dyr. szko\u0142y: Daria SzyrmaSekretariat ds. uczniowskich: Mariola Osi\u0144skaG\u0142\u00f3wny ksi\u0119gowy: mgr Dorota Tr\u0119bickaSpecjalista ds. ksi\u0119gowo\u015bci: Agnieszka UlczyckaKierownik gospodarczy: Gra\u017cyna Czapska<\/p>\n","protected":false},"author":1,"featured_media":0,"parent":0,"menu_order":0,"comment_status":"closed","ping_status":"closed","template":"","meta":{"footnotes":""},"class_list":["post-168","page","type-page","status-publish","hentry"],"_links":{"self":[{"href":"https:\/\/zszil.pl\/index.php\/wp-json\/wp\/v2\/pages\/168","targetHints":{"allow":["GET"]}}],"collection":[{"href":"https:\/\/zszil.pl\/index.php\/wp-json\/wp\/v2\/pages"}],"about":[{"href":"https:\/\/zszil.pl\/index.php\/wp-json\/wp\/v2\/types\/page"}],"author":[{"embeddable":true,"href":"https:\/\/zszil.pl\/index.php\/wp-json\/wp\/v2\/users\/1"}],"replies":[{"embeddable":true,"href":"https:\/\/zszil.pl\/index.php\/wp-json\/wp\/v2\/comments?post=168"}],"version-history":[{"count":4,"href":"https:\/\/zszil.pl\/index.php\/wp-json\/wp\/v2\/pages\/168\/revisions"}],"predecessor-version":[{"id":5866,"href":"https:\/\/zszil.pl\/index.php\/wp-json\/wp\/v2\/pages\/168\/revisions\/5866"}],"wp:attachment":[{"href":"https:\/\/zszil.pl\/index.php\/wp-json\/wp\/v2\/media?parent=168"}],"curies":[{"name":"wp","href":"https:\/\/api.w.org\/{rel}","templated":true}]}}