{"id":172,"date":"2021-09-29T19:28:30","date_gmt":"2021-09-29T17:28:30","guid":{"rendered":"http:\/\/zszil.pl\/wwwnowev2\/?page_id=172"},"modified":"2026-03-17T22:51:45","modified_gmt":"2026-03-17T21:51:45","slug":"lista-klas","status":"publish","type":"page","link":"https:\/\/zszil.pl\/index.php\/lista-klas\/","title":{"rendered":"Listy klas"},"content":{"rendered":"\n<figure class=\"wp-block-table\"><table><tbody><tr><td class=\"has-text-align-center\" data-align=\"center\"><strong>Lista klas w Zespole Szk\u00f3\u0142 Zawodowych i Licealnych w Zgorzelcu w roku szkolnym 2025\/2026:<\/strong><\/td><\/tr><\/tbody><\/table><\/figure>\n\n\n\n<hr class=\"wp-block-separator has-css-opacity\"\/>\n\n\n\n<p><br><\/p>\n\n\n\n<p><strong>KLASY I:<\/strong><\/p>\n\n\n\n<figure class=\"wp-block-table\"><table><tbody><tr><td>Klasa 1d<\/td><td> t. elektryk <\/td><td>wychowawca: Magdalena Potoczna<\/td><\/tr><tr><td>Klasa 1i<\/td><td> t. informatyk <\/td><td>wychowawca: Hanna Lech<\/td><\/tr><tr><td>Klasa 1o<\/td><td>t. urz\u0105dze\u0144 i system\u00f3w energetyki odnawialnej <\/td><td>wychowawca: Remigiusz Kowalczyk<\/td><\/tr><tr><td>Klasa 1c<\/td><td>t. grafiki i poligrafii cyfrowej<\/td><td>wychowawca: Remigiusz Kowalczyk<\/td><\/tr><tr><td>Klasa 1t<\/td><td>t. organizacji turystyki<\/td><td>wychowawca: Justyna J\u0119cek<\/td><\/tr><tr><td>Klasa 1d<\/td><td>t.elektryk<\/td><td>wychowawca: Justyna J\u0119cek<\/td><\/tr><tr><td>Klasa 1z<\/td><td> LO \u2013 oddzia\u0142 zdrowotny <\/td><td>wychowawca: Dorota Tymi\u0144ska<\/td><\/tr><\/tbody><\/table><\/figure>\n\n\n\n<p><strong>KLASY II:<\/strong><\/p>\n\n\n\n<figure class=\"wp-block-table\"><table><tbody><tr><td>Klasa 2d<\/td><td>t. elektryk <\/td><td>wychowawca: Robert Soko\u0142owski<\/td><\/tr><tr><td>Klasa 2o<\/td><td>t. urz\u0105dze\u0144 i system\u00f3w energetyki odnawialnej<\/td><td>wychowawca: Robert Soko\u0142owski<\/td><\/tr><tr><td>Klasa 2i<\/td><td>t. informatyk<\/td><td>wychowawca: Martyna Zwoli\u0144ska<\/td><\/tr><tr><td>Klasa 2z<\/td><td>LO \u2013 oddzia\u0142 zdrowotny<\/td><td>wychowawca: Anna Kuriata<\/td><\/tr><\/tbody><\/table><\/figure>\n\n\n\n<hr class=\"wp-block-separator has-css-opacity\"\/>\n\n\n\n<p><strong>KLASY III:<\/strong><\/p>\n\n\n\n<figure class=\"wp-block-table\"><table><tbody><tr><td>Klasa 3c<\/td><td>t. grafiki i poligrafii cyfrowej<\/td><td>wychowawca: Jaros\u0142aw Rajczakowski<\/td><\/tr><tr><td>Klasa 3o<\/td><td>t. urz\u0105dze\u0144 i system\u00f3w energetyki odnawialnej<\/td><td>wychowawca: Marian Krzywonos<\/td><\/tr><tr><td>Klasa 3d<\/td><td>t. elektryk<\/td><td>wychowawca: Marcin Dubrawski<\/td><\/tr><tr><td>Klasa 3i<\/td><td>t. informatyk<\/td><td>wychowawca: Ma\u0142gorzata S\u0142owi\u0144ska<\/td><\/tr><tr><td>Klasa 3t<\/td><td>t. obs\u0142ugi turystycznej<\/td><td>wychowawca: Jadwiga Walczak<\/td><\/tr><tr><td>Klasa 3s<\/td><td>t. ochrony \u015brodowiska<\/td><td>wychowawca: Adrian Granda<\/td><\/tr><tr><td>Klasa 3k<\/td><td>t. elektronik<\/td><td>wychowawca: Adrian Granda<\/td><\/tr><tr><td>Klasa 3z<\/td><td>LO \u2013 oddzia\u0142 zdrowotny<\/td><td>wychowawca: Izabela Wochna<\/td><\/tr><\/tbody><\/table><\/figure>\n\n\n\n<hr class=\"wp-block-separator has-css-opacity\"\/>\n\n\n\n<p><br><strong>KLASY IV:<\/strong><\/p>\n\n\n\n<figure class=\"wp-block-table\"><table><tbody><tr><td>Klasa 4c<\/td><td>t. grafiki i poligrafii cyfrowej<\/td><td>wychowawca: Wioletta Arcimowicz<\/td><\/tr><tr><td>Klasa 4o<\/td><td>t. urz\u0105dze\u0144 i system\u00f3w energetyki odnawialnej<\/td><td>wychowawca: Dorota Florek<\/td><\/tr><tr><td>Klasa 4d<\/td><td>t. elektryk<\/td><td>wychowawca: Agnieszka \u0141uczak<\/td><\/tr><tr><td>Klasa 4i<\/td><td>t. informatyk<\/td><td>wychowawca: Dorota Burda<\/td><\/tr><tr><td>Klasa 4t<\/td><td>t. obs\u0142ugi turystycznej<\/td><td>wychowawca: Ma\u0142gorzata Liedtke<\/td><\/tr><tr><td>Klasa 4z<\/td><td>LO \u2013 oddzia\u0142 zdrowotny<\/td><td>wychowawca: Waldemar Wo\u017aniak<\/td><\/tr><\/tbody><\/table><\/figure>\n\n\n\n<hr class=\"wp-block-separator has-css-opacity\"\/>\n\n\n\n<p><br><strong>KLASY V:<\/strong><\/p>\n\n\n\n<div class=\"wp-block-columns is-layout-flex wp-container-core-columns-is-layout-9d6595d7 wp-block-columns-is-layout-flex\">\n<div class=\"wp-block-column is-layout-flow wp-block-column-is-layout-flow\" style=\"flex-basis:100%\">\n<figure class=\"wp-block-table\"><table><tbody><tr><td>Klasa 5c<\/td><td>t. grafiki i poligrafii cyfrowej<\/td><td>wychowawca: Jolanta Szyma\u0144ska<\/td><\/tr><tr><td>Klasa 5o<\/td><td>t. urz\u0105dze\u0144 i system\u00f3w energetyki odnawialnej<\/td><td>wychowawca: Jolanta Szyma\u0144ska<\/td><\/tr><tr><td>Klasa 5d<\/td><td>t. elektryk<\/td><td>wychowawca: Teresa Jung<\/td><\/tr><tr><td>Klasa 5k<\/td><td>t. elektronik<\/td><td>wychowawca: Teresa Jung<\/td><\/tr><tr><td>Klasa 5i<\/td><td>t. informatyk<\/td><td>wychowawca: Rafa\u0142 Hnitecki<\/td><\/tr><tr><td>Klasa 5t<\/td><td>t. obs\u0142ugi turystycznej<\/td><td>wychowawca: Ewelina Kozio\u0142<\/td><\/tr><tr><td>Klasa 5s<\/td><td>t. ochrony \u015brodowiska<\/td><td>wychowawca: Ewelina Kozio\u0142<\/td><\/tr><\/tbody><\/table><\/figure>\n<\/div>\n<\/div>\n\n\n\n<hr class=\"wp-block-separator has-css-opacity\"\/>\n\n\n\n<p><\/p>\n","protected":false},"excerpt":{"rendered":"<p>Lista klas w Zespole Szk\u00f3\u0142 Zawodowych i Licealnych w Zgorzelcu w roku szkolnym 2025\/2026: KLASY I: Klasa 1d t. elektryk wychowawca: Magdalena Potoczna Klasa 1i t. informatyk wychowawca: Hanna Lech Klasa 1o t. urz\u0105dze\u0144 i system\u00f3w energetyki odnawialnej wychowawca: Remigiusz&hellip; <a class=\"continue\" href=\"https:\/\/zszil.pl\/index.php\/lista-klas\/\">Continue Reading<span> Listy klas<\/span><\/a><\/p>\n","protected":false},"author":1,"featured_media":0,"parent":0,"menu_order":0,"comment_status":"closed","ping_status":"closed","template":"","meta":{"footnotes":""},"class_list":["post-172","page","type-page","status-publish","hentry"],"_links":{"self":[{"href":"https:\/\/zszil.pl\/index.php\/wp-json\/wp\/v2\/pages\/172","targetHints":{"allow":["GET"]}}],"collection":[{"href":"https:\/\/zszil.pl\/index.php\/wp-json\/wp\/v2\/pages"}],"about":[{"href":"https:\/\/zszil.pl\/index.php\/wp-json\/wp\/v2\/types\/page"}],"author":[{"embeddable":true,"href":"https:\/\/zszil.pl\/index.php\/wp-json\/wp\/v2\/users\/1"}],"replies":[{"embeddable":true,"href":"https:\/\/zszil.pl\/index.php\/wp-json\/wp\/v2\/comments?post=172"}],"version-history":[{"count":8,"href":"https:\/\/zszil.pl\/index.php\/wp-json\/wp\/v2\/pages\/172\/revisions"}],"predecessor-version":[{"id":8685,"href":"https:\/\/zszil.pl\/index.php\/wp-json\/wp\/v2\/pages\/172\/revisions\/8685"}],"wp:attachment":[{"href":"https:\/\/zszil.pl\/index.php\/wp-json\/wp\/v2\/media?parent=172"}],"curies":[{"name":"wp","href":"https:\/\/api.w.org\/{rel}","templated":true}]}}