{"id":174,"date":"2021-09-29T19:30:08","date_gmt":"2021-09-29T17:30:08","guid":{"rendered":"http:\/\/zszil.pl\/wwwnowev2\/?page_id=174"},"modified":"2024-12-19T14:04:16","modified_gmt":"2024-12-19T13:04:16","slug":"szkolny-osrodek-kariery","status":"publish","type":"page","link":"https:\/\/zszil.pl\/index.php\/szkolny-osrodek-kariery\/","title":{"rendered":"Ucze\u0144"},"content":{"rendered":"\n<image src=\"https:\/\/th.bing.com\/th\/id\/R.643675c1b5aa9741553ece9875c342c4?rik=eAaP2i3q8qsaoQ&#038;riu=http%3a%2f%2fwww.windowsobserver.com%2fimages%2fblog_images%2fDreamSparkAddsExpressionStudio4_AF3C%2fdreamsparklogo.png&#038;ehk=z7pgEEm%2bwIVqt1jDCcC4UfYV76H8J%2bl9zuwmoD8ywKU%3d&#038;risl=&#038;pid=ImgRaw&#038;r=0\"alt=\"DreamSpark dla uczni\u00f3w ZSZiL\"\/>\n<br>\n<p style='text-align:justify'><font size=\"4\"color=\"green\">Microsoft Imagine &#8211; darmowe oprogramowanie dla szk\u00f3\u0142 oraz uczni\u00f3w kszta\u0142c\u0105cych si\u0119 na kierunku technik informatyk<font><p>\n<br>\n<p style='text-align:justify'><font size=\"3\"color=\"black\">Microsoft Imagine jest programem, dzi\u0119ki kt\u00f3remu uczniowie informatycznych kierunk\u00f3w kszta\u0142cenia w szko\u0142ach \u015brednich i na uczelniach wy\u017cszych otrzymuj\u0105 dost\u0119p do komercyjnego oprogramowania firmy Microsoft bez op\u0142at. Uczestnictwo naszej szko\u0142y w tym programie (od wrze\u015bnia 2016 roku) oznacza dla uczni\u00f3w kszta\u0142c\u0105cych si\u0119 w kierunku  technik informatyk nie tylko mo\u017cliwo\u015b\u0107 wykorzystywania aplikacji w domu, ale r\u00f3wnie\u017c prac\u0119 w szkole na aktualnym oprogramowaniu. <br\/><br>\nOprogramowanie oraz klucze licencyjne mo\u017cna bezp\u0142atnie pobiera\u0107 ze sklepu ELMS for Imagine po zalogowaniu si\u0119 z wykorzystaniem danych autoryzacyjnych otrzymanych od administratora. <br \/> <br>Uczniowie maj\u0105 prawo do zainstalowania dw\u00f3ch kopii oprogramowania na swoich prywatnych komputerach. Po zako\u0144czeniu subskrypcji, w przypadku jej nieprzed\u0142u\u017cenia  uczniowie mog\u0105 zachowa\u0107 oprogramowanie zainstalowane na ich prywatnych komputerach.<font><p>\n<br><br>\n\n<br>\n<br>\n<a href='\/dokumenty\/Dreamspark\/Form konto.pdf' target='blank' rel=\"noopener\"><font color=\"red\">Formularz za\u0142o\u017cenia konta<font><\/a><br>\n<br>\n<a href='\/dokumenty\/Dreamspark\/Instrukcja za konta.pdf' target='blank' rel=\"noopener\"><font color=\"red\">Instrukcja post\u0119powania przy zak\u0142adaniu konta na Imagine<font><\/a><br>\n<br>\n<a href='\/dokumenty\/Dreamspark\/Reg korzystania.pdf' target='blank' rel=\"noopener\"><font color=\"red\">Regulamin korzystania z programu Microsoft Imagine Premium<font><\/a><br>\n","protected":false},"excerpt":{"rendered":"<p>Microsoft Imagine &#8211; darmowe oprogramowanie dla szk\u00f3\u0142 oraz uczni\u00f3w kszta\u0142c\u0105cych si\u0119 na kierunku technik informatyk Microsoft Imagine jest programem, dzi\u0119ki kt\u00f3remu uczniowie informatycznych kierunk\u00f3w kszta\u0142cenia w szko\u0142ach \u015brednich i na uczelniach wy\u017cszych otrzymuj\u0105 dost\u0119p do komercyjnego oprogramowania firmy Microsoft bez&hellip; <a class=\"continue\" href=\"https:\/\/zszil.pl\/index.php\/szkolny-osrodek-kariery\/\">Continue Reading<span> Ucze\u0144<\/span><\/a><\/p>\n","protected":false},"author":1,"featured_media":0,"parent":0,"menu_order":0,"comment_status":"closed","ping_status":"closed","template":"","meta":{"footnotes":""},"class_list":["post-174","page","type-page","status-publish","hentry"],"_links":{"self":[{"href":"https:\/\/zszil.pl\/index.php\/wp-json\/wp\/v2\/pages\/174","targetHints":{"allow":["GET"]}}],"collection":[{"href":"https:\/\/zszil.pl\/index.php\/wp-json\/wp\/v2\/pages"}],"about":[{"href":"https:\/\/zszil.pl\/index.php\/wp-json\/wp\/v2\/types\/page"}],"author":[{"embeddable":true,"href":"https:\/\/zszil.pl\/index.php\/wp-json\/wp\/v2\/users\/1"}],"replies":[{"embeddable":true,"href":"https:\/\/zszil.pl\/index.php\/wp-json\/wp\/v2\/comments?post=174"}],"version-history":[{"count":4,"href":"https:\/\/zszil.pl\/index.php\/wp-json\/wp\/v2\/pages\/174\/revisions"}],"predecessor-version":[{"id":5264,"href":"https:\/\/zszil.pl\/index.php\/wp-json\/wp\/v2\/pages\/174\/revisions\/5264"}],"wp:attachment":[{"href":"https:\/\/zszil.pl\/index.php\/wp-json\/wp\/v2\/media?parent=174"}],"curies":[{"name":"wp","href":"https:\/\/api.w.org\/{rel}","templated":true}]}}