{"id":182,"date":"2021-09-29T19:35:17","date_gmt":"2021-09-29T17:35:17","guid":{"rendered":"http:\/\/zszil.pl\/wwwnowev2\/?page_id=182"},"modified":"2021-11-19T10:04:05","modified_gmt":"2021-11-19T09:04:05","slug":"projekt-comenius","status":"publish","type":"page","link":"https:\/\/zszil.pl\/index.php\/projekt-comenius\/","title":{"rendered":"Projekt Comenius"},"content":{"rendered":"\n<center><strong><a href='http:\/\/www.upemi.pl\/projekty\/praktyk-dzis-zawodowiec-jutro\/' target='_blank' rel=\"noopener\">Projekt realizowany w latach 2019-2021<\/a><\/strong>\n<br \/>\n<br \/>\n<img src='images\/news\/funduszeEUROPEJSKIE.jpg' style='margin:5px' alt='' align='left' \/>\n<img src='images\/news\/dolnySLASK.jpg' style='margin:5px' alt='' align='left' \/>\n<br \/>\n<img src='images\/news\/uniaEUROPEJSKA.jpg' style='margin:5px' alt='' align='left' \/>\n<br \/>\n<br \/>\n<br \/>\n<br \/>\n<br \/>\n<br \/>\n<br \/>\n<br \/>\n<strong>Praktyk dzi\u015b, zawodowiec jutro<\/strong><br \/>\n\nPlanowany okres realizacji: od 01.09.2019 r. do 31.08.2021 r.<br \/>\n <br \/>\n\nProjekt to odpowied\u017a na indywidualnie zdiagnozowane zapotrzebowanie 3 Zespo\u0142\u00f3w Szk\u00f3\u0142 kszta\u0142cenia zawodowego (Technika i Bran\u017cowe Szko\u0142y I stopnia) dla kt\u00f3rych organem prowadz\u0105cym jest Powiat zgorzelecki. W wyniku spotka\u0144 w okresie IX &#8217;18 dyrekcji szk\u00f3\u0142 z reprezentantami Lidera (dalej UPEMI) ustalono najbardziej efektywne rozwi\u0105zania w zakresie zdiagnozowanych potrzeb rozwojowych uczni\u00f3w\/uczennic (U) w obszarze kszta\u0142cenia zawodowego oraz nauczycieli\/ek (N) jak i szk\u00f3\u0142, w tym oczekiwa\u0144 pracodawc\u00f3w i potrzeb lokalnego\/regionalnego rynku pracy (diag.-UPEMI). W efekcie wypracowano koncepcj\u0119 partnerskiego projektu, liderem UPEMI &#8211; organizacja posiadaj\u0105ca bogate do\u015bwiadczenie w zakresie nawi\u0105zywania wsp\u00f3\u0142pracy i kojarzenia szk\u00f3\u0142 z otoczeniem spo\u0142eczno-gospodarczym. Projekt dedykowany jest 671U i 31N ze szk\u00f3\u0142: Zesp\u00f3\u0142 Szk\u00f3\u0142 Ponadpodstawowych w Zgorzelcu (Technikum, Bran\u017cowa Szko\u0142a I Stopnia), Zesp\u00f3\u0142 Szk\u00f3\u0142 Zawodowych i Licealnych w Zgorzelcu (Technikum), Zesp\u00f3\u0142 Szk\u00f3\u0142 w Bogatyni (Technikum). Efektem wsparcia b\u0119dzie nabycie\/podniesienie przez U kompetencji, umiej\u0119tno\u015bci oczekiwanych przez pracodawc\u00f3w lokalnego\/regionalnego rynku pracy. Celem projektu jest dostosowanie kompetencyjne kt\u00f3re, uatrakcyjni ich jako pracownik\u00f3w, tym samym zwi\u0119ksz\u0105 si\u0119 ich szanse na rynku pracy. Dzia\u0142ania powy\u017csze zostan\u0105 wzmocnione poprzez wsparcie nauczycieli\/ek kszta\u0142cenia zawodowego oraz zapewnienie w szko\u0142ach warunk\u00f3w odzwierciedlaj\u0105cych naturalne \u015brodowisko pracy. Za g\u0142\u00f3wne formy wsparcia obrano realizacj\u0119 sta\u017cy zawodowych (w tym dla N), organizacj\u0119 dodatkowych zaj\u0119\u0107\/warsztat\u00f3w\/kurs\u00f3w specjalisty czy zawodowych w tym prowadzonych na uczelniach, doposa\u017cenie pracowni zawodowych oraz dzia\u0142ania ukierunkowane na doskonalenie zawodowe N. Wszystkie formy b\u0119d\u0105 realizowane na ka\u017cdym ich etapie w \u015bcis\u0142ej wsp\u00f3\u0142pracy z otoczeniem spo\u0142eczno-gospodarczym w tym przede wszystkim z pracodawcami.<br \/>\n<br \/>\n\n<strong>Cel g\u0142\u00f3wny:<\/strong> Wzrost efektywno\u015bci nauczania poprzez dostosowanie kompetencji zawodowych 671 uczni\u00f3w\/uczennic(281K) i 31 nauczycieli\/ek(21K) 3 szk\u00f3\u0142 z powiatu zgorzeleckiego, w odpowiedzi na zapotrzebowanie i oczekiwania pracodawc\u00f3w z lokalnych i regionalnego rynku pracy w okresie 01.09.19r.-31.08.2021r. we wsp\u00f3\u0142pracy z otoczeniem spo\u0142.-gospo.<br \/>\n<br \/>\n\n<strong>Cel szczeg\u00f3\u0142owy 1:<\/strong> Podniesienie umiej\u0119tno\u015bci i kompetencji praktycznych zawodowych 537U(230K), we wsp\u00f3\u0142pracy z pracodawcami w obszarze organizacji sta\u017cy.<br \/>\n <br \/>\n\n<strong>Cel szczeg\u00f3\u0142owy 2:<\/strong> Podniesienie umiej\u0119tno\u015bci i kompetencji zawodowych 671U, we wsp\u00f3\u0142pracy z otoczeniem spo\u0142.-gosp. w obszarze realizacji szkole\u0144 i warsztat\u00f3w specjalistycznych.<br \/>\n <br \/>\n\n<strong>Cel szczeg\u00f3\u0142owy 3:<\/strong> Dostosowanie 9 pracowni praktycznych zawodowych do rzeczywistych warunk\u00f3w \u015brodowiska pracy.<br \/>\n <br \/>\n<strong>Cel szczeg\u00f3\u0142owy 4:<\/strong> Podniesienie kompetencji oraz uzyskanie kwalifikacji przez 31 nauczycieli\/ek.<br \/>\n<br \/>\n\nCele te to odpowied\u017a na przeprowadzon\u0105 analiz\u0119 problemow\u0105 ww. szk\u00f3\u0142 w zakresie deficyt\u00f3w\/brak\u00f3w w obszarze nauczania zawodowego i potrzeb U\/N w \u015bcis\u0142ej korelacji z przeprowadzon\u0105 analiz\u0105 potrzeb i oczekiwa\u0144 pracodawc\u00f3w. Zaplanowane dzia\u0142ania stanowi\u0105 uzupe\u0142nienie dotychczasowej oferty szko\u0142y skierowanej do U\/ N. Przyczyni\u0105 si\u0119 one do wyposa\u017cenia U w kompetencje, umiej\u0119tno\u015bci, kt\u00f3re stanowi\u0105 odpowied\u017a na zg\u0142oszone zapotrzebowanie pracodawc\u00f3w, co prze\u0142o\u017cy si\u0119 na ich uatrakcyjnienie jako przysz\u0142ych pracownik\u00f3w, zwi\u0119kszaj\u0105c ich szans\u0119 na rynku pracy.<br \/>\n <br \/>\n\n<strong>Warto\u015b\u0107 projektu: 3 378 802,35 z\u0142. Dofinansowanie: 3 134 362,35 z\u0142, w tym 2 871 981,99 z\u0142 otrzymanych ze \u015brodk\u00f3w Unii Europejskiej.<\/strong>\n\n<\/center>\n\n\n<br>\n<a href='\/dokumenty\/regulaminUPEMI.pdf' target='blank' rel=\"noopener\">Regulamin okre\u015blaj\u0105cy zasady rekrutacji i uczestnictwa w Projekcie nr  RPDS.10.04.01-02-0010\/19\npt.: &#8222;Praktyk dzi\u015b, zawodowiec jutro&#8221;\n<\/a><br>\n<br>\n","protected":false},"excerpt":{"rendered":"<p>Projekt realizowany w latach 2019-2021 Praktyk dzi\u015b, zawodowiec jutro Planowany okres realizacji: od 01.09.2019 r. do 31.08.2021 r. Projekt to odpowied\u017a na indywidualnie zdiagnozowane zapotrzebowanie 3 Zespo\u0142\u00f3w Szk\u00f3\u0142 kszta\u0142cenia zawodowego (Technika i Bran\u017cowe Szko\u0142y I stopnia) dla kt\u00f3rych organem prowadz\u0105cym&hellip; <a class=\"continue\" href=\"https:\/\/zszil.pl\/index.php\/projekt-comenius\/\">Continue Reading<span> Projekt Comenius<\/span><\/a><\/p>\n","protected":false},"author":1,"featured_media":0,"parent":0,"menu_order":0,"comment_status":"closed","ping_status":"closed","template":"","meta":{"footnotes":""},"class_list":["post-182","page","type-page","status-publish","hentry"],"_links":{"self":[{"href":"https:\/\/zszil.pl\/index.php\/wp-json\/wp\/v2\/pages\/182","targetHints":{"allow":["GET"]}}],"collection":[{"href":"https:\/\/zszil.pl\/index.php\/wp-json\/wp\/v2\/pages"}],"about":[{"href":"https:\/\/zszil.pl\/index.php\/wp-json\/wp\/v2\/types\/page"}],"author":[{"embeddable":true,"href":"https:\/\/zszil.pl\/index.php\/wp-json\/wp\/v2\/users\/1"}],"replies":[{"embeddable":true,"href":"https:\/\/zszil.pl\/index.php\/wp-json\/wp\/v2\/comments?post=182"}],"version-history":[{"count":1,"href":"https:\/\/zszil.pl\/index.php\/wp-json\/wp\/v2\/pages\/182\/revisions"}],"predecessor-version":[{"id":183,"href":"https:\/\/zszil.pl\/index.php\/wp-json\/wp\/v2\/pages\/182\/revisions\/183"}],"wp:attachment":[{"href":"https:\/\/zszil.pl\/index.php\/wp-json\/wp\/v2\/media?parent=182"}],"curies":[{"name":"wp","href":"https:\/\/api.w.org\/{rel}","templated":true}]}}