{"id":187,"date":"2021-09-29T19:38:49","date_gmt":"2021-09-29T17:38:49","guid":{"rendered":"http:\/\/zszil.pl\/wwwnowev2\/?page_id=187"},"modified":"2026-02-03T10:41:39","modified_gmt":"2026-02-03T09:41:39","slug":"matura","status":"publish","type":"page","link":"https:\/\/zszil.pl\/index.php\/matura\/","title":{"rendered":"Egzamin maturalny"},"content":{"rendered":"<p>&nbsp;<\/p>\n<table width=\"550px\">\n<tbody>\n<tr>\n<td width=\"550px class=\"><strong>MATURA 2026:<\/strong>\n<p><a href=\"https:\/\/cke.gov.pl\/egzamin-maturalny\/egzamin-maturalny-w-formule-2023\/\"><strong>Egzamin maturalny Formu\u0142a 2023 (po podstaw\u00f3wce)<\/strong><\/a><\/p>\n<\/td>\n<\/tr>\n<\/tbody>\n<\/table>\n<p>&nbsp;<\/p>\n<p><a href=\"https:\/\/cke.gov.pl\/egzamin-maturalny\/egzamin-maturalny-w-formule-2023\/harmonogram-komunikaty-i-informacje\/\">Komunikaty, harmonogram i informacje\u00a0<\/a><\/p>\n<p><a href=\"https:\/\/cke.gov.pl\/images\/_EGZAMIN_MATURALNY_OD_2023\/komunikaty\/2025_2026\/J%C4%98ZYK%20POLSKI_Zadania%20jawne%20na%202026%20r._2027%20r.%20i%202028%20r.%20_KOMUNIKAT.pdf\">Komunikat Dyrektora Centralnej Komisji Egzaminacyjnej w sprawie listy jawnych zada\u0144 w cz\u0119\u015bci ustnej egzaminu maturalnego z j\u0119zyka polskiego w latach 2026 &#8211; 2028<\/a><\/p>\n<p>&nbsp;<\/p>\n<p>&nbsp;<\/p>\n<p><a href=\"https:\/\/zszil.pl\/wp-content\/uploads\/2024\/09\/maturzysci.pptx\">maturzy\u015bci<\/a><\/p>\n<p><a href=\"https:\/\/interviewme.pl\/blog\/kierunki-studiow\" target=\"_blank\" rel=\"noopener\">otouczelnie.pl<\/a><\/p>\n<p><a href=\"https:\/\/www.livecareer.pl\/porady-zawodowe\/kierunki-studiow\" target=\"_blank\" rel=\"noopener\">https:\/\/www.livecareer.pl<\/a><\/p>\n<p><a href=\"https:\/\/interviewme.pl\/blog\/cv-wzor-dla-ucznia\" target=\"_blank\" rel=\"noopener\">Przyk\u0142adowe CV<\/a><\/p>\n<p><a href=\"https:\/\/interviewme.pl\/blog\/list-motywacyjny-wzor\" target=\"_blank\" rel=\"noopener\">Przyk\u0142adowy list motywacyjny<\/a><\/p>\n<p>Wyszukiwarka uczelni &#8211;\u00a0<a href=\"https:\/\/www.pomaturze.pl\/\">https:\/\/www.pomaturze.pl\/<\/a><\/p>\n<p><a href=\"https:\/\/swps.pl\/matura\">Kurs matura SWPS &#8211; https:\/\/swps.pl\/matura<\/a><\/p>\n<p>Stypendia, konkursy, sta\u017ce &#8211;\u00a0<a href=\"https:\/\/www.mojestypendium.pl\/\">https:\/\/www.mojestypendium.pl\/<\/a><\/p>\n<h2 class=\"hP\" tabindex=\"-1\" data-thread-perm-id=\"thread-f:1809888332087042747\" data-legacy-thread-id=\"191e03d94d2c22bb\"><a href=\"https:\/\/salonmaturzystow.pl\/2024\/\" target=\"_blank\" rel=\"noopener\">Salon Maturzyst\u00f3w<\/a><\/h2>\n<p>&nbsp;<\/p>\n\n\n<div class=\"wp-block-file\"><a href=\"https:\/\/zszil.pl\/wp-content\/uploads\/2024\/09\/maturzysci-1.pptx\">maturzysci-1<\/a><a href=\"https:\/\/zszil.pl\/wp-content\/uploads\/2024\/09\/maturzysci-1.pptx\" class=\"wp-block-file__button wp-element-button\" download>Pobierz<\/a><\/div>\n\n\n\n<p><\/p>\n","protected":false},"excerpt":{"rendered":"<p>&nbsp; MATURA 2026: Egzamin maturalny Formu\u0142a 2023 (po podstaw\u00f3wce) &nbsp; Komunikaty, harmonogram i informacje\u00a0 Komunikat Dyrektora Centralnej Komisji Egzaminacyjnej w sprawie listy jawnych zada\u0144 w cz\u0119\u015bci ustnej egzaminu maturalnego z j\u0119zyka polskiego w latach 2026 &#8211; 2028 &nbsp; &nbsp; maturzy\u015bci&hellip; <a class=\"continue\" href=\"https:\/\/zszil.pl\/index.php\/matura\/\">Continue Reading<span> Egzamin maturalny<\/span><\/a><\/p>\n","protected":false},"author":1,"featured_media":0,"parent":0,"menu_order":0,"comment_status":"closed","ping_status":"closed","template":"","meta":{"footnotes":""},"class_list":["post-187","page","type-page","status-publish","hentry"],"_links":{"self":[{"href":"https:\/\/zszil.pl\/index.php\/wp-json\/wp\/v2\/pages\/187","targetHints":{"allow":["GET"]}}],"collection":[{"href":"https:\/\/zszil.pl\/index.php\/wp-json\/wp\/v2\/pages"}],"about":[{"href":"https:\/\/zszil.pl\/index.php\/wp-json\/wp\/v2\/types\/page"}],"author":[{"embeddable":true,"href":"https:\/\/zszil.pl\/index.php\/wp-json\/wp\/v2\/users\/1"}],"replies":[{"embeddable":true,"href":"https:\/\/zszil.pl\/index.php\/wp-json\/wp\/v2\/comments?post=187"}],"version-history":[{"count":42,"href":"https:\/\/zszil.pl\/index.php\/wp-json\/wp\/v2\/pages\/187\/revisions"}],"predecessor-version":[{"id":8311,"href":"https:\/\/zszil.pl\/index.php\/wp-json\/wp\/v2\/pages\/187\/revisions\/8311"}],"wp:attachment":[{"href":"https:\/\/zszil.pl\/index.php\/wp-json\/wp\/v2\/media?parent=187"}],"curies":[{"name":"wp","href":"https:\/\/api.w.org\/{rel}","templated":true}]}}