{"id":189,"date":"2021-09-29T19:39:33","date_gmt":"2021-09-29T17:39:33","guid":{"rendered":"http:\/\/zszil.pl\/wwwnowev2\/?page_id=189"},"modified":"2021-09-29T19:39:33","modified_gmt":"2021-09-29T17:39:33","slug":"studia","status":"publish","type":"page","link":"https:\/\/zszil.pl\/index.php\/studia\/","title":{"rendered":"Studia"},"content":{"rendered":"\n<center><strong>Poni\u017cej prezentujemy oferty edukacyjne uczelni wy\u017cszych:<\/strong><\/center>\n<br \/>\n<strong>Instytut Psychologii Uniwersytetu Wroc\u0142awskiego <\/strong>organizuje w sobot\u0119 16 maja Drzwi Otwarte Online, na kt\u00f3re szczeg\u00f3lnie serdecznie zaprasza uczennice i uczni\u00f3w szk\u00f3\u0142 \u015brednich, zainteresowanych studiowaniem psychologii. Szczeg\u00f3\u0142y wydarzenia znale\u017a\u0107 mo\u017cna pod tym linkiem: <a href='https:\/\/www.facebook.com\/events\/844415806066326\/' target='_blank' rel=\"noopener\">Link<\/a>\n<br \/><br \/>\n<strong>Wirtualne Targi Edukacyjne: <\/strong><a href='https:\/\/www.wirtualnetargiedukacyjne.pl\/rejestracja\/' target='_blank' rel=\"noopener\">Link<\/a>\n<br \/><br \/>\nStudia w <strong>Wy\u017cszej Szkole Bezpiecze\u0144stwa Publicznego i Indywidualnego &#8222;Apeiron&#8221;<\/strong> na kierunku: BEZPIECZE\u0143STWO  WEWN\u0118TRZNE: <a href='https:\/\/apeiron.edu.pl\/studia\/wroclaw\/oferta\/' target='_blank' rel=\"noopener\">Link<\/a>\n<br \/><br \/>\n<br \/>\nRekrutacja na studia na <strong>Uniwersytecie Wroc\u0142awskim:<\/strong><a href='phc.uni.wroc.pl\/rekrutacja' target='_blank' rel=\"noopener\">Link<\/a>,\n<br \/>\n<a href='www.ibi.uni.wroc.pl' target='_blank' rel=\"noopener\">Link<\/a>\n<br \/><br \/>\n<br \/>\n<a href='\/dokumenty\/praca ulotka.pdf' target='blank' rel=\"noopener\"><strong>Rekrutacja do policji<\/strong><\/a><br \/>\n<br>\n<br>\n<a href='https:\/\/www.youtube.com\/channel\/UCYFCojCm4hfUcaxPKQHoYKw' target='_blank' rel=\"noopener\">Kana\u0142 Wydzia\u0142u \nFizyki, Astronomii i Informatyki Stosowanej UMK w Toruniu<\/a>\n<br \/><br \/>\n<strong>Stypendia Pomostowe<\/strong>:<br \/>\n<br \/>\n<a href='\/dokumenty\/pismo.pdf' target='blank' rel=\"noopener\">Pismo w sprawie programu Stypendia Pomostowe<\/a><br \/>\n<br \/>\n<a href='\/dokumenty\/Program.docx' target='blank' rel=\"noopener\">Program Stypendi\u00f3w Pomostowych<\/a><br \/>\n<br \/>\n<a href='\/dokumenty\/Regulamin.docx' target='blank' rel=\"noopener\">Regulamin Programu Stypendi\u00f3w Pomostowych<\/a><br \/>\n<br \/>\n<a href='\/dokumenty\/PLAKAT.pdf' target='blank' rel=\"noopener\">Plakat<\/a><br \/>\n<br \/>\n<strong>Fundacja Edukacyjna im. Jerzego Juzonia<\/strong> 6 lipca 2020 roku rozpocznie rekrutacj\u0119 do 9 Edycji <strong>stypendi\u00f3w akademickich na rok 2020\/2021.<\/strong>\n\n\nCelem Fundacji jest zwi\u0119kszanie szans edukacyjnych m\u0142odzie\u017cy z ma\u0142ych miejscowo\u015bci, realizowane poprzez pomoc finansow\u0105, kt\u00f3ra niejednokrotnie jest jedyn\u0105 szans\u0105 na podj\u0119cie studi\u00f3w wy\u017cszych w wi\u0119kszych miastach: <a href='https:\/\/www.fejj.pl' target='_blank' rel=\"noopener\">Link<\/a><br \/>\n<a href='\/dokumenty\/fejj.jpg' target='blank' rel=\"noopener\">Plakat<\/a><br \/>\n\n","protected":false},"excerpt":{"rendered":"<p>Poni\u017cej prezentujemy oferty edukacyjne uczelni wy\u017cszych: Instytut Psychologii Uniwersytetu Wroc\u0142awskiego organizuje w sobot\u0119 16 maja Drzwi Otwarte Online, na kt\u00f3re szczeg\u00f3lnie serdecznie zaprasza uczennice i uczni\u00f3w szk\u00f3\u0142 \u015brednich, zainteresowanych studiowaniem psychologii. Szczeg\u00f3\u0142y wydarzenia znale\u017a\u0107 mo\u017cna pod tym linkiem: Link Wirtualne&hellip; <a class=\"continue\" href=\"https:\/\/zszil.pl\/index.php\/studia\/\">Continue Reading<span> Studia<\/span><\/a><\/p>\n","protected":false},"author":1,"featured_media":0,"parent":0,"menu_order":0,"comment_status":"closed","ping_status":"closed","template":"","meta":{"footnotes":""},"class_list":["post-189","page","type-page","status-publish","hentry"],"_links":{"self":[{"href":"https:\/\/zszil.pl\/index.php\/wp-json\/wp\/v2\/pages\/189","targetHints":{"allow":["GET"]}}],"collection":[{"href":"https:\/\/zszil.pl\/index.php\/wp-json\/wp\/v2\/pages"}],"about":[{"href":"https:\/\/zszil.pl\/index.php\/wp-json\/wp\/v2\/types\/page"}],"author":[{"embeddable":true,"href":"https:\/\/zszil.pl\/index.php\/wp-json\/wp\/v2\/users\/1"}],"replies":[{"embeddable":true,"href":"https:\/\/zszil.pl\/index.php\/wp-json\/wp\/v2\/comments?post=189"}],"version-history":[{"count":1,"href":"https:\/\/zszil.pl\/index.php\/wp-json\/wp\/v2\/pages\/189\/revisions"}],"predecessor-version":[{"id":190,"href":"https:\/\/zszil.pl\/index.php\/wp-json\/wp\/v2\/pages\/189\/revisions\/190"}],"wp:attachment":[{"href":"https:\/\/zszil.pl\/index.php\/wp-json\/wp\/v2\/media?parent=189"}],"curies":[{"name":"wp","href":"https:\/\/api.w.org\/{rel}","templated":true}]}}