{"id":195,"date":"2021-09-29T19:44:56","date_gmt":"2021-09-29T17:44:56","guid":{"rendered":"http:\/\/zszil.pl\/wwwnowev2\/?page_id=195"},"modified":"2026-04-07T09:23:53","modified_gmt":"2026-04-07T07:23:53","slug":"przedmiotowe-zasady-oceniania","status":"publish","type":"page","link":"https:\/\/zszil.pl\/index.php\/przedmiotowe-zasady-oceniania\/","title":{"rendered":"WYMAGANIA EDUKACYJNE"},"content":{"rendered":"\n<div class=\"wp-block-file\"><a id=\"wp-block-file--media-889b03b6-a445-458f-8707-e31ae64236b8\" href=\"https:\/\/zszil.pl\/wp-content\/uploads\/2026\/03\/Matematyka-klasy-1234-ZP.docx\">Matematyka-klasy-1234-ZP<\/a><a href=\"https:\/\/zszil.pl\/wp-content\/uploads\/2026\/03\/Matematyka-klasy-1234-ZP.docx\" class=\"wp-block-file__button wp-element-button\" download aria-describedby=\"wp-block-file--media-889b03b6-a445-458f-8707-e31ae64236b8\">Pobierz<\/a><\/div>\n\n\n\n<div class=\"wp-block-file\"><a id=\"wp-block-file--media-3d7c695d-864f-4473-ba89-e4b50fcd139c\" href=\"https:\/\/zszil.pl\/wp-content\/uploads\/2026\/03\/Matematyka-klasy-1234-ZR.docx\">Matematyka-klasy-1234-ZR<\/a><a href=\"https:\/\/zszil.pl\/wp-content\/uploads\/2026\/03\/Matematyka-klasy-1234-ZR.docx\" class=\"wp-block-file__button wp-element-button\" download aria-describedby=\"wp-block-file--media-3d7c695d-864f-4473-ba89-e4b50fcd139c\">Pobierz<\/a><\/div>\n\n\n\n<div class=\"wp-block-file\"><a id=\"wp-block-file--media-7d114898-a9fb-4340-92df-fa7ee52f162f\" href=\"https:\/\/zszil.pl\/wp-content\/uploads\/2026\/03\/PZO-z-fizyki-tech-1.docx\">PZO z fizyki tech (1)<\/a><a href=\"https:\/\/zszil.pl\/wp-content\/uploads\/2026\/03\/PZO-z-fizyki-tech-1.docx\" class=\"wp-block-file__button wp-element-button\" download aria-describedby=\"wp-block-file--media-7d114898-a9fb-4340-92df-fa7ee52f162f\">Pobierz<\/a><\/div>\n\n\n\n<div class=\"wp-block-file\"><a id=\"wp-block-file--media-95e48d65-a9e4-4b1c-acfb-43e66d71a1de\" href=\"https:\/\/zszil.pl\/wp-content\/uploads\/2026\/03\/filozofia_wymagania_edukacyjne.docx\">filozofia_wymagania_edukacyjne<\/a><a href=\"https:\/\/zszil.pl\/wp-content\/uploads\/2026\/03\/filozofia_wymagania_edukacyjne.docx\" class=\"wp-block-file__button wp-element-button\" download aria-describedby=\"wp-block-file--media-95e48d65-a9e4-4b1c-acfb-43e66d71a1de\">Pobierz<\/a><\/div>\n\n\n\n<div class=\"wp-block-file\"><a id=\"wp-block-file--media-ea3d6c6c-6834-476e-83e4-ad954a3e8ebc\" href=\"https:\/\/zszil.pl\/wp-content\/uploads\/2026\/03\/Wymagania-edukacyjne-z-przedmiotu-chemia.docx\">Wymagania edukacyjne z przedmiotu chemia<\/a><a href=\"https:\/\/zszil.pl\/wp-content\/uploads\/2026\/03\/Wymagania-edukacyjne-z-przedmiotu-chemia.docx\" class=\"wp-block-file__button wp-element-button\" download aria-describedby=\"wp-block-file--media-ea3d6c6c-6834-476e-83e4-ad954a3e8ebc\">Pobierz<\/a><\/div>\n\n\n\n<div class=\"wp-block-file\"><a id=\"wp-block-file--media-ca79ca4d-bba5-4466-8c8d-e42868f34524\" href=\"https:\/\/zszil.pl\/wp-content\/uploads\/2026\/03\/GEOGRAFIA-1.docx\">GEOGRAFIA (1)<\/a><a href=\"https:\/\/zszil.pl\/wp-content\/uploads\/2026\/03\/GEOGRAFIA-1.docx\" class=\"wp-block-file__button wp-element-button\" download aria-describedby=\"wp-block-file--media-ca79ca4d-bba5-4466-8c8d-e42868f34524\">Pobierz<\/a><\/div>\n\n\n\n<div class=\"wp-block-file\"><a id=\"wp-block-file--media-eb671f10-36fd-4925-9de1-8b8d5deed02e\" href=\"https:\/\/zszil.pl\/wp-content\/uploads\/2026\/03\/Wymagania-edukacyjne-z-informatyki-dla-klasy-I-technikum.doc\">Wymagania edukacyjne z informatyki dla klasy I technikum<\/a><a href=\"https:\/\/zszil.pl\/wp-content\/uploads\/2026\/03\/Wymagania-edukacyjne-z-informatyki-dla-klasy-I-technikum.doc\" class=\"wp-block-file__button wp-element-button\" download aria-describedby=\"wp-block-file--media-eb671f10-36fd-4925-9de1-8b8d5deed02e\">Pobierz<\/a><\/div>\n\n\n\n<div class=\"wp-block-file\"><a id=\"wp-block-file--media-4a876e9e-52b0-4bf8-93d8-64f7a320ef3e\" href=\"https:\/\/zszil.pl\/wp-content\/uploads\/2026\/03\/Wymagania-edukacyjne-z-informatyki-II.doc\">Wymagania edukacyjne z informatyki II<\/a><a href=\"https:\/\/zszil.pl\/wp-content\/uploads\/2026\/03\/Wymagania-edukacyjne-z-informatyki-II.doc\" class=\"wp-block-file__button wp-element-button\" download aria-describedby=\"wp-block-file--media-4a876e9e-52b0-4bf8-93d8-64f7a320ef3e\">Pobierz<\/a><\/div>\n\n\n\n<div class=\"wp-block-file\"><a id=\"wp-block-file--media-696587f3-46d7-4451-925b-497534f1a83a\" href=\"https:\/\/zszil.pl\/wp-content\/uploads\/2026\/03\/Wymagania-edukacyjne-z-informatyki-III.doc\">Wymagania edukacyjne z informatyki III<\/a><a href=\"https:\/\/zszil.pl\/wp-content\/uploads\/2026\/03\/Wymagania-edukacyjne-z-informatyki-III.doc\" class=\"wp-block-file__button wp-element-button\" download aria-describedby=\"wp-block-file--media-696587f3-46d7-4451-925b-497534f1a83a\">Pobierz<\/a><\/div>\n\n\n\n<div class=\"wp-block-file\"><a id=\"wp-block-file--media-17f68ffe-1a1c-4ae5-b2be-326b10290b26\" href=\"https:\/\/zszil.pl\/wp-content\/uploads\/2026\/03\/Przedmiotowe-Zasady-Oceniania-z-jezyka-niemieckiego-1.docx\">Przedmiotowe Zasady Oceniania z j\u0119zyka niemieckiego<\/a><a href=\"https:\/\/zszil.pl\/wp-content\/uploads\/2026\/03\/Przedmiotowe-Zasady-Oceniania-z-jezyka-niemieckiego-1.docx\" class=\"wp-block-file__button wp-element-button\" download aria-describedby=\"wp-block-file--media-17f68ffe-1a1c-4ae5-b2be-326b10290b26\">Pobierz<\/a><\/div>\n\n\n\n<div class=\"wp-block-file\"><a id=\"wp-block-file--media-982de25f-6d63-4f28-a8b7-f2bd3f2a88a6\" href=\"https:\/\/zszil.pl\/wp-content\/uploads\/2026\/03\/szczegolowe-kryteria-oceniania-nowe-Trends-Neu-1.docx\">szczegolowe-kryteria-oceniania-nowe Trends Neu 1<\/a><a href=\"https:\/\/zszil.pl\/wp-content\/uploads\/2026\/03\/szczegolowe-kryteria-oceniania-nowe-Trends-Neu-1.docx\" class=\"wp-block-file__button wp-element-button\" download aria-describedby=\"wp-block-file--media-982de25f-6d63-4f28-a8b7-f2bd3f2a88a6\">Pobierz<\/a><\/div>\n\n\n\n<div class=\"wp-block-file\"><a id=\"wp-block-file--media-bbbd25d9-bebd-4e49-8553-35fae5e94b20\" href=\"https:\/\/zszil.pl\/wp-content\/uploads\/2026\/03\/szczegolowe-kryteria-oceniania-nowe-Trends-Neu-2.docx\">szczegolowe-kryteria-oceniania-nowe Trends Neu 2<\/a><a href=\"https:\/\/zszil.pl\/wp-content\/uploads\/2026\/03\/szczegolowe-kryteria-oceniania-nowe-Trends-Neu-2.docx\" class=\"wp-block-file__button wp-element-button\" download aria-describedby=\"wp-block-file--media-bbbd25d9-bebd-4e49-8553-35fae5e94b20\">Pobierz<\/a><\/div>\n\n\n\n<div class=\"wp-block-file\"><a id=\"wp-block-file--media-4035c581-e003-47ad-bfce-277310d71dff\" href=\"https:\/\/zszil.pl\/wp-content\/uploads\/2026\/03\/szczegolowe-kryteria-oceniania-nowe-Trends-Neu-3.docx\">szczegolowe-kryteria-oceniania-nowe Trends Neu 3<\/a><a href=\"https:\/\/zszil.pl\/wp-content\/uploads\/2026\/03\/szczegolowe-kryteria-oceniania-nowe-Trends-Neu-3.docx\" class=\"wp-block-file__button wp-element-button\" download aria-describedby=\"wp-block-file--media-4035c581-e003-47ad-bfce-277310d71dff\">Pobierz<\/a><\/div>\n\n\n\n<div class=\"wp-block-file\"><a id=\"wp-block-file--media-951dce98-f0fd-4b91-bd77-b7f0d4cc34dd\" href=\"https:\/\/zszil.pl\/wp-content\/uploads\/2026\/03\/PZO-jezyk-angielski-2026.docx\">PZO &#8211; j\u0119zyk angielski &#8211; 2026<\/a><a href=\"https:\/\/zszil.pl\/wp-content\/uploads\/2026\/03\/PZO-jezyk-angielski-2026.docx\" class=\"wp-block-file__button wp-element-button\" download aria-describedby=\"wp-block-file--media-951dce98-f0fd-4b91-bd77-b7f0d4cc34dd\">Pobierz<\/a><\/div>\n\n\n\n<div class=\"wp-block-file\"><a id=\"wp-block-file--media-44688023-7d85-406c-8fc9-e92e9390bc67\" href=\"https:\/\/zszil.pl\/wp-content\/uploads\/2026\/03\/Wymagania-edukacyjne-z-przedmiotu-Biznes-i-zarzadzanie.doc\">Wymagania edukacyjne z przedmiotu Biznes i zarzadzanie<\/a><a href=\"https:\/\/zszil.pl\/wp-content\/uploads\/2026\/03\/Wymagania-edukacyjne-z-przedmiotu-Biznes-i-zarzadzanie.doc\" class=\"wp-block-file__button wp-element-button\" download aria-describedby=\"wp-block-file--media-44688023-7d85-406c-8fc9-e92e9390bc67\">Pobierz<\/a><\/div>\n\n\n\n<div class=\"wp-block-file\"><a id=\"wp-block-file--media-6ab87f6c-cc82-4938-b2aa-654a8fb2a580\" href=\"https:\/\/zszil.pl\/wp-content\/uploads\/2026\/03\/PZO-podst.-dietetyki.doc\">PZO podst. dietetyki<\/a><a href=\"https:\/\/zszil.pl\/wp-content\/uploads\/2026\/03\/PZO-podst.-dietetyki.doc\" class=\"wp-block-file__button wp-element-button\" download aria-describedby=\"wp-block-file--media-6ab87f6c-cc82-4938-b2aa-654a8fb2a580\">Pobierz<\/a><\/div>\n\n\n\n<div class=\"wp-block-file\"><a id=\"wp-block-file--media-89b594b9-0690-4faa-ae94-71e790ab297c\" href=\"https:\/\/zszil.pl\/wp-content\/uploads\/2026\/03\/WYMAGANIA-EDUKACYJNE-EDUKACJA-OBYWATELSKA-1.docx\">WYMAGANIA-EDUKACYJNE-EDUKACJA-OBYWATELSKA (1)<\/a><a href=\"https:\/\/zszil.pl\/wp-content\/uploads\/2026\/03\/WYMAGANIA-EDUKACYJNE-EDUKACJA-OBYWATELSKA-1.docx\" class=\"wp-block-file__button wp-element-button\" download aria-describedby=\"wp-block-file--media-89b594b9-0690-4faa-ae94-71e790ab297c\">Pobierz<\/a><\/div>\n\n\n\n<div class=\"wp-block-file\"><a id=\"wp-block-file--media-70110f83-09c5-493a-899d-955113346d86\" href=\"https:\/\/zszil.pl\/wp-content\/uploads\/2026\/03\/Historia-klasa-1-ZP-.docx\">Historia-klasa-1-ZP-<\/a><a href=\"https:\/\/zszil.pl\/wp-content\/uploads\/2026\/03\/Historia-klasa-1-ZP-.docx\" class=\"wp-block-file__button wp-element-button\" download aria-describedby=\"wp-block-file--media-70110f83-09c5-493a-899d-955113346d86\">Pobierz<\/a><\/div>\n\n\n\n<div class=\"wp-block-file\"><a id=\"wp-block-file--media-51d98690-3345-4a1b-906d-7fe34011329c\" href=\"https:\/\/zszil.pl\/wp-content\/uploads\/2026\/03\/Historia-klasa-1-ZR-.docx\">Historia-klasa-1-ZR-<\/a><a href=\"https:\/\/zszil.pl\/wp-content\/uploads\/2026\/03\/Historia-klasa-1-ZR-.docx\" class=\"wp-block-file__button wp-element-button\" download aria-describedby=\"wp-block-file--media-51d98690-3345-4a1b-906d-7fe34011329c\">Pobierz<\/a><\/div>\n\n\n\n<div class=\"wp-block-file\"><a id=\"wp-block-file--media-f835c124-dbd9-40f9-a40f-207db2ab2099\" href=\"https:\/\/zszil.pl\/wp-content\/uploads\/2026\/03\/Historia-klasa-2-ZP-.docx\">Historia-klasa-2-ZP-<\/a><a href=\"https:\/\/zszil.pl\/wp-content\/uploads\/2026\/03\/Historia-klasa-2-ZP-.docx\" class=\"wp-block-file__button wp-element-button\" download aria-describedby=\"wp-block-file--media-f835c124-dbd9-40f9-a40f-207db2ab2099\">Pobierz<\/a><\/div>\n\n\n\n<div class=\"wp-block-file\"><a id=\"wp-block-file--media-d1a0be52-bdfa-4390-8c65-dcbde8600888\" href=\"https:\/\/zszil.pl\/wp-content\/uploads\/2026\/03\/Historia-klasa-2-ZR-.docx\">Historia-klasa-2-ZR-<\/a><a href=\"https:\/\/zszil.pl\/wp-content\/uploads\/2026\/03\/Historia-klasa-2-ZR-.docx\" class=\"wp-block-file__button wp-element-button\" download aria-describedby=\"wp-block-file--media-d1a0be52-bdfa-4390-8c65-dcbde8600888\">Pobierz<\/a><\/div>\n\n\n\n<div class=\"wp-block-file\"><a id=\"wp-block-file--media-89c551d1-d039-4590-8d22-f78588f00e85\" href=\"https:\/\/zszil.pl\/wp-content\/uploads\/2026\/03\/Historia-klasa-3-ZR.docx\">Historia-klasa-3-ZR<\/a><a href=\"https:\/\/zszil.pl\/wp-content\/uploads\/2026\/03\/Historia-klasa-3-ZR.docx\" class=\"wp-block-file__button wp-element-button\" download aria-describedby=\"wp-block-file--media-89c551d1-d039-4590-8d22-f78588f00e85\">Pobierz<\/a><\/div>\n\n\n\n<div class=\"wp-block-file\"><a id=\"wp-block-file--media-a8450916-4809-48e6-a72d-17e30ce2ce07\" href=\"https:\/\/zszil.pl\/wp-content\/uploads\/2026\/03\/Historia-klasa-4-ZP.docx\">Historia-klasa-4-ZP<\/a><a href=\"https:\/\/zszil.pl\/wp-content\/uploads\/2026\/03\/Historia-klasa-4-ZP.docx\" class=\"wp-block-file__button wp-element-button\" download aria-describedby=\"wp-block-file--media-a8450916-4809-48e6-a72d-17e30ce2ce07\">Pobierz<\/a><\/div>\n\n\n\n<div class=\"wp-block-file\"><a id=\"wp-block-file--media-52a988b3-ee80-4c49-8c63-ca6d188cb948\" href=\"https:\/\/zszil.pl\/wp-content\/uploads\/2026\/03\/Historia-klasa-4-ZR.docx\">Historia-klasa-4-ZR<\/a><a href=\"https:\/\/zszil.pl\/wp-content\/uploads\/2026\/03\/Historia-klasa-4-ZR.docx\" class=\"wp-block-file__button wp-element-button\" download aria-describedby=\"wp-block-file--media-52a988b3-ee80-4c49-8c63-ca6d188cb948\">Pobierz<\/a><\/div>\n\n\n\n<div class=\"wp-block-file\"><a id=\"wp-block-file--media-7cc0dfc8-3e55-4564-b1de-0e271675731b\" href=\"https:\/\/zszil.pl\/wp-content\/uploads\/2026\/03\/Historia-i-terazniejszosc.docx\">Historia-i-terazniejszosc<\/a><a href=\"https:\/\/zszil.pl\/wp-content\/uploads\/2026\/03\/Historia-i-terazniejszosc.docx\" class=\"wp-block-file__button wp-element-button\" download aria-describedby=\"wp-block-file--media-7cc0dfc8-3e55-4564-b1de-0e271675731b\">Pobierz<\/a><\/div>\n\n\n\n<hr class=\"wp-block-separator has-alpha-channel-opacity\"\/>\n\n\n\n<div class=\"wp-block-file\"><a id=\"wp-block-file--media-2e7a4304-97c6-4b0d-94a6-ee804c9bc60a\" href=\"https:\/\/zszil.pl\/wp-content\/uploads\/2026\/03\/Wymagania-edukacyjne-z-przedmiotowymi-zasadami-oceniania-TECHNIK-OCHRONY-SRODOWISKA.docx\">Wymagania edukacyjne z przedmiotowymi zasadami oceniania TECHNIK OCHRONY \u015aRODOWISKA<\/a><a href=\"https:\/\/zszil.pl\/wp-content\/uploads\/2026\/03\/Wymagania-edukacyjne-z-przedmiotowymi-zasadami-oceniania-TECHNIK-OCHRONY-SRODOWISKA.docx\" class=\"wp-block-file__button wp-element-button\" download aria-describedby=\"wp-block-file--media-2e7a4304-97c6-4b0d-94a6-ee804c9bc60a\">Pobierz<\/a><\/div>\n\n\n\n<div class=\"wp-block-file\"><a id=\"wp-block-file--media-d9e00fd7-e3a9-461a-a69f-a39cfa054ef5\" href=\"https:\/\/zszil.pl\/wp-content\/uploads\/2026\/03\/Wymagania-edukacyjne-OZE.docx\">Wymagania edukacyjne OZE<\/a><a href=\"https:\/\/zszil.pl\/wp-content\/uploads\/2026\/03\/Wymagania-edukacyjne-OZE.docx\" class=\"wp-block-file__button wp-element-button\" download aria-describedby=\"wp-block-file--media-d9e00fd7-e3a9-461a-a69f-a39cfa054ef5\">Pobierz<\/a><\/div>\n\n\n\n<div class=\"wp-block-file\"><a id=\"wp-block-file--media-acb2a300-593d-4c3f-8b32-e94fe6f471ee\" href=\"https:\/\/zszil.pl\/wp-content\/uploads\/2026\/03\/Wymagania-edukacyjne-z-przedmiotu-Podejmowanie-turystycznej-dzialalnosci-gospodarczej.doc\">Wymagania edukacyjne z przedmiotu &#8211; Podejmowanie turystycznej dzia\u0142alno\u015bci gospodarczej<\/a><a href=\"https:\/\/zszil.pl\/wp-content\/uploads\/2026\/03\/Wymagania-edukacyjne-z-przedmiotu-Podejmowanie-turystycznej-dzialalnosci-gospodarczej.doc\" class=\"wp-block-file__button wp-element-button\" download aria-describedby=\"wp-block-file--media-acb2a300-593d-4c3f-8b32-e94fe6f471ee\">Pobierz<\/a><\/div>\n\n\n\n<div class=\"wp-block-file\"><a id=\"wp-block-file--media-90d1c549-23e2-4883-b6d0-51e2d40e4c64\" href=\"https:\/\/zszil.pl\/wp-content\/uploads\/2026\/03\/PZO-technik-grafiki-i-poligrafii-cyfrowej.docx\">PZO &#8211; technik grafiki i poligrafii cyfrowej<\/a><a href=\"https:\/\/zszil.pl\/wp-content\/uploads\/2026\/03\/PZO-technik-grafiki-i-poligrafii-cyfrowej.docx\" class=\"wp-block-file__button wp-element-button\" download aria-describedby=\"wp-block-file--media-90d1c549-23e2-4883-b6d0-51e2d40e4c64\">Pobierz<\/a><\/div>\n\n\n\n<div class=\"wp-block-file\"><a id=\"wp-block-file--media-e5e846cd-2f84-41d4-b2e2-626c2f15f89e\" href=\"https:\/\/zszil.pl\/wp-content\/uploads\/2026\/04\/Zasady-Oceniania-Jednostek-Modulowych-technik-informatyk-.docx\">Zasady-Oceniania-Jednostek-Modu\u0142owych- technik informatyk-<\/a><a href=\"https:\/\/zszil.pl\/wp-content\/uploads\/2026\/04\/Zasady-Oceniania-Jednostek-Modulowych-technik-informatyk-.docx\" class=\"wp-block-file__button wp-element-button\" download aria-describedby=\"wp-block-file--media-e5e846cd-2f84-41d4-b2e2-626c2f15f89e\">Pobierz<\/a><\/div>\n\n\n\n<div class=\"wp-block-file\"><a id=\"wp-block-file--media-f39165c9-075c-4459-a7d3-7e7caec3c87a\" href=\"https:\/\/zszil.pl\/wp-content\/uploads\/2026\/03\/PZO-eksploatacja-maszyn-i-urzadzen-elektryczne-25_wymagania-edukacyjne.docx\">PZO eksploatacja maszyn i urz\u0105dze\u0144 elektryczne 25_wymagania edukacyjne<\/a><a href=\"https:\/\/zszil.pl\/wp-content\/uploads\/2026\/03\/PZO-eksploatacja-maszyn-i-urzadzen-elektryczne-25_wymagania-edukacyjne.docx\" class=\"wp-block-file__button wp-element-button\" download aria-describedby=\"wp-block-file--media-f39165c9-075c-4459-a7d3-7e7caec3c87a\">Pobierz<\/a><\/div>\n\n\n\n<div class=\"wp-block-file\"><a id=\"wp-block-file--media-0e20e1b4-288d-4a58-ab66-651564192154\" href=\"https:\/\/zszil.pl\/wp-content\/uploads\/2026\/03\/PZO-maszyny-i-urzadzenia-elektryczne-2025_wymagania-edukacyjne.docx\">PZO maszyny i urz\u0105dzenia elektryczne 2025_wymagania edukacyjne<\/a><a href=\"https:\/\/zszil.pl\/wp-content\/uploads\/2026\/03\/PZO-maszyny-i-urzadzenia-elektryczne-2025_wymagania-edukacyjne.docx\" class=\"wp-block-file__button wp-element-button\" download aria-describedby=\"wp-block-file--media-0e20e1b4-288d-4a58-ab66-651564192154\">Pobierz<\/a><\/div>\n\n\n\n<div class=\"wp-block-file\"><a id=\"wp-block-file--media-f12e6807-7b07-42a2-8098-12782da3df3f\" href=\"https:\/\/zszil.pl\/wp-content\/uploads\/2026\/03\/PZO-przedm.-zawodowe-praktyczne_2025_wymagania-edukacyjne.docx\">PZO przedm. zawodowe praktyczne_2025_wymagania edukacyjne<\/a><a href=\"https:\/\/zszil.pl\/wp-content\/uploads\/2026\/03\/PZO-przedm.-zawodowe-praktyczne_2025_wymagania-edukacyjne.docx\" class=\"wp-block-file__button wp-element-button\" download aria-describedby=\"wp-block-file--media-f12e6807-7b07-42a2-8098-12782da3df3f\">Pobierz<\/a><\/div>\n\n\n\n<div class=\"wp-block-file\"><a id=\"wp-block-file--media-4a80f175-e9a4-4569-9c69-5c2ba0e26656\" href=\"https:\/\/zszil.pl\/wp-content\/uploads\/2026\/03\/pzo-podstwy-elektrotechniki-i-el.doc\">pzo &#8211; podstwy elektrotechniki i el<\/a><a href=\"https:\/\/zszil.pl\/wp-content\/uploads\/2026\/03\/pzo-podstwy-elektrotechniki-i-el.doc\" class=\"wp-block-file__button wp-element-button\" download aria-describedby=\"wp-block-file--media-4a80f175-e9a4-4569-9c69-5c2ba0e26656\">Pobierz<\/a><\/div>\n\n\n\n<div class=\"wp-block-file\"><a id=\"wp-block-file--media-7a9a8c93-5449-4147-bec0-6fee494752e4\" href=\"https:\/\/zszil.pl\/wp-content\/uploads\/2026\/03\/pzo-M3J3mont-instal-kabl.doc\">pzo &#8211; M3J3mont instal kabl<\/a><a href=\"https:\/\/zszil.pl\/wp-content\/uploads\/2026\/03\/pzo-M3J3mont-instal-kabl.doc\" class=\"wp-block-file__button wp-element-button\" download aria-describedby=\"wp-block-file--media-7a9a8c93-5449-4147-bec0-6fee494752e4\">Pobierz<\/a><\/div>\n\n\n\n<div class=\"wp-block-file\"><a id=\"wp-block-file--media-a77f6961-8825-46d9-841d-b9f2afbb7a16\" href=\"https:\/\/zszil.pl\/wp-content\/uploads\/2026\/03\/pzo-M3J2instal-urzel-ektron.doc\">pzo &#8211; M3J2instal urzel ektron<\/a><a href=\"https:\/\/zszil.pl\/wp-content\/uploads\/2026\/03\/pzo-M3J2instal-urzel-ektron.doc\" class=\"wp-block-file__button wp-element-button\" download aria-describedby=\"wp-block-file--media-a77f6961-8825-46d9-841d-b9f2afbb7a16\">Pobierz<\/a><\/div>\n\n\n\n<div class=\"wp-block-file\"><a id=\"wp-block-file--media-5d645f96-0ca4-496c-bcee-82a590c10996\" href=\"https:\/\/zszil.pl\/wp-content\/uploads\/2026\/03\/pzo-M3J1mont-ukl-elektron.doc\">pzo &#8211; M3J1mont ukl elektron<\/a><a href=\"https:\/\/zszil.pl\/wp-content\/uploads\/2026\/03\/pzo-M3J1mont-ukl-elektron.doc\" class=\"wp-block-file__button wp-element-button\" download aria-describedby=\"wp-block-file--media-5d645f96-0ca4-496c-bcee-82a590c10996\">Pobierz<\/a><\/div>\n\n\n\n<div class=\"wp-block-file\"><a id=\"wp-block-file--media-67cfd235-6837-4e47-a9f6-29c25270f63d\" href=\"https:\/\/zszil.pl\/wp-content\/uploads\/2026\/03\/pzo-M4J2Konserwacja-i-naprawy-instalacji-i-urzadzen-elektronicznych.doc\">pzo &#8211; M4J2Konserwacja i naprawy instalacji i urz\u0105dze\u0144 elektronicznych<\/a><a href=\"https:\/\/zszil.pl\/wp-content\/uploads\/2026\/03\/pzo-M4J2Konserwacja-i-naprawy-instalacji-i-urzadzen-elektronicznych.doc\" class=\"wp-block-file__button wp-element-button\" download aria-describedby=\"wp-block-file--media-67cfd235-6837-4e47-a9f6-29c25270f63d\">Pobierz<\/a><\/div>\n\n\n\n<div class=\"wp-block-file\"><a id=\"wp-block-file--media-4e477d79-2df9-426c-ba80-0d38da727711\" href=\"https:\/\/zszil.pl\/wp-content\/uploads\/2026\/03\/pzo-M4J1Uzytkowanie-urzadzen-elektronicznych-oraz-pomiary-sygnalow-i-parametrow-urzadzen.doc\">pzo &#8211; M4J1U\u017cytkowanie urz\u0105dze\u0144 elektronicznych oraz pomiary sygna\u0142\u00f3w i parametr\u00f3w urz\u0105dze\u0144<\/a><a href=\"https:\/\/zszil.pl\/wp-content\/uploads\/2026\/03\/pzo-M4J1Uzytkowanie-urzadzen-elektronicznych-oraz-pomiary-sygnalow-i-parametrow-urzadzen.doc\" class=\"wp-block-file__button wp-element-button\" download aria-describedby=\"wp-block-file--media-4e477d79-2df9-426c-ba80-0d38da727711\">Pobierz<\/a><\/div>\n\n\n\n<center><table width='550px'><tr><td width='550px class='napisy'>\n<strong>PRZEDMIOTOWE ZASADY OCENIANIA:<\/strong><br>\n<br><\/td><\/tr><\/table>\n<center><table width='550px'><tr><td width='550px class='napisy'>\n<strong>Przedmioty og\u00f3lnokszta\u0142c\u0105ce:<\/strong><br>\n<br>\n<a href='http:\/\/www.zszil.pl\/\/dokumenty\/PZO\/polski.pdf' target='blank' rel=\"noopener\">Polski<\/a><br \/>\n<br>\n<a href='http:\/\/www.zszil.pl\/\/dokumenty\/PZO\/PZO mat.pdf' target='blank' rel=\"noopener\">Matematyka<\/a><br \/>\n<br>\n<a href='http:\/\/www.zszil.pl\/\/dokumenty\/PZO\/PZOang.pdf' target='blank' rel=\"noopener\">J\u0119zyk angielski<\/a><br \/>\n<br>\n<a href='http:\/\/www.zszil.pl\/\/dokumenty\/PZO\/niemiecki.pdf' target='blank' rel=\"noopener\">J\u0119zyk niemiecki<\/a><br \/>\n<br>\n<a href='http:\/\/www.zszil.pl\/\/dokumenty\/PZO\/PSO 2 wos.pdf' target='blank' rel=\"noopener\">Wiedza o spo\u0142ecze\u0144stwie dla klas 2<\/a><br \/>\n<br>\n<a href='http:\/\/www.zszil.pl\/\/dokumenty\/PZO\/PSO 3 wos.pdf' target='blank' rel=\"noopener\">Wiedza o spo\u0142ecze\u0144stwie dla klas 3<\/a><br \/>\n<br>\n<br>\n<a href='http:\/\/www.zszil.pl\/\/dokumenty\/PZO\/BIOLOGIA POD.pdf' target='blank' rel=\"noopener\">Biologia &#8211; zakres podstawowy<\/a><br \/>\n<br>\n<a href='http:\/\/www.zszil.pl\/\/dokumenty\/PZO\/BIOLOGIA ROZ.pdf' target='blank' rel=\"noopener\">Biologia &#8211; zakres rozszerzony<\/a><br \/>\n<br>\n<a href='http:\/\/www.zszil.pl\/\/dokumenty\/PZO\/chem podst.pdf' target='blank' rel=\"noopener\">Chemia &#8211; zakres podstawowy<\/a><br \/>\n<br>\n<a href='http:\/\/www.zszil.pl\/\/dokumenty\/PZO\/chem roz.pdf' target='blank' rel=\"noopener\">Chemia &#8211; zakres rozszerzony<\/a><br \/>\n<br>\n<a href='http:\/\/www.zszil.pl\/\/dokumenty\/PZO\/FIZYKA.pdf' target='blank' rel=\"noopener\">Fizyka<\/a><br \/>\n<br>\n<a href='http:\/\/www.zszil.pl\/\/dokumenty\/PZO\/GEOGRAFIA.pdf' target='blank' rel=\"noopener\">Geografia<\/a><br \/>\n<br>\n<a href='http:\/\/www.zszil.pl\/\/dokumenty\/PZO\/WF.pdf' target='blank' rel=\"noopener\">Wychowanie fizyczne<\/a><br \/>\n<br>\n<a href='http:\/\/www.zszil.pl\/\/dokumenty\/PZO\/INFORMATYKA.pdf' target='blank' rel=\"noopener\">Informatyka<\/a><br \/>\n<br>\n<a href='http:\/\/www.zszil.pl\/\/dokumenty\/PZO\/RELIGIA.pdf' target='blank' rel=\"noopener\">Religia<\/a><br \/>\n<br>\n<\/td><\/tr><\/table>\n<br>\n<center><table width='550px'><tr><td width='550px class='napisy'>\n<strong>Przedmioty zawodowe elektryczne:<\/strong><br>\n<br>\n<a href='http:\/\/www.zszil.pl\/\/dokumenty\/PZO\/MASZ URZ ELEKTR.pdf' target='blank' rel=\"noopener\">Maszyny i urz\u0105dzenia elektryczne<\/a><br \/>\n<br>\n<a href='http:\/\/www.zszil.pl\/\/dokumenty\/PZO\/INSTALACJE ELEKTR.pdf' target='blank' rel=\"noopener\">Instalacje elektryczne<\/a><br \/>\n<br>\n<a href='http:\/\/www.zszil.pl\/\/dokumenty\/PZO\/PRAC MASZ URZ ELEKTR.pdf' target='blank' rel=\"noopener\">Pracownia maszyn i urz\u0105dze\u0144 elektrycznych<\/a><br \/>\n<br>\n<a href='http:\/\/www.zszil.pl\/\/dokumenty\/PZO\/prac ekspl masz urzad.pdf' target='blank' rel=\"noopener\">Pracownia eksploatacji maszyn i urz\u0105dze\u0144 elektrycznych<\/a><br \/>\n<br>\n<a href='http:\/\/www.zszil.pl\/\/dokumenty\/PZO\/PZO przedm. zawodowe praktyczne i modu\u0142y (22).pdf' target='blank' rel=\"noopener\">Przedmioty zawodowe praktyczne i modu\u0142y<\/a><br \/>\n<\/td><\/tr><\/table>\n<br>\n<center><table width='550px'><tr><td width='550px class='napisy'>\n<strong>Przedmioty zawodowe turystyczne<\/strong><br>\n<br>\n<a href='http:\/\/www.zszil.pl\/\/dokumenty\/PZO\/geog turyst.pdf' target='blank' rel=\"noopener\">Geografia turystyczna<\/a><br \/>\n<br>\n<\/td><\/tr><\/table>\n<center><table width='550px'><tr><td width='550px class='napisy'>\n<strong>Przedmioty ochrony  \u015brodowiska<\/strong><br>\n<br>\n<a href='http:\/\/www.zszil.pl\/\/dokumenty\/PZO\/PR OCHR SROD.pdf' target='blank' rel=\"noopener\">Pracownia ochrony \u015brodowiska<\/a><br \/>\n<br>\n<a href='http:\/\/www.zszil.pl\/\/dokumenty\/PZO\/mon srod.pdf' target='blank' rel=\"noopener\">Monitoring \u015brodowiska<\/a><br \/>\n<br>\n<\/td><\/tr><\/table>\n\n\n\n<p><\/p>\n","protected":false},"excerpt":{"rendered":"<p>Przedmioty og\u00f3lnokszta\u0142c\u0105ce: Polski Matematyka J\u0119zyk angielski J\u0119zyk niemiecki Wiedza o spo\u0142ecze\u0144stwie dla klas 2 Wiedza o spo\u0142ecze\u0144stwie dla klas 3 Biologia &#8211; zakres podstawowy Biologia &#8211; zakres rozszerzony Chemia &#8211; zakres podstawowy Chemia &#8211; zakres rozszerzony Fizyka Geografia Wychowanie fizyczne&hellip; <a class=\"continue\" href=\"https:\/\/zszil.pl\/index.php\/przedmiotowe-zasady-oceniania\/\">Continue Reading<span> WYMAGANIA EDUKACYJNE<\/span><\/a><\/p>\n","protected":false},"author":1,"featured_media":0,"parent":0,"menu_order":0,"comment_status":"closed","ping_status":"closed","template":"","meta":{"footnotes":""},"class_list":["post-195","page","type-page","status-publish","hentry"],"_links":{"self":[{"href":"https:\/\/zszil.pl\/index.php\/wp-json\/wp\/v2\/pages\/195","targetHints":{"allow":["GET"]}}],"collection":[{"href":"https:\/\/zszil.pl\/index.php\/wp-json\/wp\/v2\/pages"}],"about":[{"href":"https:\/\/zszil.pl\/index.php\/wp-json\/wp\/v2\/types\/page"}],"author":[{"embeddable":true,"href":"https:\/\/zszil.pl\/index.php\/wp-json\/wp\/v2\/users\/1"}],"replies":[{"embeddable":true,"href":"https:\/\/zszil.pl\/index.php\/wp-json\/wp\/v2\/comments?post=195"}],"version-history":[{"count":32,"href":"https:\/\/zszil.pl\/index.php\/wp-json\/wp\/v2\/pages\/195\/revisions"}],"predecessor-version":[{"id":9047,"href":"https:\/\/zszil.pl\/index.php\/wp-json\/wp\/v2\/pages\/195\/revisions\/9047"}],"wp:attachment":[{"href":"https:\/\/zszil.pl\/index.php\/wp-json\/wp\/v2\/media?parent=195"}],"curies":[{"name":"wp","href":"https:\/\/api.w.org\/{rel}","templated":true}]}}