{"id":1960,"date":"2022-09-06T11:56:27","date_gmt":"2022-09-06T09:56:27","guid":{"rendered":"http:\/\/zszil.pl\/?page_id=1960"},"modified":"2025-10-23T08:23:47","modified_gmt":"2025-10-23T06:23:47","slug":"ogloszenia","status":"publish","type":"page","link":"https:\/\/zszil.pl\/index.php\/ogloszenia\/","title":{"rendered":"Og\u0142oszenia"},"content":{"rendered":"\n<p class=\"has-text-align-center\">Og\u0142oszenie Komisji Socjalnej<\/p>\n\n\n\n<p class=\"has-text-align-center\">W zwi\u0105zku z przyznawaniem zapom\u00f3g z okazji \u015awi\u0105t Bo\u017cego Narodzenia<br>prosimy pracownik\u00f3w i by\u0142ych pracownik\u00f3w emeryt\u00f3w i rencist\u00f3w o wype\u0142nienie<br>druku: \u201eWniosek do Komisji Socjalnej ZSZiL w Zgorzelcu o przyznanie<br>zapomogi pieni\u0119\u017cnej\u201d i z\u0142o\u017cenie w sekretariacie szko\u0142y, w terminie do dnia<br>30 listopada 2025 roku.<\/p>\n\n\n\n<p>Druk mo\u017cna pobra\u0107 w sekretariacie szko\u0142y.<\/p>\n\n\n\n<p class=\"has-text-align-center\"><\/p>\n\n\n\n<p><\/p>\n\n\n\n<p class=\"has-text-align-right\">Komisja Socjalna<\/p>\n\n\n\n<p><\/p>\n","protected":false},"excerpt":{"rendered":"<p>Og\u0142oszenie Komisji Socjalnej W zwi\u0105zku z przyznawaniem zapom\u00f3g z okazji \u015awi\u0105t Bo\u017cego Narodzeniaprosimy pracownik\u00f3w i by\u0142ych pracownik\u00f3w emeryt\u00f3w i rencist\u00f3w o wype\u0142nieniedruku: \u201eWniosek do Komisji Socjalnej ZSZiL w Zgorzelcu o przyznaniezapomogi pieni\u0119\u017cnej\u201d i z\u0142o\u017cenie w sekretariacie szko\u0142y, w terminie do&hellip; <a class=\"continue\" href=\"https:\/\/zszil.pl\/index.php\/ogloszenia\/\">Continue Reading<span> Og\u0142oszenia<\/span><\/a><\/p>\n","protected":false},"author":1,"featured_media":0,"parent":0,"menu_order":0,"comment_status":"closed","ping_status":"closed","template":"","meta":{"footnotes":""},"class_list":["post-1960","page","type-page","status-publish","hentry"],"_links":{"self":[{"href":"https:\/\/zszil.pl\/index.php\/wp-json\/wp\/v2\/pages\/1960","targetHints":{"allow":["GET"]}}],"collection":[{"href":"https:\/\/zszil.pl\/index.php\/wp-json\/wp\/v2\/pages"}],"about":[{"href":"https:\/\/zszil.pl\/index.php\/wp-json\/wp\/v2\/types\/page"}],"author":[{"embeddable":true,"href":"https:\/\/zszil.pl\/index.php\/wp-json\/wp\/v2\/users\/1"}],"replies":[{"embeddable":true,"href":"https:\/\/zszil.pl\/index.php\/wp-json\/wp\/v2\/comments?post=1960"}],"version-history":[{"count":10,"href":"https:\/\/zszil.pl\/index.php\/wp-json\/wp\/v2\/pages\/1960\/revisions"}],"predecessor-version":[{"id":7599,"href":"https:\/\/zszil.pl\/index.php\/wp-json\/wp\/v2\/pages\/1960\/revisions\/7599"}],"wp:attachment":[{"href":"https:\/\/zszil.pl\/index.php\/wp-json\/wp\/v2\/media?parent=1960"}],"curies":[{"name":"wp","href":"https:\/\/api.w.org\/{rel}","templated":true}]}}