{"id":197,"date":"2021-09-29T19:46:14","date_gmt":"2021-09-29T17:46:14","guid":{"rendered":"http:\/\/zszil.pl\/wwwnowev2\/?page_id=197"},"modified":"2021-11-19T10:04:05","modified_gmt":"2021-11-19T09:04:05","slug":"mlegitymacja","status":"publish","type":"page","link":"https:\/\/zszil.pl\/index.php\/mlegitymacja\/","title":{"rendered":"mlegitymacja"},"content":{"rendered":"\n <a href='http:\/\/www.zszil.pl\/\/dokumenty\/mlegitymacja.pdf' target='blank' rel=\"noopener\">Instrukcja<\/a><br \/>\n<\/center>\n<br>\n<br>\n<a href='https:\/\/passport-photo.online\/pl' target='_blank' rel=\"noopener\"><strong>https:\/\/passport-photo.online\/pl<\/strong><\/a>\n<br>\n<br>\n<a href='https:\/\/passport-photo.online\/pl\/zdjecie-do-mlegitymacji' target='_blank' rel=\"noopener\">mLegitymacja: Zr\u00f3b zdj\u0119cie Online<\/a>\n<br>\n<br>\n<a href='https:\/\/play.google.com\/store\/apps\/details?id=online.passportphoto.visa.id.app&#038;hl=pl' target='_blank' rel=\"noopener\">mLegitymacja: Zr\u00f3b zdj\u0119cie telefonem<\/a>\n","protected":false},"excerpt":{"rendered":"<p>Instrukcja https:\/\/passport-photo.online\/pl mLegitymacja: Zr\u00f3b zdj\u0119cie Online mLegitymacja: Zr\u00f3b zdj\u0119cie telefonem<\/p>\n","protected":false},"author":1,"featured_media":0,"parent":0,"menu_order":0,"comment_status":"closed","ping_status":"closed","template":"","meta":{"footnotes":""},"class_list":["post-197","page","type-page","status-publish","hentry"],"_links":{"self":[{"href":"https:\/\/zszil.pl\/index.php\/wp-json\/wp\/v2\/pages\/197","targetHints":{"allow":["GET"]}}],"collection":[{"href":"https:\/\/zszil.pl\/index.php\/wp-json\/wp\/v2\/pages"}],"about":[{"href":"https:\/\/zszil.pl\/index.php\/wp-json\/wp\/v2\/types\/page"}],"author":[{"embeddable":true,"href":"https:\/\/zszil.pl\/index.php\/wp-json\/wp\/v2\/users\/1"}],"replies":[{"embeddable":true,"href":"https:\/\/zszil.pl\/index.php\/wp-json\/wp\/v2\/comments?post=197"}],"version-history":[{"count":1,"href":"https:\/\/zszil.pl\/index.php\/wp-json\/wp\/v2\/pages\/197\/revisions"}],"predecessor-version":[{"id":198,"href":"https:\/\/zszil.pl\/index.php\/wp-json\/wp\/v2\/pages\/197\/revisions\/198"}],"wp:attachment":[{"href":"https:\/\/zszil.pl\/index.php\/wp-json\/wp\/v2\/media?parent=197"}],"curies":[{"name":"wp","href":"https:\/\/api.w.org\/{rel}","templated":true}]}}