{"id":199,"date":"2021-09-29T19:48:02","date_gmt":"2021-09-29T17:48:02","guid":{"rendered":"http:\/\/zszil.pl\/wwwnowev2\/?page_id=199"},"modified":"2025-10-15T09:11:40","modified_gmt":"2025-10-15T07:11:40","slug":"ubezpieczenie-uczniow","status":"publish","type":"page","link":"https:\/\/zszil.pl\/index.php\/ubezpieczenie-uczniow\/","title":{"rendered":"Ubezpieczenie uczni\u00f3w"},"content":{"rendered":"\n<p>Szanowni Rodzice, <\/p>\n\n\n\n<p>zamieszczamy cztery polisy na cztery r\u00f3\u017cne sumy ubezpieczenia, czyli cztery sk\u0142adki. Wyb\u00f3r nale\u017cy do Pa\u0144stwa. Dzieci mo\u017cna ubezpiecza\u0107 do ko\u0144ca pa\u017adziernika, polisa obowi\u0105zuje od 1 wrze\u015bnia 2025 r. do 31 sierpnia 2026 r.<\/p>\n\n\n\n<p>sk\u0142adka 70 z\u0142 &#8211; polisa seria EDU-A\/P numer 163443<\/p>\n\n\n\n<p>sk\u0142adka 85 z\u0142 &#8211; polisa seria EDU-A\/P numer 163446<\/p>\n\n\n\n<p>sk\u0142adka 105 z\u0142 &#8211; polisa seria EDU-A\/P numer 163449<\/p>\n\n\n\n<p>sk\u0142adka 180 z\u0142 &#8211; polisa seria EDU-A\/P numer 163451<\/p>\n\n\n\n<p>W razie zdarzenia podlegaj\u0105cemu wyp\u0142acie \u015bwiadczenia kontaktujcie si\u0119 Pa\u0144stwo bezpo\u015brednio z ubezpieczycielem, nie ze szko\u0142\u0105! Formularz zg\u0142oszenia szkody znajduje si\u0119 poni\u017cej. <\/p>\n\n\n\n<p>link do ubezpieczenia <a href=\"https:\/\/klient.interrisk.pl\/EduPlusOnline?u=tzupyjgvc7\">https:\/\/klient.interrisk.pl\/EduPlusOnline?u=tzupyjgvc7<\/a><\/p>\n\n\n\n<p>Opiekun polis &#8211; Pan Jakub Baranowski tel. 691442019, mail: biuro@ubezpieczenia-baranowski.pl<\/p>\n\n\n\n<div data-wp-interactive=\"core\/file\" class=\"wp-block-file\"><object data-wp-bind--hidden=\"!state.hasPdfPreview\" hidden class=\"wp-block-file__embed\" data=\"https:\/\/zszil.pl\/wp-content\/uploads\/2025\/09\/Oferta-ZSZiL.pdf\" type=\"application\/pdf\" style=\"width:100%;height:600px\" aria-label=\"Osadzone z Oferta ZSZiL.\"><\/object><a id=\"wp-block-file--media-4814c26c-686b-419e-b6d7-b3f290cde8b7\" href=\"https:\/\/zszil.pl\/wp-content\/uploads\/2025\/09\/Oferta-ZSZiL.pdf\">Oferta ZSZiL<\/a><a href=\"https:\/\/zszil.pl\/wp-content\/uploads\/2025\/09\/Oferta-ZSZiL.pdf\" class=\"wp-block-file__button wp-element-button\" download aria-describedby=\"wp-block-file--media-4814c26c-686b-419e-b6d7-b3f290cde8b7\">Pobierz<\/a><\/div>\n\n\n\n<div data-wp-interactive=\"core\/file\" class=\"wp-block-file\"><object data-wp-bind--hidden=\"!state.hasPdfPreview\" hidden class=\"wp-block-file__embed\" data=\"https:\/\/zszil.pl\/wp-content\/uploads\/2025\/09\/OWU-EDU-PLUS-obowiazujace-od-26.03.2025r.pdf\" type=\"application\/pdf\" style=\"width:100%;height:600px\" aria-label=\"Osadzone z OWU EDU PLUS obowi\u0105zuj\u0105ce od 26.03.2025r..\"><\/object><a id=\"wp-block-file--media-0e36e318-f93c-4970-bd28-64e4f788894d\" href=\"https:\/\/zszil.pl\/wp-content\/uploads\/2025\/09\/OWU-EDU-PLUS-obowiazujace-od-26.03.2025r.pdf\">OWU EDU PLUS obowi\u0105zuj\u0105ce od 26.03.2025r.<\/a><a href=\"https:\/\/zszil.pl\/wp-content\/uploads\/2025\/09\/OWU-EDU-PLUS-obowiazujace-od-26.03.2025r.pdf\" class=\"wp-block-file__button wp-element-button\" download aria-describedby=\"wp-block-file--media-0e36e318-f93c-4970-bd28-64e4f788894d\">Pobierz<\/a><\/div>\n\n\n\n<p>Zg\u0142oszenie szkody: <a rel=\"noreferrer noopener\" href=\"https:\/\/zgloszenie.interrisk.pl\/osoba\/nnw\/dane-polisy\" target=\"_blank\">https:\/\/zgloszenie.interrisk.pl\/osoba\/nnw\/dane-polisy<\/a><\/p>\n","protected":false},"excerpt":{"rendered":"<p>Szanowni Rodzice, zamieszczamy cztery polisy na cztery r\u00f3\u017cne sumy ubezpieczenia, czyli cztery sk\u0142adki. Wyb\u00f3r nale\u017cy do Pa\u0144stwa. Dzieci mo\u017cna ubezpiecza\u0107 do ko\u0144ca pa\u017adziernika, polisa obowi\u0105zuje od 1 wrze\u015bnia 2025 r. do 31 sierpnia 2026 r. sk\u0142adka 70 z\u0142 &#8211; polisa&hellip; <a class=\"continue\" href=\"https:\/\/zszil.pl\/index.php\/ubezpieczenie-uczniow\/\">Continue Reading<span> Ubezpieczenie uczni\u00f3w<\/span><\/a><\/p>\n","protected":false},"author":1,"featured_media":0,"parent":0,"menu_order":0,"comment_status":"closed","ping_status":"closed","template":"","meta":{"footnotes":""},"class_list":["post-199","page","type-page","status-publish","hentry"],"_links":{"self":[{"href":"https:\/\/zszil.pl\/index.php\/wp-json\/wp\/v2\/pages\/199","targetHints":{"allow":["GET"]}}],"collection":[{"href":"https:\/\/zszil.pl\/index.php\/wp-json\/wp\/v2\/pages"}],"about":[{"href":"https:\/\/zszil.pl\/index.php\/wp-json\/wp\/v2\/types\/page"}],"author":[{"embeddable":true,"href":"https:\/\/zszil.pl\/index.php\/wp-json\/wp\/v2\/users\/1"}],"replies":[{"embeddable":true,"href":"https:\/\/zszil.pl\/index.php\/wp-json\/wp\/v2\/comments?post=199"}],"version-history":[{"count":12,"href":"https:\/\/zszil.pl\/index.php\/wp-json\/wp\/v2\/pages\/199\/revisions"}],"predecessor-version":[{"id":7548,"href":"https:\/\/zszil.pl\/index.php\/wp-json\/wp\/v2\/pages\/199\/revisions\/7548"}],"wp:attachment":[{"href":"https:\/\/zszil.pl\/index.php\/wp-json\/wp\/v2\/media?parent=199"}],"curies":[{"name":"wp","href":"https:\/\/api.w.org\/{rel}","templated":true}]}}