{"id":201,"date":"2021-09-29T19:48:45","date_gmt":"2021-09-29T17:48:45","guid":{"rendered":"http:\/\/zszil.pl\/wwwnowev2\/?page_id=201"},"modified":"2025-09-19T12:32:39","modified_gmt":"2025-09-19T10:32:39","slug":"rada-rodzicow","status":"publish","type":"page","link":"https:\/\/zszil.pl\/index.php\/rada-rodzicow\/","title":{"rendered":"Rada Rodzic\u00f3w"},"content":{"rendered":"\n<p>Informujemy, \u017ce przewodnicz\u0105c\u0105 Rady Rodzic\u00f3w jest Pani Anna Wiernicka.\u00a0<strong>Konto Rady Rodzic\u00f3w: 87 1090 1968 0000 0001 5643 2326<\/strong>\u00a0(w tytule prosz\u0119 poda\u0107 imi\u0119 i nazwisko oraz klas\u0119 ucznia)<\/p>\n","protected":false},"excerpt":{"rendered":"<p>Informujemy, \u017ce przewodnicz\u0105c\u0105 Rady Rodzic\u00f3w jest Pani Anna Wiernicka.\u00a0Konto Rady Rodzic\u00f3w: 87 1090 1968 0000 0001 5643 2326\u00a0(w tytule prosz\u0119 poda\u0107 imi\u0119 i nazwisko oraz klas\u0119 ucznia)<\/p>\n","protected":false},"author":1,"featured_media":0,"parent":0,"menu_order":0,"comment_status":"closed","ping_status":"closed","template":"","meta":{"footnotes":""},"class_list":["post-201","page","type-page","status-publish","hentry"],"_links":{"self":[{"href":"https:\/\/zszil.pl\/index.php\/wp-json\/wp\/v2\/pages\/201","targetHints":{"allow":["GET"]}}],"collection":[{"href":"https:\/\/zszil.pl\/index.php\/wp-json\/wp\/v2\/pages"}],"about":[{"href":"https:\/\/zszil.pl\/index.php\/wp-json\/wp\/v2\/types\/page"}],"author":[{"embeddable":true,"href":"https:\/\/zszil.pl\/index.php\/wp-json\/wp\/v2\/users\/1"}],"replies":[{"embeddable":true,"href":"https:\/\/zszil.pl\/index.php\/wp-json\/wp\/v2\/comments?post=201"}],"version-history":[{"count":4,"href":"https:\/\/zszil.pl\/index.php\/wp-json\/wp\/v2\/pages\/201\/revisions"}],"predecessor-version":[{"id":7343,"href":"https:\/\/zszil.pl\/index.php\/wp-json\/wp\/v2\/pages\/201\/revisions\/7343"}],"wp:attachment":[{"href":"https:\/\/zszil.pl\/index.php\/wp-json\/wp\/v2\/media?parent=201"}],"curies":[{"name":"wp","href":"https:\/\/api.w.org\/{rel}","templated":true}]}}