{"id":2223,"date":"2022-10-24T09:59:32","date_gmt":"2022-10-24T07:59:32","guid":{"rendered":"http:\/\/zszil.pl\/?page_id=2223"},"modified":"2025-09-04T08:43:13","modified_gmt":"2025-09-04T06:43:13","slug":"erasmus-3","status":"publish","type":"page","link":"https:\/\/zszil.pl\/index.php\/erasmus-3\/","title":{"rendered":"ERASMUS +"},"content":{"rendered":"\n<p><strong>Rok szkolny 2023\/2024<\/strong><\/p>\n\n\n\n<p><strong>Miejsce: Pafos, Cypr<\/strong><\/p>\n\n\n\n<p><strong>Rodzaj aktywno\u015bci: praktyki zagraniczne<\/strong><\/p>\n\n\n\n<p><strong>Uczestnicy wyjazdu: 4i, 4d, 4k, 4c, 4o<\/strong><\/p>\n\n\n\n<p><strong>Opiekunowie: Marta Topolnicka, Marzena Dygas-Glapi\u0144ska, Wioletta Arcimowicz, Dorota Burda<\/strong><\/p>\n\n\n\n<figure class=\"wp-block-gallery has-nested-images columns-default is-cropped wp-block-gallery-1 is-layout-flex wp-block-gallery-is-layout-flex\">\n<figure class=\"wp-block-image size-large\"><img loading=\"lazy\" decoding=\"async\" width=\"900\" height=\"1600\" data-id=\"7248\" src=\"https:\/\/zszil.pl\/wp-content\/uploads\/2025\/09\/IMG-20240617-WA0015.jpg\" alt=\"\" class=\"wp-image-7248\" srcset=\"https:\/\/zszil.pl\/wp-content\/uploads\/2025\/09\/IMG-20240617-WA0015.jpg 900w, https:\/\/zszil.pl\/wp-content\/uploads\/2025\/09\/IMG-20240617-WA0015-768x1365.jpg 768w, https:\/\/zszil.pl\/wp-content\/uploads\/2025\/09\/IMG-20240617-WA0015-864x1536.jpg 864w, https:\/\/zszil.pl\/wp-content\/uploads\/2025\/09\/IMG-20240617-WA0015-152x270.jpg 152w\" sizes=\"auto, (max-width: 900px) 100vw, 900px\" \/><\/figure>\n<\/figure>\n\n\n\n<figure class=\"wp-block-gallery has-nested-images columns-default is-cropped wp-block-gallery-2 is-layout-flex wp-block-gallery-is-layout-flex\">\n<figure class=\"wp-block-image size-large\"><img loading=\"lazy\" decoding=\"async\" width=\"1900\" height=\"1425\" data-id=\"7249\" src=\"https:\/\/zszil.pl\/wp-content\/uploads\/2025\/09\/20240616_122223-1900x1425.jpg\" alt=\"\" class=\"wp-image-7249\" srcset=\"https:\/\/zszil.pl\/wp-content\/uploads\/2025\/09\/20240616_122223-1900x1425.jpg 1900w, https:\/\/zszil.pl\/wp-content\/uploads\/2025\/09\/20240616_122223-768x576.jpg 768w, https:\/\/zszil.pl\/wp-content\/uploads\/2025\/09\/20240616_122223-1536x1152.jpg 1536w, https:\/\/zszil.pl\/wp-content\/uploads\/2025\/09\/20240616_122223-2048x1536.jpg 2048w, https:\/\/zszil.pl\/wp-content\/uploads\/2025\/09\/20240616_122223-360x270.jpg 360w\" sizes=\"auto, (max-width: 1900px) 100vw, 1900px\" \/><\/figure>\n<\/figure>\n\n\n\n<p><strong>Rodzaj aktywno\u015bci: &#8222;Europejska szko\u0142a&#8221; &#8211; szkolenie dla nauczycieli<\/strong><\/p>\n\n\n\n<figure class=\"wp-block-gallery has-nested-images columns-default is-cropped wp-block-gallery-3 is-layout-flex wp-block-gallery-is-layout-flex\">\n<figure class=\"wp-block-image size-large\"><img loading=\"lazy\" decoding=\"async\" width=\"1600\" height=\"1200\" data-id=\"7250\" src=\"https:\/\/zszil.pl\/wp-content\/uploads\/2025\/09\/IMG-20240624-WA0009.jpg\" alt=\"\" class=\"wp-image-7250\" srcset=\"https:\/\/zszil.pl\/wp-content\/uploads\/2025\/09\/IMG-20240624-WA0009.jpg 1600w, https:\/\/zszil.pl\/wp-content\/uploads\/2025\/09\/IMG-20240624-WA0009-768x576.jpg 768w, https:\/\/zszil.pl\/wp-content\/uploads\/2025\/09\/IMG-20240624-WA0009-1536x1152.jpg 1536w, https:\/\/zszil.pl\/wp-content\/uploads\/2025\/09\/IMG-20240624-WA0009-360x270.jpg 360w\" sizes=\"auto, (max-width: 1600px) 100vw, 1600px\" \/><\/figure>\n<\/figure>\n\n\n\n<p><strong>Rok szkolny 2022\/2023<\/strong><\/p>\n\n\n\n<p><strong>Uczestnicy wyjazdu: uczniowie klas 4 oP, 4 cP oraz 3st<\/strong><\/p>\n\n\n\n<p><strong>Zawody: technik urz\u0105dze\u0144 i system\u00f3w energetyki odnawialnej, technik grafiki i poligrafii cyfrowej, technik organizacji turystyki, technik ochrony \u015brodowiska<\/strong><\/p>\n\n\n\n<p><strong>Opiekunowie: Martyna Zwoli\u0144ska, Justyna J\u0119cek<\/strong><\/p>\n\n\n\n<p><strong>&nbsp;&nbsp;&nbsp;&nbsp;&nbsp;&nbsp;&nbsp;&nbsp;&nbsp;&nbsp;&nbsp;&nbsp;&nbsp;&nbsp;&nbsp;&nbsp;&nbsp;&nbsp;&nbsp;&nbsp;&nbsp;&nbsp;&nbsp; &nbsp;&nbsp;&nbsp;S\u0142awomir Hekert, Wojciech Warszawski<\/strong><\/p>\n\n\n\n<p><strong>Termin praktyki: 01.05.23 r. \u2013 26.05.23 r.<\/strong><\/p>\n\n\n\n<p><strong>Miejsce: Bolonia (W\u0142ochy)<\/strong><\/p>\n\n\n\n<figure class=\"wp-block-image size-full\"><img loading=\"lazy\" decoding=\"async\" width=\"900\" height=\"1600\" src=\"https:\/\/zszil.pl\/wp-content\/uploads\/2023\/06\/1.jpg\" alt=\"\" class=\"wp-image-3367\"\/><\/figure>\n\n\n\n<figure class=\"wp-block-image size-full\"><img loading=\"lazy\" decoding=\"async\" width=\"2048\" height=\"1536\" src=\"https:\/\/zszil.pl\/wp-content\/uploads\/2023\/06\/2.jpg\" alt=\"\" class=\"wp-image-3368\"\/><\/figure>\n\n\n\n<p><strong>Praktyka zawodowa w ramach projektu Erasmus +<\/strong><\/p>\n\n\n\n<figure class=\"wp-block-image size-full\"><img loading=\"lazy\" decoding=\"async\" width=\"1500\" height=\"1125\" src=\"https:\/\/zszil.pl\/wp-content\/uploads\/2023\/06\/3.jpg\" alt=\"\" class=\"wp-image-3369\"\/><\/figure>\n\n\n\n<figure class=\"wp-block-image size-full\"><img loading=\"lazy\" decoding=\"async\" width=\"900\" height=\"1600\" src=\"https:\/\/zszil.pl\/wp-content\/uploads\/2023\/06\/5-1.jpg\" alt=\"\" class=\"wp-image-3370\"\/><\/figure>\n\n\n\n<figure class=\"wp-block-image size-full\"><img loading=\"lazy\" decoding=\"async\" width=\"1200\" height=\"1600\" src=\"https:\/\/zszil.pl\/wp-content\/uploads\/2023\/06\/6.jpg\" alt=\"\" class=\"wp-image-3371\"\/><\/figure>\n\n\n\n<hr class=\"wp-block-separator has-css-opacity\"\/>\n\n\n\n<p><strong>Praktyka zawodowa w ramach projektu Erasmus +<\/strong><\/p>\n\n\n\n<p><strong>Termin praktyki: 07.03.22 r. \u2013 03.04.22 r.<\/strong><\/p>\n\n\n\n<p><strong>Miejsce: Fuerteventura \u2013 Wyspy Kanaryjskie (Hiszpania)<\/strong><\/p>\n\n\n\n<figure class=\"wp-block-image size-full\"><img loading=\"lazy\" decoding=\"async\" width=\"480\" height=\"640\" src=\"https:\/\/zszil.pl\/wp-content\/uploads\/2022\/10\/1-1.jpg\" alt=\"\" class=\"wp-image-2225\"\/><\/figure>\n\n\n\n<figure class=\"wp-block-image size-full\"><img loading=\"lazy\" decoding=\"async\" width=\"640\" height=\"480\" src=\"https:\/\/zszil.pl\/wp-content\/uploads\/2022\/10\/2.jpg\" alt=\"\" class=\"wp-image-2226\"\/><\/figure>\n\n\n\n<figure class=\"wp-block-image size-full\"><img loading=\"lazy\" decoding=\"async\" width=\"640\" height=\"480\" src=\"https:\/\/zszil.pl\/wp-content\/uploads\/2022\/10\/3.jpg\" alt=\"\" class=\"wp-image-2227\"\/><\/figure>\n\n\n\n<figure class=\"wp-block-image size-full\"><img loading=\"lazy\" decoding=\"async\" width=\"640\" height=\"480\" src=\"https:\/\/zszil.pl\/wp-content\/uploads\/2022\/10\/4.jpg\" alt=\"\" class=\"wp-image-2228\"\/><\/figure>\n\n\n\n<p><strong>Uczestnicy wyjazdu: uczniowie klas 3 coG<\/strong><\/p>\n\n\n\n<p><strong>Zawody: technik urz\u0105dze\u0144 i system\u00f3w energetyki odnawialnej, technik grafiki i poligrafii cyfrowej<\/strong><\/p>\n\n\n\n<p><strong>Opiekunowie: Martyna Zwoli\u0144ska, Wioletta Arcimowicz<\/strong><\/p>\n\n\n\n<hr class=\"wp-block-separator has-css-opacity is-style-wide\"\/>\n\n\n\n<p><strong>Termin praktyki: 05.06.22 r. \u2013 03.07.22 r.<\/strong><\/p>\n\n\n\n<p><strong>Miejsce: Bolonia (W\u0142ochy)<\/strong><\/p>\n\n\n\n<figure class=\"wp-block-image size-full\"><img loading=\"lazy\" decoding=\"async\" width=\"600\" height=\"337\" src=\"https:\/\/zszil.pl\/wp-content\/uploads\/2022\/10\/6.jpg\" alt=\"\" class=\"wp-image-2230\"\/><\/figure>\n\n\n\n<figure class=\"wp-block-image size-full\"><img loading=\"lazy\" decoding=\"async\" width=\"600\" height=\"337\" src=\"https:\/\/zszil.pl\/wp-content\/uploads\/2022\/10\/5.jpg\" alt=\"\" class=\"wp-image-2229\"\/><\/figure>\n\n\n\n<figure class=\"wp-block-image size-full\"><img loading=\"lazy\" decoding=\"async\" width=\"1600\" height=\"720\" src=\"https:\/\/zszil.pl\/wp-content\/uploads\/2022\/10\/7.jpg\" alt=\"\" class=\"wp-image-2231\"\/><\/figure>\n\n\n\n<p><strong>Uczestnicy wyjazdu: uczniowie klas 3 diP, 3 tskP oraz 2t<\/strong><\/p>\n\n\n\n<p><strong>Zawody: technik informatyk, technik elektryk, technik organizacji turystyki, technik ochrony \u015brodowiska<\/strong><\/p>\n\n\n\n<p><strong>Opiekunowie: Marta Topolnicka, Marzena Dygas \u2013 Glapi\u0144ska,<\/strong> <strong>Jolanta Szyma\u0144ska, Hanna Lech<\/strong><\/p>\n\n\n\n<hr class=\"wp-block-separator has-css-opacity is-style-wide\"\/>\n\n\n\n<p><strong>Termin praktyki: 24.10.21 r. \u2013 21.11.21 r.<\/strong><\/p>\n\n\n\n<p><strong>Miejsce: Faenza (W\u0142ochy)<\/strong><\/p>\n\n\n\n<figure class=\"wp-block-image size-full\"><img loading=\"lazy\" decoding=\"async\" width=\"1600\" height=\"1200\" src=\"https:\/\/zszil.pl\/wp-content\/uploads\/2022\/10\/8.jpg\" alt=\"\" class=\"wp-image-2232\"\/><\/figure>\n\n\n\n<p><strong>Uczestnicy wyjazdu: uczniowie klas 3 diG oraz 3 tsG&nbsp;&nbsp;&nbsp;&nbsp;<\/strong><\/p>\n\n\n\n<p><strong>Zawody: technik informatyk, technik elektryk, technik organizacji turystyki, technik ochrony \u015brodowiska<\/strong><\/p>\n\n\n\n<p><strong>Opiekunowie: S\u0142awomir Hekert, Monika Chojnacka<\/strong><\/p>\n","protected":false},"excerpt":{"rendered":"<p>Rok szkolny 2023\/2024 Miejsce: Pafos, Cypr Rodzaj aktywno\u015bci: praktyki zagraniczne Uczestnicy wyjazdu: 4i, 4d, 4k, 4c, 4o Opiekunowie: Marta Topolnicka, Marzena Dygas-Glapi\u0144ska, Wioletta Arcimowicz, Dorota Burda Rodzaj aktywno\u015bci: &#8222;Europejska szko\u0142a&#8221; &#8211; szkolenie dla nauczycieli Rok szkolny 2022\/2023 Uczestnicy wyjazdu: uczniowie&hellip; <a class=\"continue\" href=\"https:\/\/zszil.pl\/index.php\/erasmus-3\/\">Continue Reading<span> ERASMUS +<\/span><\/a><\/p>\n","protected":false},"author":1,"featured_media":0,"parent":0,"menu_order":0,"comment_status":"closed","ping_status":"closed","template":"","meta":{"footnotes":""},"class_list":["post-2223","page","type-page","status-publish","hentry"],"_links":{"self":[{"href":"https:\/\/zszil.pl\/index.php\/wp-json\/wp\/v2\/pages\/2223","targetHints":{"allow":["GET"]}}],"collection":[{"href":"https:\/\/zszil.pl\/index.php\/wp-json\/wp\/v2\/pages"}],"about":[{"href":"https:\/\/zszil.pl\/index.php\/wp-json\/wp\/v2\/types\/page"}],"author":[{"embeddable":true,"href":"https:\/\/zszil.pl\/index.php\/wp-json\/wp\/v2\/users\/1"}],"replies":[{"embeddable":true,"href":"https:\/\/zszil.pl\/index.php\/wp-json\/wp\/v2\/comments?post=2223"}],"version-history":[{"count":3,"href":"https:\/\/zszil.pl\/index.php\/wp-json\/wp\/v2\/pages\/2223\/revisions"}],"predecessor-version":[{"id":7251,"href":"https:\/\/zszil.pl\/index.php\/wp-json\/wp\/v2\/pages\/2223\/revisions\/7251"}],"wp:attachment":[{"href":"https:\/\/zszil.pl\/index.php\/wp-json\/wp\/v2\/media?parent=2223"}],"curies":[{"name":"wp","href":"https:\/\/api.w.org\/{rel}","templated":true}]}}