{"id":2813,"date":"2023-03-01T13:15:33","date_gmt":"2023-03-01T12:15:33","guid":{"rendered":"http:\/\/zszil.pl\/?page_id=2813"},"modified":"2023-05-31T08:01:04","modified_gmt":"2023-05-31T06:01:04","slug":"godziny-dzwonkow","status":"publish","type":"page","link":"https:\/\/zszil.pl\/index.php\/godziny-dzwonkow\/","title":{"rendered":"Godziny dzwonk\u00f3w"},"content":{"rendered":"\n<figure class=\"wp-block-table is-style-regular\"><table class=\"has-navy-blue-color has-light-gray-background-color has-text-color has-background has-fixed-layout\"><tbody><tr><th>Numer lekcji<\/th><th>Pocz\u0105tek<\/th><th>Koniec<\/th><\/tr><tr><td>1<\/td><td>08:00<\/td><td>08:45<\/td><\/tr><tr><td>2<\/td><td>08:50<\/td><td>09:35<\/td><\/tr><tr><td>3<\/td><td>09:40<\/td><td>10:25<\/td><\/tr><tr><td>4<\/td><td>10:45<\/td><td>11:30<\/td><\/tr><tr><td>5<\/td><td>11:35<\/td><td>12:20<\/td><\/tr><tr><td>6<\/td><td>12:30<\/td><td>13:15<\/td><\/tr><tr><td>7<\/td><td>13:25<\/td><td>14:10<\/td><\/tr><tr><td>8<\/td><td>14:15<\/td><td>15:00<\/td><\/tr><tr><td>9<\/td><td>15:05<\/td><td>15:50<\/td><\/tr><\/tbody><\/table><\/figure>\n\n\n\n<p class=\"has-navy-blue-color has-text-color\" style=\"font-size:18px\">Godziny dzwonk\u00f3w &#8211; lekcje skr\u00f3cone<\/p>\n\n\n\n<figure class=\"wp-block-table is-style-stripes\"><table class=\"has-navy-blue-color has-green-background-color has-text-color has-background has-fixed-layout\"><tbody><tr><th>Numer lekcji<\/th><th>Pocz\u0105tek<\/th><th>Koniec<\/th><\/tr><tr><td>1<\/td><td>08:00<\/td><td>08:30<\/td><\/tr><tr><td>2<\/td><td>08:35<\/td><td>09:05<\/td><\/tr><tr><td>3<\/td><td>09:10<\/td><td>09:40<\/td><\/tr><tr><td>4<\/td><td>09:50<\/td><td>10:20<\/td><\/tr><tr><td>5<\/td><td>10:40<\/td><td>11:10<\/td><\/tr><tr><td>6<\/td><td>11:20<\/td><td>11:50<\/td><\/tr><tr><td>7<\/td><td>12:00<\/td><td>12:30<\/td><\/tr><tr><td>8<\/td><td>12:40<\/td><td>13:10<\/td><\/tr><tr><td>9<\/td><td>13:15<\/td><td>13:45<\/td><\/tr><\/tbody><\/table><\/figure>\n","protected":false},"excerpt":{"rendered":"<p>Numer lekcji Pocz\u0105tek Koniec 1 08:00 08:45 2 08:50 09:35 3 09:40 10:25 4 10:45 11:30 5 11:35 12:20 6 12:30 13:15 7 13:25 14:10 8 14:15 15:00 9 15:05 15:50 Godziny dzwonk\u00f3w &#8211; lekcje skr\u00f3cone Numer lekcji Pocz\u0105tek Koniec&hellip; <a class=\"continue\" href=\"https:\/\/zszil.pl\/index.php\/godziny-dzwonkow\/\">Continue Reading<span> Godziny dzwonk\u00f3w<\/span><\/a><\/p>\n","protected":false},"author":1,"featured_media":0,"parent":0,"menu_order":0,"comment_status":"closed","ping_status":"closed","template":"","meta":{"footnotes":""},"class_list":["post-2813","page","type-page","status-publish","hentry"],"_links":{"self":[{"href":"https:\/\/zszil.pl\/index.php\/wp-json\/wp\/v2\/pages\/2813","targetHints":{"allow":["GET"]}}],"collection":[{"href":"https:\/\/zszil.pl\/index.php\/wp-json\/wp\/v2\/pages"}],"about":[{"href":"https:\/\/zszil.pl\/index.php\/wp-json\/wp\/v2\/types\/page"}],"author":[{"embeddable":true,"href":"https:\/\/zszil.pl\/index.php\/wp-json\/wp\/v2\/users\/1"}],"replies":[{"embeddable":true,"href":"https:\/\/zszil.pl\/index.php\/wp-json\/wp\/v2\/comments?post=2813"}],"version-history":[{"count":4,"href":"https:\/\/zszil.pl\/index.php\/wp-json\/wp\/v2\/pages\/2813\/revisions"}],"predecessor-version":[{"id":3339,"href":"https:\/\/zszil.pl\/index.php\/wp-json\/wp\/v2\/pages\/2813\/revisions\/3339"}],"wp:attachment":[{"href":"https:\/\/zszil.pl\/index.php\/wp-json\/wp\/v2\/media?parent=2813"}],"curies":[{"name":"wp","href":"https:\/\/api.w.org\/{rel}","templated":true}]}}