{"id":323,"date":"2021-10-27T11:48:31","date_gmt":"2021-10-27T09:48:31","guid":{"rendered":"http:\/\/zszil.pl\/wwwnowev2\/?page_id=323"},"modified":"2021-11-19T10:04:04","modified_gmt":"2021-11-19T09:04:04","slug":"e-dziennik-pierwsze-logowanie","status":"publish","type":"page","link":"https:\/\/zszil.pl\/index.php\/e-dziennik-pierwsze-logowanie\/","title":{"rendered":"E-dziennik &#8211; pierwsze logowanie"},"content":{"rendered":"\n<p><\/p>\n\n\n\n<p>Jak po raz pierwszy zalogowa\u0107 si\u0119 do systemu UONET+?<\/p>\n\n\n\n<p>Aby u\u017cytkownik m\u00f3g\u0142 zalogowa\u0107 si\u0119 do systemu <em>UONET+<\/em>, musz\u0105 by\u0107 wprowadzone do systemu jego dane, w szczeg\u00f3lno\u015bci: imi\u0119 i nazwisko oraz adres e-mail.<\/p>\n\n\n\n<p>Dane u\u017cytkownik\u00f3w wprowadza do systemu:<\/p>\n\n\n\n<ul class=\"wp-block-list\"><li>administrator systemu \u2013 w przypadku pracownik\u00f3w szko\u0142y,<\/li><li>sekretarz szko\u0142y lub wychowawca oddzia\u0142u \u2013 w przypadku uczni\u00f3w i ich rodzic\u00f3w.<\/li><\/ul>\n\n\n\n<p>Podczas pierwszego logowania do systemu ka\u017cdy u\u017cytkownik musi przeprowadzi\u0107 procedur\u0119 zak\u0142adania (lub aktywacji) konta, kt\u00f3ra wi\u0105\u017ce si\u0119 z utworzeniem has\u0142a dost\u0119pu do systemu.<\/p>\n\n\n\n<p><strong>Zak\u0142adanie konta podczas pierwszego logowania do systemu<\/strong><\/p>\n\n\n\n<ol class=\"wp-block-list\" type=\"1\"><li>Uruchom przegl\u0105dark\u0119 stron internetowych, wprowad\u017a adres strony startowej witryny systemu i na-ci\u015bnij klawisz Enter.<\/li><\/ol>\n\n\n\n<p>Adres strony startowej witryny systemu przekazuje u\u017cytkownikom szko\u0142a. Adres ten ma posta\u0107:<strong> https:\/\/uonetplus.vulcan.net.pl\/[nazwa lokalizacji]<\/strong><\/p>\n\n\n\n<p>i jest wsp\u00f3lny dla wszystkich szk\u00f3\u0142 obs\u0142ugiwanych przez system, przy czym jedna lokalizacja systemu mo\u017ce obs\u0142ugiwa\u0107 pojedyncz\u0105 szko\u0142\u0119, zesp\u00f3\u0142 szk\u00f3\u0142 lub wiele szk\u00f3\u0142\/zespo\u0142\u00f3w w jednostce samorz\u0105du terytorialnego.<\/p>\n\n\n\n<ul class=\"wp-block-list\"><li>Na stronie startowej kliknij przycisk Zaloguj si\u0119 \u2013 wy\u015bwietli si\u0119 strona logowania do systemu.<\/li><\/ul>\n\n\n\n<ul class=\"wp-block-list\"><li>W oknie logowania kliknij odno\u015bnik Za\u0142\u00f3\u017c konto.<\/li><\/ul>\n\n\n\n<figure class=\"wp-block-image size-full\"><img loading=\"lazy\" decoding=\"async\" width=\"564\" height=\"384\" src=\"https:\/\/zszil.pl\/wwwnowev2\/wp-content\/uploads\/2021\/10\/1.png\" alt=\"\" class=\"wp-image-324\"\/><\/figure>\n\n\n\n<p><strong><br><\/strong><\/p>\n\n\n\n<ul class=\"wp-block-list\"><li>W oknie Tworzenie konta wpisz sw\u00f3j adres e-mail, zaznacz opcj\u0119 Nie jestem robotem, a nast\u0119pnie kliknij przycisk Wy\u015blij wiadomo\u015b\u0107.<\/li><\/ul>\n\n\n\n<p>Nale\u017cy wprowadzi\u0107 ten sam adres e-mail, kt\u00f3ry zosta\u0142 wcze\u015bniej wprowadzony do bazy systemu <em>UONET+<\/em>.<\/p>\n\n\n\n<figure class=\"wp-block-image size-full\"><img loading=\"lazy\" decoding=\"async\" width=\"921\" height=\"570\" src=\"https:\/\/zszil.pl\/wwwnowev2\/wp-content\/uploads\/2021\/10\/2.png\" alt=\"\" class=\"wp-image-325\"\/><\/figure>\n\n\n\n<p>Je\u015bli po klikni\u0119ciu opcji Nie jestem robotem rozwinie si\u0119 okienko weryfikacji, wykonaj polecane czynno-\u015bci (np. przepisz kod z obrazka) i kliknij przycisk Zweryfikuj.<\/p>\n\n\n\n<figure class=\"wp-block-image size-full\"><img loading=\"lazy\" decoding=\"async\" width=\"559\" height=\"268\" src=\"https:\/\/zszil.pl\/wwwnowev2\/wp-content\/uploads\/2021\/10\/3.png\" alt=\"\" class=\"wp-image-326\"\/><\/figure>\n\n\n\n<p>Zadanie do wykonania mo\u017cesz zmieni\u0107 za pomoc\u0105 ikony <img loading=\"lazy\" decoding=\"async\" width=\"20\" height=\"20\" src=\"\">.<\/p>\n\n\n\n<ul class=\"wp-block-list\"><li>Zapoznaj si\u0119 z tre\u015bci\u0105 komunikatu wy\u015bwietlonego na stronie <em>Podsumowanie operacji<\/em>.<\/li><\/ul>\n\n\n\n<figure class=\"wp-block-image size-full\"><img loading=\"lazy\" decoding=\"async\" width=\"963\" height=\"175\" src=\"https:\/\/zszil.pl\/wwwnowev2\/wp-content\/uploads\/2021\/10\/4.png\" alt=\"\" class=\"wp-image-327\"\/><\/figure>\n\n\n\n<p><strong><br><\/strong><\/p>\n\n\n\n<ul class=\"wp-block-list\"><li>Zaloguj si\u0119 do swojej poczty elektronicznej, odbierz wiadomo\u015b\u0107, przeczytaj j\u0105 i kliknij odno\u015bnik do strony, na kt\u00f3rej b\u0119dziesz m\u00f3g\u0142 wprowadzi\u0107 swoje has\u0142o.<\/li><\/ul>\n\n\n\n<p>Je\u015bli wiadomo\u015bci nie ma w g\u0142\u00f3wnym folderze skrzynki odbiorczej, przejrzyj inne jej foldery.<\/p>\n\n\n\n<figure class=\"wp-block-image size-full\"><img loading=\"lazy\" decoding=\"async\" width=\"905\" height=\"485\" src=\"https:\/\/zszil.pl\/wwwnowev2\/wp-content\/uploads\/2021\/10\/5.png\" alt=\"\" class=\"wp-image-328\"\/><\/figure>\n\n\n\n<ul class=\"wp-block-list\"><li>W oknie Aktywacja konta w polach Nowe has\u0142o oraz Powt\u00f3rz nowe has\u0142o wprowad\u017a swoje has\u0142o, stosuj\u0105c si\u0119 do podpowiadanych wymaga\u0144. Zaznacz opcj\u0119 Nie jestem robotem i kliknij przycisk Ustaw nowe has\u0142o.<\/li><\/ul>\n\n\n\n<figure class=\"wp-block-image size-full\"><img loading=\"lazy\" decoding=\"async\" width=\"562\" height=\"580\" src=\"https:\/\/zszil.pl\/wwwnowev2\/wp-content\/uploads\/2021\/10\/6.png\" alt=\"\" class=\"wp-image-329\"\/><\/figure>\n\n\n\n<p><strong><br><\/strong><\/p>\n\n\n\n<p>Je\u015bli po klikni\u0119ciu opcji Nie jestem robotem rozwinie si\u0119 okienko weryfikacji, wykonaj polecane czynno-\u015bci i kliknij przycisk Zweryfikuj.<\/p>\n\n\n\n<p>Wy\u015bwietli si\u0119 strona <em>Podsumowanie operacji<\/em> z komunikatem o zmianie has\u0142a.<\/p>\n\n\n\n<figure class=\"wp-block-image size-full\"><img loading=\"lazy\" decoding=\"async\" width=\"935\" height=\"157\" src=\"https:\/\/zszil.pl\/wwwnowev2\/wp-content\/uploads\/2021\/10\/7.png\" alt=\"\" class=\"wp-image-330\"\/><\/figure>\n\n\n\n<p><\/p>\n\n\n\n<ul class=\"wp-block-list\"><li>Zamknij okno przegl\u0105darki.<\/li><\/ul>\n\n\n\n<p><strong>Logowanie do systemu UONET+<\/strong><\/p>\n\n\n\n<ol class=\"wp-block-list\" type=\"1\"><li>Uruchom przegl\u0105dark\u0119 stron internetowych i przejd\u017a na stron\u0119 startow\u0105 systemu UONET+.<\/li><\/ol>\n\n\n\n<ul class=\"wp-block-list\"><li>Kliknij przycisk Zaloguj si\u0119<\/li><\/ul>\n\n\n\n<ul class=\"wp-block-list\"><li>W oknie logowania wprowad\u017a sw\u00f3j adres e-mail i has\u0142o, a nast\u0119pnie kliknij przycisk Zaloguj si\u0119.<\/li><\/ul>\n\n\n\n<figure class=\"wp-block-image size-full\"><img loading=\"lazy\" decoding=\"async\" width=\"564\" height=\"384\" src=\"https:\/\/zszil.pl\/wwwnowev2\/wp-content\/uploads\/2021\/10\/8.png\" alt=\"\" class=\"wp-image-331\"\/><\/figure>\n\n\n\n<p>Je\u015bli jeste\u015b zarejestrowany w bazie systemu <em>UONET+<\/em>, to zostaniesz przekierowany na swoj\u0105 stron\u0119 star-tow\u0105, kt\u00f3ra zawiera komplet informacji dedykowanych dla Ciebie. Ze strony startowej mo\u017cesz urucha-mia\u0107 modu\u0142y, do kt\u00f3rych masz dost\u0119p.<strong><br><\/strong><\/p>\n\n\n\n<figure class=\"wp-block-image size-full\"><img loading=\"lazy\" decoding=\"async\" width=\"1195\" height=\"768\" src=\"https:\/\/zszil.pl\/wwwnowev2\/wp-content\/uploads\/2021\/10\/9.jpg\" alt=\"\" class=\"wp-image-332\"\/><\/figure>\n\n\n\n<p>Strona startowa nauczyciela, z kt\u00f3rej mo\u017cna uruchomi\u0107 modu\u0142 <em>Dziennik<\/em>.<\/p>\n\n\n\n<p>Je\u015bli zapomnisz has\u0142o, to na stronie logowania do systemu skorzystaj z odsy\u0142acza Przywr\u00f3\u0107 dost\u0119p w celu utworzenia nowego has\u0142a (konieczne jest w\u00f3wczas przeprowadzenie podobnej procedury jak podczas zak\u0142adania konta).<\/p>\n","protected":false},"excerpt":{"rendered":"<p>Jak po raz pierwszy zalogowa\u0107 si\u0119 do systemu UONET+? Aby u\u017cytkownik m\u00f3g\u0142 zalogowa\u0107 si\u0119 do systemu UONET+, musz\u0105 by\u0107 wprowadzone do systemu jego dane, w szczeg\u00f3lno\u015bci: imi\u0119 i nazwisko oraz adres e-mail. Dane u\u017cytkownik\u00f3w wprowadza do systemu: administrator systemu \u2013&hellip; <a class=\"continue\" href=\"https:\/\/zszil.pl\/index.php\/e-dziennik-pierwsze-logowanie\/\">Continue Reading<span> E-dziennik &#8211; pierwsze logowanie<\/span><\/a><\/p>\n","protected":false},"author":1,"featured_media":0,"parent":0,"menu_order":0,"comment_status":"closed","ping_status":"closed","template":"","meta":{"footnotes":""},"class_list":["post-323","page","type-page","status-publish","hentry"],"_links":{"self":[{"href":"https:\/\/zszil.pl\/index.php\/wp-json\/wp\/v2\/pages\/323","targetHints":{"allow":["GET"]}}],"collection":[{"href":"https:\/\/zszil.pl\/index.php\/wp-json\/wp\/v2\/pages"}],"about":[{"href":"https:\/\/zszil.pl\/index.php\/wp-json\/wp\/v2\/types\/page"}],"author":[{"embeddable":true,"href":"https:\/\/zszil.pl\/index.php\/wp-json\/wp\/v2\/users\/1"}],"replies":[{"embeddable":true,"href":"https:\/\/zszil.pl\/index.php\/wp-json\/wp\/v2\/comments?post=323"}],"version-history":[{"count":1,"href":"https:\/\/zszil.pl\/index.php\/wp-json\/wp\/v2\/pages\/323\/revisions"}],"predecessor-version":[{"id":333,"href":"https:\/\/zszil.pl\/index.php\/wp-json\/wp\/v2\/pages\/323\/revisions\/333"}],"wp:attachment":[{"href":"https:\/\/zszil.pl\/index.php\/wp-json\/wp\/v2\/media?parent=323"}],"curies":[{"name":"wp","href":"https:\/\/api.w.org\/{rel}","templated":true}]}}