{"id":3627,"date":"2023-09-27T10:50:05","date_gmt":"2023-09-27T08:50:05","guid":{"rendered":"http:\/\/zszil.pl\/?page_id=3627"},"modified":"2025-09-10T13:18:30","modified_gmt":"2025-09-10T11:18:30","slug":"praktyki-zawodowe","status":"publish","type":"page","link":"https:\/\/zszil.pl\/index.php\/praktyki-zawodowe\/","title":{"rendered":"Praktyki zawodowe"},"content":{"rendered":"\n<div class=\"wp-block-group\"><div class=\"wp-block-group__inner-container is-layout-flow wp-block-group-is-layout-flow\">\n<div class=\"wp-block-group\"><div class=\"wp-block-group__inner-container is-layout-flow wp-block-group-is-layout-flow\">\n<figure class=\"wp-block-image size-full\"><img loading=\"lazy\" decoding=\"async\" width=\"100\" height=\"52\" src=\"https:\/\/zszil.pl\/wp-content\/uploads\/2021\/09\/logo_100px.png\" alt=\"\" class=\"wp-image-59\"\/><\/figure>\n\n\n\n<p class=\"has-text-align-center\">Regulamin<\/p>\n\n\n\n<p class=\"has-text-align-center\">organizacji praktyk zawodowych<\/p>\n\n\n\n<p class=\"has-text-align-center\">w Technikum&nbsp;im. G\u00f3rnik\u00f3w i Energetyk\u00f3w Turowa<\/p>\n\n\n\n<p class=\"has-text-align-center\">w Zgorzelcu<\/p>\n<\/div><\/div>\n<\/div><\/div>\n\n\n\n<p><strong>Spis tre\u015bci:<\/strong><\/p>\n\n\n\n<figure class=\"wp-block-table\"><table><tbody><tr><td><strong>Rozdzia\u0142 I&nbsp;<\/strong><\/td><td>Postanowienia og\u00f3lne<\/td><\/tr><tr><td><strong>Rozdzia\u0142 II<\/strong><\/td><td>Organizacja praktyk zawodowych<\/td><\/tr><tr><td><strong>Rozdzia\u0142 III<\/strong><\/td><td>Prawa i obowi\u0105zki Szko\u0142y w zakresie organizacji praktyk zawodowych<\/td><\/tr><tr><td><strong>Rozdzia\u0142 IV<\/strong><\/td><td>Prawa i obowi\u0105zki podmiotu przyjmuj\u0105cego uczni\u00f3w na praktyki zawodowe<\/td><\/tr><tr><td><strong>Rozdzia\u0142 V<\/strong><\/td><td>Prawa ucznia \u2013 uczestnika praktyk zawodowych<\/td><\/tr><tr><td><strong>Rozdzia\u0142 VI<\/strong><\/td><td>Obowi\u0105zki ucznia \u2013 uczestnika praktyk zawodowych<\/td><\/tr><tr><td><strong>Rozdzia\u0142 VII<\/strong><\/td><td>Kryteria i tryb ustalania oceny z praktyki zawodowej &nbsp;<\/td><\/tr><tr><td><strong>Rozdzia\u0142 VIII<\/strong><\/td><td>Przepisy ko\u0144cowe<\/td><\/tr><\/tbody><\/table><\/figure>\n\n\n\n<p><strong>Podstawa prawna:<\/strong><\/p>\n\n\n\n<div class=\"wp-block-group\"><div class=\"wp-block-group__inner-container is-layout-flow wp-block-group-is-layout-flow\">\n<ol class=\"wp-block-list\">\n<li>Ustawa z dnia 14 grudnia 2016 r. \u00a0Prawo o\u015bwiatowe (Dz. U. 2017 poz. 59 z p\u00f3\u017an. zm.)<\/li>\n\n\n\n<li>Ustawa z dnia 14 grudnia 2016 r. Przepisy wprowadzaj\u0105ce ustaw\u0119 Prawo o\u015bwiatowe \u00a0(Dz. U. 2017 poz. 60 z p\u00f3\u017an. zm.)<\/li>\n\n\n\n<li>Rozporz\u0105dzenie Ministra Edukacji Narodowej z dnia 3 kwietnia 2019 r. w sprawie ramowych plan\u00f3w nauczania dla publicznych szk\u00f3\u0142 (Dz. U. 2019 poz. 639 z p\u00f3\u017an. zm.)<\/li>\n\n\n\n<li>Rozporz\u0105dzenie Ministra Edukacji Narodowej z dnia 15 grudnia 2010 r. w sprawie praktycznej nauki zawodu (Dz.U. 2010 nr 244 poz. 1626 z p\u00f3\u017an. zm.)<\/li>\n\n\n\n<li>Rozporz\u0105dzenie Ministra Edukacji Narodowej z dnia 24 sierpnia 2017 r. w sprawie praktycznej nauki zawodu (Dz. U. 2017 poz. 1644)<\/li>\n\n\n\n<li>Rozporz\u0105dzenie Ministra Edukacji Narodowej z dnia 22 lutego 2019 r. w sprawie praktycznej nauki zawodu (Dz. U. 2019 poz. 391)<\/li>\n\n\n\n<li>Rozporz\u0105dzenie\u00a0 Ministra\u00a0 Edukacji\u00a0 Narodowej\u00a0\u00a0 z\u00a0 dnia\u00a0 3 sierpnia 2017\u00a0 r. w sprawie oceniania, klasyfikowania i promowania uczni\u00f3w i\u00a0 s\u0142uchaczy\u00a0 w\u00a0 szko\u0142ach publicznych <strong>(Dz. U. 2017\u00a0\u00a0\u00a0\u00a0\u00a0\u00a0\u00a0\u00a0\u00a0\u00a0\u00a0\u00a0\u00a0\u00a0\u00a0 \u00a0\u00a0\u00a0\u00a0\u00a0\u00a0poz. 1534<\/strong>)<\/li>\n<\/ol>\n<\/div><\/div>\n\n\n\n<p><strong>Rozdzia\u0142 I<\/strong><\/p>\n\n\n\n<p><strong>Postanowienia og\u00f3lne<\/strong><\/p>\n\n\n\n<ol class=\"wp-block-list\">\n<li>Regulamin okre\u015bla warunki i tryb organizowania praktyk zawodowych wynikaj\u0105cych ze Szkolnego Planu Nauczania, przeznaczonych dla uczni\u00f3w Szko\u0142y.<\/li>\n\n\n\n<li>Praktyki zawodowe jako forma praktycznej nauki zawodu organizowane s\u0105 dla uczni\u00f3w\u00a0przez Szko\u0142\u0119 w\u00a0 celu\u00a0 pog\u0142\u0119biania\u00a0 nabytej przez nich wiedzy oraz jej zastosowania w kszta\u0142ceniu ich umiej\u0119tno\u015bci zawodowych w rzeczywistych warunkach pracy.<\/li>\n\n\n\n<li>Praktyki zawodowe stanowi\u0105 dla uczni\u00f3w obowi\u0105zkowe zaj\u0119cia edukacyjne. Brak zaliczenia praktyk zawodowych jest podstaw\u0105 do niepromowania ucznia do klasy programowo wy\u017cszej.<\/li>\n\n\n\n<li>Wiedz\u0119 i umiej\u0119tno\u015bci oraz kompetencje personalne i spo\u0142eczne nabywane przez uczni\u00f3w\u00a0na praktykach zawodowych oraz wymiar godzin tych praktyk okre\u015bla program nauczania\u00a0dla danego zawodu, dopuszczony do u\u017cytku przez Dyrektora Szko\u0142y.<\/li>\n<\/ol>\n\n\n\n<p><strong>Rozdzia\u0142 II<\/strong><\/p>\n\n\n\n<p><strong>Organizacja praktyk zawodowych<\/strong><\/p>\n\n\n\n<ol class=\"wp-block-list\">\n<li>Praktyki zawodowe organizowane s\u0105 w oparciu o umow\u0119 na organizacj\u0119 praktyk zawodowych,\u00a0 zawart\u0105\u00a0 pomi\u0119dzy \u00a0Dyrektorem\u00a0 Szko\u0142y a podmiotem\u00a0 przyjmuj\u0105cym uczni\u00f3w\u00a0 na praktyki zawodowe.<\/li>\n\n\n\n<li>Umow\u0119 zawiera si\u0119 w terminie umo\u017cliwiaj\u0105cym realizacj\u0119 programu praktycznej nauki zawodu.<\/li>\n\n\n\n<li>Praktyki zawodowe uczni\u00f3w mog\u0105 by\u0107 organizowane w czasie ca\u0142ego roku szkolnego,\u00a0w tym r\u00f3wnie\u017c w okresie ferii letnich.<\/li>\n\n\n\n<li>W przypadku\u00a0 organizowania\u00a0 praktyk\u00a0 zawodowych\u00a0 w okresie ferii letnich odpowiedniemu skr\u00f3ceniu ulega czas trwania zaj\u0119\u0107 dydaktyczno-wychowawczych dla uczni\u00f3w odbywaj\u0105cych\u00a0te praktyki.<\/li>\n\n\n\n<li>Dobowy\u00a0 wymiar\u00a0 godzin\u00a0 zaj\u0119\u0107\u00a0 praktycznej\u00a0 nauki\u00a0 zawodu\u00a0 uczni\u00f3w\u00a0 w wieku\u00a0 do\u00a0 lat\u00a0 16\u00a0nie\u00a0 mo\u017ce\u00a0 przekracza\u0107 6 godzin, a uczni\u00f3w w wieku powy\u017cej 16 lat \u2013 8 godzin.<\/li>\n\n\n\n<li>W szczeg\u00f3lnie uzasadnionych przypadkach dopuszcza si\u0119 mo\u017cliwo\u015b\u0107 przed\u0142u\u017cenia dobowego wymiaru godzin zaj\u0119\u0107 praktyki zawodowej dla uczni\u00f3w w wieku powy\u017cej 18 lat, nie d\u0142u\u017cej jednak ni\u017c do 12 godzin, przy zachowaniu \u0142\u0105cznego tygodniowego wymiaru godzin obowi\u0105zkowych zaj\u0119\u0107 edukacyjnych, okre\u015blonego w ramowym planie nauczania dla\u00a0 danego\u00a0typu\u00a0 szko\u0142y.\u00a0 Przed\u0142u\u017cenie dobowego wymiaru godzin zaj\u0119\u0107 praktycznej nauki zawodu\u00a0jest mo\u017cliwe tylko u tych pracodawc\u00f3w, u kt\u00f3rych przed\u0142u\u017cony dobowy wymiar czasu pracy wynika z rodzaju pracy lub jej organizacji.<\/li>\n\n\n\n<li>Ucze\u0144 nie mo\u017ce odbywa\u0107 praktyk zawodowych\u00a0 w dni ustawowo wolne od pracy, niedziele, \u015bwi\u0119ta oraz w porze nocnej, w systemie pracy zmianowej ani w godzinach nadliczbowych,\u00a0z zastrze\u017ceniem pkt. 8.<\/li>\n\n\n\n<li>Szko\u0142a mo\u017ce wyrazi\u0107 zgod\u0119 na odbywanie praktyk zawodowych w systemie pracy zmianowej z pomini\u0119ciem pory nocnej lub w dni ustawowo wolne od pracy, niedziele i \u015bwi\u0119ta, o ile charakter pracy w danym zawodzie wymaga takiego rozk\u0142adu czasu pracy, pod warunkiem zapewnienia uczniowi odpoczynku zgodnie z Kodeksem Pracy.<\/li>\n\n\n\n<li>Praktyki zawodowe s\u0105\u00a0 prowadzone\u00a0 indywidualnie\u00a0 lub\u00a0 w grupach, przy czym liczba uczni\u00f3w w grupie powinna umo\u017cliwia\u0107 realizacj\u0119 programu nauczania dla danego zawodu i uwzgl\u0119dnia\u0107 specyfik\u0119 nauczanego zawodu, przepisy bezpiecze\u0144stwa i higieny pracy oraz przepisy Kodeksu Pracy,\u00a0 a tak\u017ce warunki lokalowe i techniczne w miejscu odbywania praktyk zawodowych.<\/li>\n\n\n\n<li>Podzia\u0142u uczni\u00f3w na grupy dokonuje kierownik kszta\u0142cenia praktycznego, w porozumieniu\u00a0 \u00a0z podmiotem przyjmuj\u0105cym uczni\u00f3w na praktyki zawodowe.<\/li>\n\n\n\n<li>Praktyki zawodowe \u00a0organizowane s\u0105 u pracodawc\u00f3w i prowadzone pod kierunkiem opiekun\u00f3w praktyk zawodowych, kt\u00f3rymi mog\u0105 by\u0107 pracodawcy lub wyznaczeni przez nich pracownicy.<\/li>\n\n\n\n<li>W przypadku stwierdzenia nie wywi\u0105zywania si\u0119 podmiotu, kt\u00f3ry przyj\u0105\u0142 ucznia na praktyki zawodowe, z realizacji programu praktyk dla danego zawodu, praktykant zostaje skierowany\u00a0\u00a0na praktyki do innego podmiotu, wskazanego przez Szko\u0142\u0119.<\/li>\n<\/ol>\n\n\n\n<ol class=\"wp-block-list\">\n<li>Dokumentacj\u0119 praktyk zawodowych stanowi prowadzony przez ucznia dziennik praktyk zawodowych. Form\u0119 prowadzenia dziennika ustala Dyrektor Szko\u0142y.<\/li>\n\n\n\n<li>W dzienniku praktyk zawodowych ucze\u0144 opisuje przebieg praktyk zawodowych. Wykonanie czynno\u015bci opisanych przez ucznia w dzienniku praktyk zawodowych potwierdza podpisem pracodawca lub wyznaczony przez niego pracownik.<\/li>\n\n\n\n<li>Po zako\u0144czeniu praktyk zawodowych przez ucznia podmiot potwierdza ich odbycie w dzienniku praktyk zawodowych oraz\u00a0 wystawia uczniowi ocen\u0119 w stopniach szkolnych.<\/li>\n\n\n\n<li>Ocena wystawiona przez opiekuna praktyki jest podstaw\u0105 zaliczenia praktyk zawodowych\u00a0w Szkole.<\/li>\n\n\n\n<li>Wpisu oceny z praktyk zawodowych do dokumentacji przebiegu nauczania dokonuje Wychowawca klasy.<\/li>\n<\/ol>\n\n\n\n<p><strong>Rozdzia\u0142 III<\/strong><\/p>\n\n\n\n<p><strong>Prawa i obowi\u0105zki Szko\u0142y w zakresie organizacji praktyk zawodowych<\/strong><\/p>\n\n\n\n<ol class=\"wp-block-list\">\n<li>Szko\u0142a kieruje uczni\u00f3w na praktyki zawodowe.<\/li>\n\n\n\n<li>Szko\u0142a organizuje praktyki zawodowe zgodnie z harmonogramem praktyk zawodowych zatwierdzonym na dany rok szkolny przez Dyrektora Szko\u0142y.<\/li>\n\n\n\n<li>Praktyki zawodowe odbywaj\u0105 si\u0119 w wytypowanych lub zatwierdzonych przez Szko\u0142\u0119 podmiotach, kt\u00f3rych profil dzia\u0142alno\u015bci gwarantuje realizacj\u0119 programu praktyk zawodowych dla danego zawodu.<\/li>\n\n\n\n<li>Szko\u0142a nadzoruje przebieg praktyk zawodowych, w tym realizacj\u0119 programu praktyk zawodowych dla danego zawodu.<\/li>\n\n\n\n<li>Do zada\u0144 Szko\u0142y w zakresie organizacji praktyk zawodowych nale\u017cy:<\/li>\n\n\n\n<li>wsp\u00f3\u0142praca\u00a0 z\u00a0 podmiotem\u00a0 przyjmuj\u0105cym\u00a0 uczni\u00f3w\u00a0 na\u00a0 praktyki\u00a0 zawodowe\u00a0\u00a0oraz z opiekunami praktyk zawodowych;<\/li>\n\n\n\n<li>sporz\u0105dzenie um\u00f3w z podmiotami przyjmuj\u0105cymi uczni\u00f3w na praktyki zawodowe;,<\/li>\n\n\n\n<li>zapoznanie uczestnik\u00f3w praktyk z Ramowym programem praktyk zawodowych\u00a0 oraz niniejszym regulaminem;<\/li>\n\n\n\n<li>podzia\u0142 na grupy uczni\u00f3w odbywaj\u0105cych praktyki zawodowe;<\/li>\n\n\n\n<li>poinformowanie uczestnik\u00f3w praktyk zawodowych o obowi\u0105zku starannego i sumiennego wykonywania czynno\u015bci i zada\u0144 obj\u0119tych programem praktyki, stosowania si\u0119 do polece\u0144 pracodawcy oraz opiekuna praktyk, je\u017celi nie s\u0105 one sprzeczne z prawem, oraz przestrzegania\u00a0\u00a0zasad wsp\u00f3\u0142\u017cycia spo\u0142ecznego;<\/li>\n\n\n\n<li>ubezpieczenie uczni\u00f3w odbywaj\u0105cych praktyki zawodowe od nast\u0119pstw nieszcz\u0119\u015bliwych wypadk\u00f3w.<\/li>\n<\/ol>\n\n\n\n<p><strong>Rozdzia\u0142 IV<\/strong><\/p>\n\n\n\n<p><strong>Prawa i obowi\u0105zki podmiotu przyjmuj\u0105cego uczni\u00f3w na praktyki zawodowe<\/strong><\/p>\n\n\n\n<ol class=\"wp-block-list\">\n<li>Podmiot przyjmuj\u0105cy uczni\u00f3w na praktyki zawodowe zapewnia uczniom skierowanym przez Szko\u0142\u0119 realizacj\u0119 programu praktyk dla danego zawodu.<\/li>\n<\/ol>\n\n\n\n<ul class=\"wp-block-list\">\n<li>\u00a0Podmiot przyjmuj\u0105cy uczni\u00f3w na praktyki zawodowe organizuje praktyki wed\u0142ug Ramowego programu praktyk zawodowych, z zachowaniem wymaga\u0144 bezpiecze\u0144stwa\u00a0 i higieny pracy.<\/li>\n<\/ul>\n\n\n\n<ul class=\"wp-block-list\">\n<li>Podmiot przyjmuj\u0105cy uczni\u00f3w na praktyki zawodowe zobowi\u0105zany jest do:<\/li>\n\n\n\n<li>zapoznania uczni\u00f3w z organizacj\u0105 pracy przedsi\u0119biorstwa, regulaminem pracy\u00a0oraz przepisami i zasadami bezpiecze\u0144stwa i higieny pracy;<\/li>\n\n\n\n<li>niepowierzania uczniom odbywaj\u0105cym praktyki zawodowe czynno\u015bci lub zada\u0144 wykonywanych w warunkach szkodliwych lub uci\u0105\u017cliwych dla zdrowia;<\/li>\n\n\n\n<li>wyznaczenia opiekuna praktyk nadzoruj\u0105cego poprawno\u015b\u0107 wykonywanych czynno\u015bci\u00a0w zgodno\u015bci z zasadami bhp;<\/li>\n\n\n\n<li>wyznaczenia pomieszczenia do przechowywania odzie\u017cy i obuwia roboczego oraz \u015brodk\u00f3w ochrony indywidualnej;<\/li>\n\n\n\n<li>zapewnienia dost\u0119pu do urz\u0105dze\u0144 higieniczno-sanitarnych oraz pomieszcze\u0144\u00a0socjalno-bytowych;<\/li>\n\n\n\n<li>bezzw\u0142ocznego poinformowania Szko\u0142y o zdarzeniach istotnych dla realizacji Ramowego programu praktyk zawodowych;<\/li>\n\n\n\n<li>niezw\u0142ocznego powiadomienia Szko\u0142y w przypadku zdarzenia losowego z udzia\u0142em ucznia, zaistnia\u0142ego w trakcie odbywania praktyk zawodowych oraz\u00a0 sporz\u0105dzenia\u00a0 stosownej dokumentacji powypadkowej;<\/li>\n\n\n\n<li>potwierdzenia realizacji przez ucznia praktyk zawodowych zgodnie z jej Ramowym programem oraz wystawienia oceny w stopniach szkolnych i dokonania wpisu w \u00a0prowadzonej \u00a0przez ucznia dokumentacji praktyki \u2013 dzienniku praktyk zawodowych.<\/li>\n<\/ul>\n\n\n\n<p><strong>Rozdzia\u0142 V<\/strong><\/p>\n\n\n\n<p><strong>Prawa ucznia \u2013 uczestnika praktyk zawodowych<\/strong><\/p>\n\n\n\n<ol class=\"wp-block-list\">\n<li>W czasie odbywania praktyk zawodowych ucze\u0144 ma prawo do:<\/li>\n\n\n\n<li>zapoznania\u00a0 z\u00a0 organizacj\u0105 pracy podmiotu przyjmuj\u0105cego na praktyki zawodowe, \u00a0regulaminem pracy oraz przepisami i zasadami bezpiecze\u0144stwa i higieny pracy na poszczeg\u00f3lnych stanowiskach;<\/li>\n\n\n\n<li>wykonywania zada\u0144 wynikaj\u0105cych z programu praktyk zawodowych;<\/li>\n\n\n\n<li>w\u0142a\u015bciwego traktowania i poszanowania godno\u015bci osobistej;<\/li>\n\n\n\n<li>zapoznania z kryteriami oceniania;<\/li>\n\n\n\n<li>zapoznania z konsekwencjami wynikaj\u0105cymi z niewywi\u0105zywania si\u0119 z obowi\u0105zk\u00f3w i \u0142amania postanowie\u0144 regulaminu praktyk zawodowych;<\/li>\n\n\n\n<li>korzystania z pomieszcze\u0144 do przechowywania odzie\u017cy i obuwia roboczego oraz \u00a0pomieszcze\u0144\u00a0 socjalno-bytowych;<\/li>\n\n\n\n<li>informowania\u00a0 Szko\u0142y\u00a0 o\u00a0 nieprawid\u0142owo\u015bciach\u00a0 i \u00a0zmianach\u00a0 dotycz\u0105cych\u00a0 zakresu obowi\u0105zk\u00f3w, czasu trwania praktyk zawodowych itp.;<\/li>\n\n\n\n<li>uzyskania informacji o ocenie z praktyk zawodowych i jej uzasadnieniu;<\/li>\n\n\n\n<li>uzyskania wpisu oceny do dziennika praktyk zawodowych w ostatnim dniu jej trwania.<\/li>\n<\/ol>\n\n\n\n<p><strong>Rozdzia\u0142 VI<\/strong><\/p>\n\n\n\n<p><strong>Obowi\u0105zki ucznia \u2013 uczestnika praktyk zawodowych<\/strong><\/p>\n\n\n\n<ol class=\"wp-block-list\">\n<li>Ucze\u0144 ma obowi\u0105zek przygotowa\u0107 si\u0119 do praktyk zawodowych poprzez :<\/li>\n<\/ol>\n\n\n\n<p>a) zapoznanie si\u0119 z tre\u015bci\u0105 niniejszego regulaminu i zobowi\u0105zanie si\u0119 do przestrzegania&nbsp;&nbsp;jego zapis\u00f3w;<\/p>\n\n\n\n<p>b) zapoznanie si\u0119 z Ramowym programem praktyk zawodowych dla danego zawodu.<\/p>\n\n\n\n<ul class=\"wp-block-list\">\n<li>W okresie realizacji praktyk zawodowych ucze\u0144 ma obowi\u0105zek:<\/li>\n\n\n\n<li>przestrzegania przepis\u00f3w bezpiecze\u0144stwa i higieny pracy oraz przepis\u00f3w przeciwpo\u017carowych;<\/li>\n\n\n\n<li>przestrzegania regulamin\u00f3w pracy obowi\u0105zuj\u0105cych w miejscu odbywania praktyk zawodowych;<\/li>\n\n\n\n<li>stosowania si\u0119 do polece\u0144 pracodawcy i opiekuna praktyk zawodowych, je\u017celi nie s\u0105 one sprzeczne z prawem;<\/li>\n\n\n\n<li>stosowania ubioru w\u0142a\u015bciwego dla specyfiki zawodu, w kt\u00f3rym si\u0119 kszta\u0142ci;<\/li>\n\n\n\n<li>punktualnego rozpoczynania i ko\u0144czenia zaj\u0119\u0107;<\/li>\n\n\n\n<li>starannego i sumiennego wykonywania czynno\u015bci i zada\u0144 obj\u0119tych programem praktyk zawodowych;<\/li>\n\n\n\n<li>w przypadku choroby &#8211; zawiadomienia Szko\u0142y i opiekuna praktyk zawodowych oraz dostarczenia opiekunowi praktyk, w pierwszym dniu po chorobie, orygina\u0142u za\u015bwiadczenia lekarskiego, a kierownikowi kszta\u0142cenia praktycznego \u00a0kserokopii ww. za\u015bwiadczenia w dniu sk\u0142adania dziennika praktyk zawodowych po zako\u0144czeniu jej odbywania;<\/li>\n\n\n\n<li>przestrzegania zasad wsp\u00f3\u0142\u017cycia spo\u0142ecznego;<\/li>\n\n\n\n<li>starannego i systematycznego prowadzenia dziennika praktyk zawodowych, zgodnie \u00a0z tygodniowym harmonogramem praktyk zawodowych, ze wskazaniem stanowiska pracy \u00a0oraz wykonywanych czynno\u015bci;<\/li>\n\n\n\n<li>przedk\u0142adania dziennika praktyk zawodowych opiekunowi praktyk zawodowych oraz przedstawicielom Szko\u0142y do kontroli;<\/li>\n\n\n\n<li>z\u0142o\u017cenia dziennika praktyk zawodowych kierownikowi kszta\u0142cenia praktycznego w ci\u0105gu 7 dni\u00a0 od dnia zako\u0144czenia praktyk zawodowych.<\/li>\n\n\n\n<li>Nieobecno\u015b\u0107 na zaj\u0119ciach praktyk zawodowych musi zosta\u0107 usprawiedliwiona.<\/li>\n<\/ul>\n\n\n\n<ul class=\"wp-block-list\">\n<li>Podczas odbywania praktyk zawodowych ucze\u0144 podlega przepisom Statutu Szko\u0142y, regulaminu realizacji praktyk zawodowych, a tak\u017ce przepisom organizacyjno \u2013porz\u0105dkowym podmiotu,\u00a0w kt\u00f3rym realizuje praktyki zawodowe.<\/li>\n<\/ul>\n\n\n\n<ul class=\"wp-block-list\">\n<li>W przypadku dyscyplinarnego usuni\u0119cia ucznia z praktyk zawodowych przez zak\u0142ad pracy, \u00a0ucze\u0144 zobowi\u0105zany jest do ponownego odbycia praktyk w terminie i miejscu wskazanym przez Szko\u0142\u0119. Niezastosowanie si\u0119 do powy\u017cszego skutkuje ocen\u0105 niedostateczn\u0105 z praktyk zawodowych i brakiem promocji do klasy programowo wy\u017cszej.<\/li>\n<\/ul>\n\n\n\n<p><strong>Rozdzia\u0142 VII<\/strong><\/p>\n\n\n\n<p><strong>Kryteria i tryb ustalania oceny z praktyk zawodowych<\/strong><\/p>\n\n\n\n<ol class=\"wp-block-list\">\n<li>Ocen\u0119 za osi\u0105gni\u0119cia ucznia w czasie realizacji praktyk zawodowych ustala opiekun praktyk zawodowych z ramienia zak\u0142adu pracy, w kt\u00f3rym ucze\u0144 odbywa\u0142 praktyki. Powy\u017csza ocena odnotowywana jest w dzienniku praktyk zawodowych oraz potwierdzana piecz\u0119ci\u0105 zak\u0142adu pracy i podpisem osoby do tego upowa\u017cnionej.<\/li>\n<\/ol>\n\n\n\n<ul class=\"wp-block-list\">\n<li>Ocena wystawiona przez opiekuna praktyk zawodowych jest podstaw\u0105 do zaliczenia praktyk zawodowych w Szkole.<\/li>\n<\/ul>\n\n\n\n<ul class=\"wp-block-list\">\n<li>Ko\u0144cow\u0105 ocen\u0119 z praktyk zawodowych ustala kierownik kszta\u0142cenia praktycznego\u00a0po sprawdzeniu zapis\u00f3w w dzienniku praktyk zawodowych. W przypadku w\u0105tpliwo\u015bci konsultuje ostateczn\u0105 ocen\u0119 z opiekunem praktyk zawodowych.<\/li>\n<\/ul>\n\n\n\n<ul class=\"wp-block-list\">\n<li>Przy ustalaniu oceny z praktyk zawodowych bierze si\u0119 pod uwag\u0119 nast\u0119puj\u0105ce kryteria:<\/li>\n\n\n\n<li>przestrzeganie przepis\u00f3w bhp i przeciwpo\u017carowych;<\/li>\n\n\n\n<li>stopie\u0144 opanowania programowych umiej\u0119tno\u015bci zawodowych;<\/li>\n\n\n\n<li>przestrzeganie dyscypliny pracy;<\/li>\n\n\n\n<li>w\u0142a\u015bciwa organizacja stanowiska pracy;<\/li>\n\n\n\n<li>jako\u015b\u0107 wykonywanej pracy;<\/li>\n\n\n\n<li>samodzielno\u015b\u0107 podczas wykonywania zada\u0144;<\/li>\n\n\n\n<li>poszanowanie i dba\u0142o\u015b\u0107 o narz\u0119dzia pracy;<\/li>\n\n\n\n<li>punktualno\u015b\u0107 oraz frekwencja na praktykach zawodowych;<\/li>\n\n\n\n<li>w\u0142a\u015bciwa postawa i kultura osobista;<\/li>\n\n\n\n<li>przestrzegania zasad wsp\u00f3\u0142\u017cycia spo\u0142ecznego;<\/li>\n\n\n\n<li>staranno\u015b\u0107 i systematyczno\u015b\u0107 prowadzenia dziennika praktyk zawodowych.<\/li>\n<\/ul>\n\n\n\n<ul class=\"wp-block-list\">\n<li>Ocena z praktyk zawodowych, wystawiana jest wed\u0142ug nast\u0119puj\u0105cej skali:<\/li>\n\n\n\n<li>stopie\u0144 celuj\u0105cy &#8211; 6,<\/li>\n\n\n\n<li>stopie\u0144 bardzo dobry &#8211; 5,<\/li>\n\n\n\n<li>stopie\u0144 dobry &#8211; 4,<\/li>\n\n\n\n<li>stopie\u0144 dostateczny &#8211; 3,<\/li>\n\n\n\n<li>stopie\u0144 dopuszczaj\u0105cy &#8211; 2,<\/li>\n\n\n\n<li>stopie\u0144 niedostateczny &#8211; 1.<\/li>\n<\/ul>\n\n\n\n<ul class=\"wp-block-list\">\n<li>Ucze\u0144 zaliczy\u0142 praktyki zawodowe, je\u017celi otrzyma\u0142 ocen\u0119 co najmniej dopuszczaj\u0105c\u0105.<\/li>\n<\/ul>\n\n\n\n<ul class=\"wp-block-list\">\n<li>Ucze\u0144 nie zaliczy\u0142 \u00a0praktyk zawodowych w przypadku niezastosowania si\u0119 do postanowie\u0144 niniejszego regulaminu, a zw\u0142aszcza w\u00a0 razie:<\/li>\n<\/ul>\n\n\n\n<ol style=\"list-style-type:lower-alpha\" class=\"wp-block-list\">\n<li>niestawienia si\u0119 w wyznaczonym terminie\u00a0 i miejscu w celu odbycia praktyk zawodowych;<\/li>\n\n\n\n<li>niedostarczenia do kierownika kszta\u0142cenia praktycznego w wyznaczonym terminie poprawnie wype\u0142nionego dziennika praktyk zawodowych;<\/li>\n\n\n\n<li>uzyskania niedostatecznej oceny z praktyk zawodowych wystawionej przez opiekuna praktyk zawodowych;<\/li>\n\n\n\n<li>braku przeszkolenia w zakresie zasad bhp przez zak\u0142ad pracy z winy ucznia;<\/li>\n\n\n\n<li>z\u0142amania przepis\u00f3w wewn\u0119trznych podmiotu przyjmuj\u0105cego ucznia na praktyki zawodowe.<\/li>\n<\/ol>\n\n\n\n<ul class=\"wp-block-list\">\n<li>Ucze\u0144, kt\u00f3ry w wyniku klasyfikacji rocznej uzyska\u0142\u00a0 ocen\u0119 niedostateczn\u0105 z praktyk zawodowych odbywa ponownie praktyki w miejscu i terminie wyznaczonym \u00a0przez Szko\u0142\u0119.<\/li>\n<\/ul>\n\n\n\n<ul class=\"wp-block-list\">\n<li>W przypadku nieobecno\u015bci nieusprawiedliwionej ucze\u0144 zobowi\u0105zany jest do odbycia praktyk zawodowych (w wymiarze za czas nieobecno\u015bci) w terminie wskazanym przez Dyrektora Szko\u0142y, nie p\u00f3\u017aniej jednak ni\u017c do dnia zako\u0144czenia danego roku szkolnego.<\/li>\n<\/ul>\n\n\n\n<ol class=\"wp-block-list\">\n<li>Brak realizacji praktyk zawodowych w wymiarze za czas nieobecno\u015bci nieusprawiedliwionej\u00a0\u00a0jest r\u00f3wnoznaczny \u00a0z\u00a0 niezaliczeniem praktyk zawodowych.\u00a0\u00a0\u00a0\u00a0\u00a0\u00a0\u00a0\u00a0<\/li>\n<\/ol>\n\n\n\n<ol class=\"wp-block-list\">\n<li>Brak pozytywnej oceny z praktyk zawodowych jest podstaw\u0105 do niepromowania ucznia do klasy programowo wy\u017cszej.<\/li>\n<\/ol>\n\n\n\n<p><strong>Rozdzia\u0142 VIII<\/strong><\/p>\n\n\n\n<p><strong>Przepisy ko\u0144cowe<\/strong><\/p>\n\n\n\n<ul class=\"wp-block-list\">\n<li>1.\u00a0\u00a0\u00a0\u00a0\u00a0\u00a0 W kwestiach nieuregulowanych niniejszym regulaminem zastosowanie maj\u0105 zapisy:<\/li>\n<\/ul>\n\n\n\n<ul class=\"wp-block-list\">\n<li>\u00a0Rozporz\u0105dzenia Ministra Edukacji Narodowej z dnia 15 grudnia 2010 r. w sprawie praktycznej nauki zawodu (Dz.U. 2010 nr 244 poz. 1626 z p\u00f3\u017an. zm.)<\/li>\n<\/ul>\n\n\n\n<ul class=\"wp-block-list\">\n<li>b)\u00a0\u00a0\u00a0\u00a0\u00a0 Rozporz\u0105dzenia Ministra Edukacji Narodowej z dnia 24 sierpnia 2017 r. w sprawie praktycznej nauki zawodu (Dz. U. 2017 poz. 1644)<\/li>\n<\/ul>\n\n\n\n<ul class=\"wp-block-list\">\n<li>c)\u00a0\u00a0\u00a0\u00a0\u00a0\u00a0 Rozporz\u0105dzenia Ministra Edukacji Narodowej z dnia 22 lutego 2019 r. w sprawie praktycznej nauki zawodu (Dz. U. 2019 poz. 391).<\/li>\n<\/ul>\n\n\n\n<div class=\"wp-block-file\"><a href=\"https:\/\/zszil.pl\/wp-content\/uploads\/2024\/05\/Dziennik-praktyk-zawodowych1121.docx\">Dziennik-praktyk-zawodowych1121<\/a><a href=\"https:\/\/zszil.pl\/wp-content\/uploads\/2024\/05\/Dziennik-praktyk-zawodowych1121.docx\" class=\"wp-block-file__button wp-element-button\" download>Pobierz<\/a><\/div>\n\n\n\n<div data-wp-interactive=\"core\/file\" class=\"wp-block-file\"><object data-wp-bind--hidden=\"!state.hasPdfPreview\" hidden class=\"wp-block-file__embed\" data=\"https:\/\/zszil.pl\/wp-content\/uploads\/2025\/09\/Termin-praktyk-zawodowych-2025-2026.pdf\" type=\"application\/pdf\" style=\"width:100%;height:600px\" aria-label=\"Osadzone z Termin praktyk zawodowych 2025-2026.\"><\/object><a id=\"wp-block-file--media-dc9311fe-5287-4efd-bd98-397bc42b249d\" href=\"https:\/\/zszil.pl\/wp-content\/uploads\/2025\/09\/Termin-praktyk-zawodowych-2025-2026.pdf\">Termin praktyk zawodowych 2025-2026<\/a><a href=\"https:\/\/zszil.pl\/wp-content\/uploads\/2025\/09\/Termin-praktyk-zawodowych-2025-2026.pdf\" class=\"wp-block-file__button wp-element-button\" download aria-describedby=\"wp-block-file--media-dc9311fe-5287-4efd-bd98-397bc42b249d\">Pobierz<\/a><\/div>\n","protected":false},"excerpt":{"rendered":"<p>Regulamin organizacji praktyk zawodowych w Technikum&nbsp;im. G\u00f3rnik\u00f3w i Energetyk\u00f3w Turowa w Zgorzelcu Spis tre\u015bci: Rozdzia\u0142 I&nbsp; Postanowienia og\u00f3lne Rozdzia\u0142 II Organizacja praktyk zawodowych Rozdzia\u0142 III Prawa i obowi\u0105zki Szko\u0142y w zakresie organizacji praktyk zawodowych Rozdzia\u0142 IV Prawa i obowi\u0105zki podmiotu&hellip; <a class=\"continue\" href=\"https:\/\/zszil.pl\/index.php\/praktyki-zawodowe\/\">Continue Reading<span> Praktyki zawodowe<\/span><\/a><\/p>\n","protected":false},"author":1,"featured_media":0,"parent":0,"menu_order":0,"comment_status":"closed","ping_status":"closed","template":"","meta":{"footnotes":""},"class_list":["post-3627","page","type-page","status-publish","hentry"],"_links":{"self":[{"href":"https:\/\/zszil.pl\/index.php\/wp-json\/wp\/v2\/pages\/3627","targetHints":{"allow":["GET"]}}],"collection":[{"href":"https:\/\/zszil.pl\/index.php\/wp-json\/wp\/v2\/pages"}],"about":[{"href":"https:\/\/zszil.pl\/index.php\/wp-json\/wp\/v2\/types\/page"}],"author":[{"embeddable":true,"href":"https:\/\/zszil.pl\/index.php\/wp-json\/wp\/v2\/users\/1"}],"replies":[{"embeddable":true,"href":"https:\/\/zszil.pl\/index.php\/wp-json\/wp\/v2\/comments?post=3627"}],"version-history":[{"count":6,"href":"https:\/\/zszil.pl\/index.php\/wp-json\/wp\/v2\/pages\/3627\/revisions"}],"predecessor-version":[{"id":7286,"href":"https:\/\/zszil.pl\/index.php\/wp-json\/wp\/v2\/pages\/3627\/revisions\/7286"}],"wp:attachment":[{"href":"https:\/\/zszil.pl\/index.php\/wp-json\/wp\/v2\/media?parent=3627"}],"curies":[{"name":"wp","href":"https:\/\/api.w.org\/{rel}","templated":true}]}}