{"id":3637,"date":"2023-09-27T10:59:43","date_gmt":"2023-09-27T08:59:43","guid":{"rendered":"http:\/\/zszil.pl\/?page_id=3637"},"modified":"2023-09-27T11:00:11","modified_gmt":"2023-09-27T09:00:11","slug":"umowa-praktyczna-nauka-zawodu","status":"publish","type":"page","link":"https:\/\/zszil.pl\/index.php\/umowa-praktyczna-nauka-zawodu\/","title":{"rendered":"Umowa &#8211; praktyczna nauka zawodu"},"content":{"rendered":"\n<figure class=\"wp-block-image size-full\"><img loading=\"lazy\" decoding=\"async\" width=\"100\" height=\"52\" src=\"https:\/\/zszil.pl\/wp-content\/uploads\/2021\/09\/logo_100px.png\" alt=\"\" class=\"wp-image-59\"\/><\/figure>\n\n\n\n<p class=\"has-text-align-center\">\u00a0Umowa Nr \u2026.\/2023\/2024<\/p>\n\n\n\n<p class=\"has-text-align-center\">&nbsp;o praktyczn\u0105 nauk\u0119 zawodu w formie praktyk zawodowych<\/p>\n\n\n\n<p class=\"has-text-align-center\">zawarta <strong>w Zgorzelcu<\/strong> w dniu \u2026\u2026\u2026\u2026\u2026\u2026\u2026\u2026\u2026\u2026\u2026\u2026.<strong> roku<\/strong>, pomi\u0119dzy:<\/p>\n\n\n\n<p class=\"has-text-align-center\"><strong>Zespo\u0142em<\/strong> <strong>Szk\u00f3\u0142 Zawodowych i Licealnych w Zgorzelcu z siedzib\u0105 przy ul. Powsta\u0144c\u00f3w \u015al\u0105skich 1, &nbsp;&nbsp;&nbsp;&nbsp;&nbsp;&nbsp;&nbsp;&nbsp;&nbsp;&nbsp;&nbsp;&nbsp;&nbsp;&nbsp;&nbsp;&nbsp;&nbsp;&nbsp;&nbsp;&nbsp;&nbsp;&nbsp;&nbsp;&nbsp;&nbsp;&nbsp;&nbsp;59-900 Zgorzelec<\/strong>, reprezentowanym przez:<\/p>\n\n\n\n<ol class=\"wp-block-list\" type=\"1\"><li>&nbsp;<strong>Mart\u0119 Topolnick\u0105 &#8211; Dyrektora Szko\u0142y<\/strong><\/li><\/ol>\n\n\n\n<p>zwanym dalej <strong>Szko\u0142\u0105,<\/strong><\/p>\n\n\n\n<p>a<\/p>\n\n\n\n<p>reprezentowan\u0105 przez:<\/p>\n\n\n\n<ol class=\"wp-block-list\" type=\"1\"><li><strong>\u2026\u2026\u2026\u2026\u2026\u2026\u2026\u2026\u2026\u2026\u2026\u2026\u2026\u2026 &#8211; \u2026\u2026\u2026\u2026\u2026\u2026\u2026\u2026\u2026\u2026\u2026\u2026\u2026\u2026\u2026<\/strong><\/li><\/ol>\n\n\n\n<p>zwan\u0105 dalej <strong>Podmiotem przyjmuj\u0105cym na praktyki zawodowe<\/strong>.<\/p>\n\n\n\n<p><strong>\u00a7 1<\/strong><\/p>\n\n\n\n<ol class=\"wp-block-list\" type=\"1\"><li>Przedmiotem Umowy jest zorganizowanie i przeprowadzenie praktycznej nauki zawodu w formie &nbsp;&nbsp;&nbsp;&nbsp;&nbsp;&nbsp;&nbsp;&nbsp;&nbsp;&nbsp;&nbsp;&nbsp;&nbsp;&nbsp;&nbsp;&nbsp;praktyk zawodowych dla uczni\u00f3w <strong>Technikum im. G\u00f3rnik\u00f3w i Energetyk\u00f3w Turowa<\/strong> <strong>w Zgorzelcu<\/strong> wchodz\u0105cego w sk\u0142ad <strong>Zespo\u0142u Szk\u00f3\u0142 Zawodowych i Licealnych<\/strong> <strong>w Zgorzelcu<\/strong>, kszta\u0142c\u0105cego w zawodzie<strong> technik \u2026\u2026\u2026\u2026\u2026\u2026\u2026.., <\/strong>wg programu <strong>Szko\u0142y<\/strong>, bez nawi\u0105zywania z nimi stosunku pracy, w celu zastosowania i pog\u0142\u0119bienia zdobytej wiedzy i umiej\u0119tno\u015bci zawodowych w rzeczywistych warunkach pracy.<\/li><\/ol>\n\n\n\n<p><strong>\u00a7 2<\/strong><\/p>\n\n\n\n<ol class=\"wp-block-list\" type=\"1\"><li><strong>Podmiot przyjmuj\u0105cy na praktyki zawodowe<\/strong> zapewni realizacj\u0119 Ramowego programu praktyk zawodowych &nbsp;ni\u017cej wymienionym uczniom, skierowanym przez <strong>Szko\u0142\u0119:<\/strong><\/li><\/ol>\n\n\n\n<p><strong>\u2026\u2026\u2026\u2026\u2026\u2026\u2026\u2026\u2026\u2026.<\/strong><\/p>\n\n\n\n<ul class=\"wp-block-list\"><li><strong>Podmiot przyjmuj\u0105cy na praktyki zawodowe<\/strong> zapewni opiek\u0119 uczniom odbywaj\u0105cym praktyki zawodowe &nbsp;&nbsp;&nbsp;&nbsp;&nbsp;&nbsp;&nbsp;&nbsp;&nbsp;&nbsp;&nbsp;&nbsp;&nbsp;&nbsp;&nbsp;i wyznaczy opiekuna praktyk zawodowych.<\/li><\/ul>\n\n\n\n<p>Opiekunem praktyk zawodowych b\u0119dzie\u2026\u2026\u2026\u2026\u2026\u2026\u2026\u2026\u2026\u2026\u2026\u2026\u2026\u2026\u2026\u2026\u2026\u2026\u2026\u2026\u2026\u2026\u2026\u2026\u2026\u2026\u2026..<strong>.<\/strong><strong><\/strong><\/p>\n\n\n\n<ul class=\"wp-block-list\"><li>Praktyki zawodowe powinny by\u0107 zrealizowane w okresie: \u2026\u2026\u2026\u2026\u2026\u2026\u2026\u2026\u2026\u2026\u2026\u2026\u2026&#8230;<\/li><\/ul>\n\n\n\n<ul class=\"wp-block-list\"><li>Dobowy wymiar godzin praktyk zawodowych uczni\u00f3w w wieku do lat 16 nie mo\u017ce przekracza\u0107 &nbsp;6 godzin, &nbsp;&nbsp;&nbsp;&nbsp;&nbsp;&nbsp;&nbsp;&nbsp;&nbsp;&nbsp;&nbsp;&nbsp;&nbsp;&nbsp;&nbsp;&nbsp;&nbsp;&nbsp;a uczni\u00f3w w wieku powy\u017cej 16 lat &#8211; 8 godzin. W uzasadnionych przypadkach wynikaj\u0105cych ze specyfiki funkcjonowania ucznia niepe\u0142nosprawnego w wieku powy\u017cej 16 lat dopuszcza si\u0119 mo\u017cliwo\u015b\u0107 obni\u017cenia dobowego wymiaru godzin praktyk zawodowych do 7 godzin.<\/li><\/ul>\n\n\n\n<ul class=\"wp-block-list\"><li>W szczeg\u00f3lnie uzasadnionych przypadkach dopuszcza si\u0119, za porozumieniem Stron, mo\u017cliwo\u015b\u0107 przed\u0142u\u017cenia dobowego wymiaru godzin praktyk zawodowych dla uczni\u00f3w w wieku powy\u017cej 18 lat, nie d\u0142u\u017cej jednak ni\u017c do 12 godzin, przy zachowaniu \u0142\u0105cznego tygodniowego wymiaru godzin praktyk zawodowych. Przed\u0142u\u017cenie dobowego wymiaru godzin praktyk zawodowych jest mo\u017cliwe tylko dla tych <strong>Podmiot\u00f3w przyjmuj\u0105cych na praktyki zawodowe<\/strong>, dla kt\u00f3rych przed\u0142u\u017cony dobowy wymiar czasu pracy wynika z rodzaju pracy lub jej organizacji.<\/li><li>Praktyki zawodowe mog\u0105 by\u0107 organizowane w systemie zmianowym, z tym \u017ce w przypadku uczni\u00f3w &nbsp;&nbsp;&nbsp;&nbsp;&nbsp;&nbsp;&nbsp;&nbsp;&nbsp;&nbsp;&nbsp;&nbsp;&nbsp;&nbsp;&nbsp;&nbsp;&nbsp;&nbsp;&nbsp;&nbsp;&nbsp;w wieku poni\u017cej 18 lat nie mog\u0105 wypada\u0107 w porze nocnej.<\/li><\/ul>\n\n\n\n<ul class=\"wp-block-list\"><li>Praktyki zawodowe zorganizowane zostan\u0105 na terenie: \u2026\u2026\u2026\u2026\u2026\u2026\u2026\u2026\u2026\u2026\u2026\u2026\u2026\u2026\u2026\u2026\u2026\u2026\u2026\u2026<\/li><\/ul>\n\n\n\n<p>wed\u0142ug Ramowego programu praktyk zawodowych, stanowi\u0105cego Za\u0142\u0105cznik nr 1 do niniejszej Umowy.<\/p>\n\n\n\n<ul class=\"wp-block-list\"><li>Realizacja praktyk zawodowych jest nieodp\u0142atna dla ka\u017cdej ze Stron.<\/li><\/ul>\n\n\n\n<p><strong>\u00a7 3<\/strong><\/p>\n\n\n\n<ol class=\"wp-block-list\" type=\"1\"><li><strong>Szko\u0142a<\/strong> zobowi\u0105zuje si\u0119 do:<\/li><li>wsp\u00f3\u0142pracy z <strong>Podmiotem przyjmuj\u0105cym na praktyki zawodowe<\/strong>;<\/li><li>nadzorowania realizacji programu praktyk zawodowych;<\/li><li>ubezpieczenia uczni\u00f3w odbywaj\u0105cych praktyki zawodowe od nast\u0119pstw nieszcz\u0119\u015bliwych wypadk\u00f3w;<\/li><li>zapoznania uczestnik\u00f3w praktyk z Ramowym programem praktyk zawodowych, stanowi\u0105cym Za\u0142\u0105cznik nr 1 do niniejszej Umowy;<\/li><li>poinformowania uczestnik\u00f3w o obowi\u0105zku starannego i sumiennego wykonywania czynno\u015bci i zada\u0144 obj\u0119tych programem praktyk, stosowania si\u0119 do polece\u0144<strong> Podmiotu przyjmuj\u0105cego na praktyki zawodowe<\/strong> oraz opiekuna praktyk, je\u017celi nie s\u0105 one sprzeczne z prawem, oraz przestrzegania &nbsp;w<strong> Podmiocie przyjmuj\u0105cym na praktyki zawodowe<\/strong> zasad wsp\u00f3\u0142\u017cycia spo\u0142ecznego.<\/li><\/ol>\n\n\n\n<ul class=\"wp-block-list\"><li><strong>Podmiot przyjmuj\u0105cy<\/strong> uczni\u00f3w na praktyki zawodowe zobowi\u0105zuje si\u0119 do:<\/li><li>zorganizowania i zrealizowania praktyk zawodowych zgodnie z jej Ramowym programem, &nbsp;&nbsp;stanowi\u0105cym Za\u0142\u0105cznik nr 1 do niniejszej Umowy, z zachowaniem wymaga\u0144 bezpiecze\u0144stwa&nbsp; i higieny pracy;<\/li><li>zapoznania uczni\u00f3w z organizacj\u0105 pracy <strong>Podmiotu przyjmuj\u0105cego na praktyki zawodowe<\/strong>, regulaminem pracy&nbsp; oraz przepisami i zasadami bezpiecze\u0144stwa i higieny pracy;<\/li><li>niepowierzania uczniom odbywaj\u0105cym praktyki zawodowe czynno\u015bci lub zada\u0144 wykonywanych &nbsp;&nbsp;&nbsp;&nbsp;&nbsp;&nbsp;&nbsp;&nbsp;&nbsp;&nbsp;&nbsp;&nbsp;&nbsp;&nbsp;&nbsp;&nbsp;&nbsp;&nbsp;&nbsp;&nbsp;&nbsp;w warunkach szkodliwych lub uci\u0105\u017cliwych dla zdrowia;<\/li><li>wyznaczenia opiekuna praktyk zawodowych nadzoruj\u0105cego poprawno\u015b\u0107 wykonywanych czynno\u015bci &nbsp;&nbsp;&nbsp;&nbsp;&nbsp;&nbsp;&nbsp;&nbsp;&nbsp;&nbsp;&nbsp;&nbsp;&nbsp;&nbsp;&nbsp;&nbsp;&nbsp;w zgodno\u015bci z zasadami bhp;<\/li><li>wyznaczenia pomieszczenia do przechowywania przez uczni\u00f3w odzie\u017cy i obuwia roboczego &nbsp;&nbsp;&nbsp;&nbsp;&nbsp;&nbsp;&nbsp;&nbsp;&nbsp;&nbsp;&nbsp;&nbsp;&nbsp;&nbsp;&nbsp;&nbsp;&nbsp;&nbsp;&nbsp;&nbsp;&nbsp;&nbsp;&nbsp;oraz \u015brodk\u00f3w ochrony indywidualnej;<\/li><li>zapewnienia dost\u0119pu do urz\u0105dze\u0144 higieniczno-sanitarnych oraz pomieszcze\u0144&nbsp; socjalno-bytowych;<\/li><li>bezzw\u0142ocznego poinformowania <strong>Szko\u0142y<\/strong> o zdarzeniach istotnych dla realizacji Ramowego programu praktyk zawodowych;<\/li><li>niezw\u0142ocznego powiadomienia <strong>Szko\u0142y<\/strong> w przypadku zdarzenia losowego z udzia\u0142em ucznia, zaistnia\u0142ego w trakcie odbywania praktyk zawodowych oraz&nbsp; sporz\u0105dzenia&nbsp; stosownej dokumentacji powypadkowej;<\/li><li>potwierdzenia odbycia praktyk zawodowych zgodnie z jej Ramowym programem oraz wystawienia oceny w stopniach szkolnych i dokonania wpisu w prowadzonej przez ucznia dokumentacji praktyk \u2013 dzienniku praktyk zawodowych.<\/li><\/ul>\n\n\n\n<p><strong>\u00a7 4<\/strong><\/p>\n\n\n\n<p><strong>Szko\u0142a<\/strong> zastrzega sobie prawo do wizyt kontrolnych w <strong>Podmiocie przyjmuj\u0105cym<\/strong> <strong>na praktyki zawodowe<\/strong>,&nbsp;&nbsp;&nbsp;&nbsp;&nbsp;&nbsp;&nbsp;&nbsp;&nbsp;&nbsp;&nbsp;&nbsp;&nbsp;&nbsp;&nbsp;&nbsp;&nbsp; &nbsp;w miejscu realizacji praktyk zawodowych, w celu sprawdzenia prawid\u0142owo\u015bci wykonywania niniejszej Umowy.<\/p>\n\n\n\n<p><strong>\u00a7 5<\/strong><\/p>\n\n\n\n<p>Stronom przys\u0142uguje prawo do rozwi\u0105zania umowy w ka\u017cdym czasie z zachowaniem tygodniowego okresu wypowiedzenia.<\/p>\n\n\n\n<p><strong>\u00a7 6<\/strong><\/p>\n\n\n\n<ol class=\"wp-block-list\" type=\"1\"><li><strong>Szko\u0142a<\/strong> powierza <strong>Podmiotowi przyjmuj\u0105cemu<\/strong> <strong>na praktyki zawodowe<\/strong> przetwarzanie danych osobowych uczni\u00f3w realizuj\u0105cych&nbsp; praktyki zawodowe na podstawie niniejszej Umowy.<\/li><li><strong>Podmiot przyjmuj\u0105cy<\/strong> <strong>na praktyki zawodowe<\/strong> jest zobowi\u0105zany i upowa\u017cniony do przetwarzania powierzonych mu danych osobowych wy\u0142\u0105cznie do cel\u00f3w nale\u017cytego wykonania Umowy i wy\u0142\u0105cznie &nbsp;&nbsp;&nbsp;&nbsp;&nbsp;&nbsp;&nbsp;&nbsp;&nbsp;&nbsp;&nbsp;&nbsp;&nbsp;&nbsp;&nbsp;&nbsp;&nbsp;&nbsp;w zakresie wynikaj\u0105cym z jej tre\u015bci i nie mo\u017ce bez pisemnej zgody <strong>Szko\u0142y<\/strong> powierzy\u0107 innemu podmiotowi przetwarzania danych osobowych powierzonych mu przez <strong>Szko\u0142\u0119<\/strong>.<\/li><\/ol>\n\n\n\n<p><strong>\u00a7 7<\/strong><\/p>\n\n\n\n<p><strong>Postanowienia ko\u0144cowe<\/strong><\/p>\n\n\n\n<ol class=\"wp-block-list\" type=\"1\"><li>Adresy wskazane w niniejszej Umowie s\u0105 adresami do korespondencji ze skutkiem dor\u0119czenia,&nbsp; do chwili, gdy Strona listem poleconym nie poinformuje drugiej strony o zmianie adresu.<\/li><\/ol>\n\n\n\n<ul class=\"wp-block-list\"><li>Sprawy nieunormowane niniejsz\u0105 umow\u0105 reguluje Rozporz\u0105dzenie Ministra Edukacji Narodowej &nbsp;&nbsp;&nbsp;&nbsp;&nbsp;&nbsp;&nbsp;&nbsp;&nbsp;&nbsp;&nbsp;&nbsp;&nbsp;&nbsp;&nbsp;&nbsp;&nbsp;&nbsp;&nbsp;&nbsp;&nbsp;&nbsp;&nbsp;&nbsp;&nbsp;&nbsp;&nbsp;z dnia 22 lutego 2019 r. w sprawie praktycznej nauki zawodu (Dz. U. z 2019 r. poz. 391).<\/li><\/ul>\n\n\n\n<ul class=\"wp-block-list\"><li>Zmiany Umowy oraz wszelkie o\u015bwiadczenia Stron dotycz\u0105ce Umowy wymagaj\u0105 formy pisemnej &nbsp;&nbsp;&nbsp;&nbsp;&nbsp;&nbsp;&nbsp;&nbsp;&nbsp;&nbsp;&nbsp;&nbsp;&nbsp;&nbsp;&nbsp;&nbsp;&nbsp;&nbsp;&nbsp;&nbsp;&nbsp;&nbsp;&nbsp;&nbsp;pod rygorem niewa\u017cno\u015bci.<\/li><\/ul>\n\n\n\n<ul class=\"wp-block-list\"><li>Umowa wchodzi w \u017cycie z dniem podpisania.<\/li><\/ul>\n\n\n\n<ul class=\"wp-block-list\"><li>Umowa zosta\u0142a sporz\u0105dzona w dw\u00f3ch jednobrzmi\u0105cych egzemplarzach, po jednym dla ka\u017cdej ze Stron.<\/li><\/ul>\n\n\n\n<p><strong>&nbsp;&nbsp;&nbsp;&nbsp;&nbsp;&nbsp;&nbsp;&nbsp;&nbsp;&nbsp;&nbsp;&nbsp;&nbsp;&nbsp;&nbsp;&nbsp;&nbsp;&nbsp;&nbsp;&nbsp; Szko\u0142a:&nbsp;&nbsp;&nbsp;&nbsp;&nbsp;&nbsp;&nbsp;&nbsp;&nbsp;&nbsp;&nbsp;&nbsp;&nbsp;&nbsp;&nbsp;&nbsp;&nbsp;&nbsp;&nbsp;&nbsp;&nbsp;&nbsp;&nbsp;&nbsp;&nbsp;&nbsp;&nbsp;&nbsp;&nbsp;&nbsp;&nbsp;&nbsp;&nbsp;&nbsp;&nbsp;&nbsp;&nbsp;&nbsp;&nbsp;&nbsp;&nbsp;&nbsp;&nbsp;&nbsp;&nbsp;&nbsp;&nbsp;&nbsp;&nbsp;&nbsp; &nbsp;&nbsp;&nbsp;&nbsp;&nbsp;&nbsp;&nbsp;&nbsp;&nbsp;&nbsp;&nbsp;&nbsp; Podmiot przyjmuj\u0105cy na praktyki zawodowe:&nbsp;&nbsp;&nbsp;&nbsp;&nbsp;&nbsp;&nbsp;&nbsp;<\/strong><\/p>\n\n\n\n<p>&nbsp;&nbsp;&nbsp; &nbsp;&nbsp;\u2026\u2026\u2026\u2026\u2026\u2026\u2026\u2026\u2026\u2026&#8230;&nbsp;&nbsp;&nbsp;&nbsp;&nbsp;&nbsp;&nbsp;&nbsp;&nbsp;&nbsp;&nbsp;&nbsp;&nbsp;&nbsp;&nbsp;&nbsp;&nbsp;&nbsp;&nbsp;&nbsp;&nbsp;&nbsp;&nbsp;&nbsp;&nbsp;&nbsp;&nbsp;&nbsp;&nbsp;&nbsp;&nbsp;&nbsp;&nbsp;&nbsp;&nbsp;&nbsp;&nbsp;&nbsp;&nbsp;&nbsp;&nbsp;&nbsp;&nbsp;&nbsp;&nbsp;&nbsp;&nbsp;&nbsp;&nbsp;&nbsp;&nbsp;&nbsp;&nbsp;&nbsp;&nbsp;&nbsp;&nbsp;&nbsp;&nbsp;&nbsp;&nbsp;&nbsp;&nbsp;&nbsp;&nbsp;&nbsp; \u2026\u2026\u2026\u2026\u2026\u2026\u2026\u2026\u2026\u2026&#8230;&nbsp;&nbsp;&nbsp;&nbsp;&nbsp;&nbsp;&nbsp;&nbsp;&nbsp;&nbsp;&nbsp;&nbsp;&nbsp;&nbsp;<\/p>\n\n\n\n<h1 class=\"wp-block-heading\">&nbsp;<\/h1>\n","protected":false},"excerpt":{"rendered":"<p>\u00a0Umowa Nr \u2026.\/2023\/2024 &nbsp;o praktyczn\u0105 nauk\u0119 zawodu w formie praktyk zawodowych zawarta w Zgorzelcu w dniu \u2026\u2026\u2026\u2026\u2026\u2026\u2026\u2026\u2026\u2026\u2026\u2026. roku, pomi\u0119dzy: Zespo\u0142em Szk\u00f3\u0142 Zawodowych i Licealnych w Zgorzelcu z siedzib\u0105 przy ul. Powsta\u0144c\u00f3w \u015al\u0105skich 1, &nbsp;&nbsp;&nbsp;&nbsp;&nbsp;&nbsp;&nbsp;&nbsp;&nbsp;&nbsp;&nbsp;&nbsp;&nbsp;&nbsp;&nbsp;&nbsp;&nbsp;&nbsp;&nbsp;&nbsp;&nbsp;&nbsp;&nbsp;&nbsp;&nbsp;&nbsp;&nbsp;59-900 Zgorzelec, reprezentowanym przez: &nbsp;Mart\u0119 Topolnick\u0105 &#8211;&hellip; <a class=\"continue\" href=\"https:\/\/zszil.pl\/index.php\/umowa-praktyczna-nauka-zawodu\/\">Continue Reading<span> Umowa &#8211; praktyczna nauka zawodu<\/span><\/a><\/p>\n","protected":false},"author":1,"featured_media":0,"parent":0,"menu_order":0,"comment_status":"closed","ping_status":"closed","template":"","meta":{"footnotes":""},"class_list":["post-3637","page","type-page","status-publish","hentry"],"_links":{"self":[{"href":"https:\/\/zszil.pl\/index.php\/wp-json\/wp\/v2\/pages\/3637","targetHints":{"allow":["GET"]}}],"collection":[{"href":"https:\/\/zszil.pl\/index.php\/wp-json\/wp\/v2\/pages"}],"about":[{"href":"https:\/\/zszil.pl\/index.php\/wp-json\/wp\/v2\/types\/page"}],"author":[{"embeddable":true,"href":"https:\/\/zszil.pl\/index.php\/wp-json\/wp\/v2\/users\/1"}],"replies":[{"embeddable":true,"href":"https:\/\/zszil.pl\/index.php\/wp-json\/wp\/v2\/comments?post=3637"}],"version-history":[{"count":2,"href":"https:\/\/zszil.pl\/index.php\/wp-json\/wp\/v2\/pages\/3637\/revisions"}],"predecessor-version":[{"id":3640,"href":"https:\/\/zszil.pl\/index.php\/wp-json\/wp\/v2\/pages\/3637\/revisions\/3640"}],"wp:attachment":[{"href":"https:\/\/zszil.pl\/index.php\/wp-json\/wp\/v2\/media?parent=3637"}],"curies":[{"name":"wp","href":"https:\/\/api.w.org\/{rel}","templated":true}]}}