{"id":3645,"date":"2023-09-27T11:02:48","date_gmt":"2023-09-27T09:02:48","guid":{"rendered":"http:\/\/zszil.pl\/?page_id=3645"},"modified":"2023-09-27T11:02:49","modified_gmt":"2023-09-27T09:02:49","slug":"technik-grafiki-i-poligrafii-cyfrowej-2","status":"publish","type":"page","link":"https:\/\/zszil.pl\/index.php\/technik-grafiki-i-poligrafii-cyfrowej-2\/","title":{"rendered":"Technik grafiki i poligrafii cyfrowej"},"content":{"rendered":"\n<p class=\"has-text-align-center\"><strong>Ramowy program praktyk zawodowych<\/strong><\/p>\n\n\n\n<p class=\"has-text-align-center\"><strong>realizowanych w Zespole Szk\u00f3\u0142 Zawodowych i Licealnych w Zgorzelcu<\/strong><\/p>\n\n\n\n<p class=\"has-text-align-center\"><strong>przez uczni\u00f3w Technikum kszta\u0142c\u0105cego w zawodzie technik grafiki i poligrafii cyfrowej<\/strong><\/p>\n\n\n\n<ol class=\"wp-block-list\" type=\"I\"><li><strong>Wprowadzenie do zak\u0142adu pracy<\/strong><\/li><li>Bezpiecze\u0144stwo&nbsp; i higiena pracy w zawodzie technika grafiki i poligrafii cyfrowej.<\/li><li>Ochrona \u015brodowiska w dzia\u0142alno\u015bci zawodowej.<\/li><li>Podstawy poligrafii.<\/li><li>Kompetencje personalne i spo\u0142eczne.<\/li><li>Organizacja pracy ma\u0142ych zespo\u0142\u00f3w.<\/li><\/ol>\n\n\n\n<p><strong>Ucze\u0144:<\/strong><\/p>\n\n\n\n<ul class=\"wp-block-list\"><li>pos\u0142uguje si\u0119 poj\u0119ciami w zakresie bezpiecze\u0144stwa i higieny pracy, ochrony przeciwpo\u017carowej, ochrony \u015brodowiska i ergonomii<\/li><li>charakteryzuje zadania i uprawnienia instytucji oraz s\u0142u\u017cb dzia\u0142aj\u0105cych w zakresie ochrony pracy &nbsp;&nbsp;&nbsp;&nbsp;&nbsp;&nbsp;&nbsp;&nbsp;&nbsp;&nbsp;&nbsp;&nbsp;&nbsp;&nbsp;&nbsp;&nbsp;&nbsp;&nbsp;&nbsp;i ochrony \u015brodowiska<\/li><li>stosuje \u015brodki ochrony indywidualnej i zbiorowej podczas wykonywania zada\u0144 zawodowych<\/li><li>okre\u015bla skutki oddzia\u0142ywania czynnik\u00f3w szkodliwych na organizm cz\u0142owieka<\/li><li>organizuje stanowisko pracy zgodnie z wymaganiami ergonomii, przepisami bezpiecze\u0144stwa i higieny pracy, ochrony przeciwpo\u017carowej i ochrony \u015brodowiska<\/li><li>udziela pierwszej pomocy poszkodowanym w stanach nag\u0142ego zagro\u017cenia zdrowotnego<\/li><li>stosuje terminologi\u0119 z zakresu poligrafii<\/li><li>charakteryzuje procesy poligraficzne<\/li><li>charakteryzuje maszyny i urz\u0105dzenia stosowane w poligrafii<\/li><li>charakteryzuje materia\u0142y, p\u00f3\u0142produkty i produkty stosowane w poligrafii<\/li><li>pos\u0142uguje si\u0119 miarami poligraficznymi<\/li><li>pos\u0142uguje si\u0119 dokumentacj\u0105 techniczn\u0105 i technologiczn\u0105<\/li><li>rozpoznaje w\u0142a\u015bciwe normy i procedury oceny zgodno\u015bci podczas realizacji zada\u0144 zawodowych;<\/li><li>przestrzega zasad kultury i etyki zawodowej<\/li><li>charakteryzuje i stosuje techniki radzenia sobie ze stresem<\/li><li>wykazuje si\u0119 kreatywno\u015bci\u0105 i otwarto\u015bci\u0105 na zmiany<\/li><li>aktualizuje wiedz\u0119 i doskonali umiej\u0119tno\u015bci zawodowe<\/li><li>planuje wykonanie zadania<\/li><li>ponosi odpowiedzialno\u015b\u0107 za podejmowane dzia\u0142ania<\/li><li>wsp\u00f3\u0142pracuje w zespole<\/li><li>planuje prac\u0119 zespo\u0142u w celu wykonania przydzielonych zada\u0144<\/li><li>dobiera osoby do wykonania przydzielonych zada\u0144<\/li><li>kieruje wykonaniem przydzielonych zada\u0144<\/li><li>ocenia jako\u015b\u0107 wykonania przydzielonych zada\u0144.<\/li><\/ul>\n\n\n\n<ol class=\"wp-block-list\" type=\"I\"><li><strong>Wykonywanie zada\u0144 zawodowych technika <\/strong><strong>grafiki i poligrafii cyfrowej<\/strong><\/li><\/ol>\n\n\n\n<ol class=\"wp-block-list\" type=\"1\"><li><strong>Przygotowanie materia\u0142\u00f3w graficznych<\/strong><\/li><\/ol>\n\n\n\n<p><strong>Ucze\u0144:<\/strong><\/p>\n\n\n\n<ul class=\"wp-block-list\"><li>gromadzi graficzne materia\u0142y cyfrowe<\/li><li>przygotowuje obiekty bitmapowe do projektu graficznego<\/li><li>przygotowuje obiekty wektorowe do projektu graficznego<\/li><li>przygotowuje elementy tekstowe do projektu graficznego.<\/li><\/ul>\n\n\n\n<ul class=\"wp-block-list\"><li><strong>Projektowanie prac graficznych i publikacji<\/strong><\/li><\/ul>\n\n\n\n<p><strong>Ucze\u0144<\/strong>:<\/p>\n\n\n\n<ul class=\"wp-block-list\"><li>stosuje zasady sk\u0142adania i \u0142amania tekst\u00f3w<\/li><li>tworzy kompozycje graficzno-tekstowe prac i publikacji<\/li><li>przygotowuje graficznie projekty opakowa\u0144.<\/li><\/ul>\n\n\n\n<ul class=\"wp-block-list\"><li><strong>Przygotowanie prac graficznych do drukowania i publikacji<\/strong><\/li><\/ul>\n\n\n\n<p><strong>Ucze\u0144:<\/strong><\/p>\n\n\n\n<ul class=\"wp-block-list\"><li>stosuje zasady przygotowania prac cyfrowych do publikacji<\/li><li>przygotowuje materia\u0142 cyfrowy do publikowania<\/li><li>wykonuje impozycj\u0119 prac cyfrowych<\/li><li>stosuje proofing cyfrowy.<\/li><\/ul>\n\n\n\n<ul class=\"wp-block-list\"><li><strong>Drukowanie cyfrowe<\/strong><\/li><\/ul>\n\n\n\n<p><strong>Ucze\u0144:<\/strong><\/p>\n\n\n\n<ul class=\"wp-block-list\"><li>rozr\u00f3\u017cnia maszyny do drukowania cyfrowego<\/li><li>obs\u0142uguje drukuj\u0105ce maszyny cyfrowe<\/li><li>ocenia jako\u015b\u0107 wydruk\u00f3w cyfrowych<\/li><li>stosuje personalizacj\u0119 wydruk\u00f3w<\/li><li>wykonuje obr\u00f3bk\u0119 wyko\u0144czeniow\u0105 wydruk\u00f3w cyfrowych.<\/li><\/ul>\n\n\n\n<ul class=\"wp-block-list\"><li><strong>Planowanie i kontrolowanie produkcji poligraficznej<\/strong><\/li><\/ul>\n\n\n\n<p><strong>Ucze\u0144:<\/strong><\/p>\n\n\n\n<ul class=\"wp-block-list\"><li>ustala techniczne parametry produktu poligraficznego<\/li><li>wykonuje kalkulacje zapotrzebowania materia\u0142owego<\/li><li>planuje kontrol\u0119 proces\u00f3w drukowania, introligatorskich i wyko\u0144czeniowych<\/li><li>dobiera urz\u0105dzenia i przyrz\u0105dy kontrolno pomiarowe<\/li><li>ocenia jako\u015b\u0107 materia\u0142\u00f3w, p\u00f3\u0142produkt\u00f3w i produkt\u00f3w poligraficznych.<\/li><\/ul>\n\n\n\n<ul class=\"wp-block-list\"><li><strong>Drukowanie 3D<\/strong><\/li><\/ul>\n\n\n\n<p><strong>Ucze\u0144:<\/strong><\/p>\n\n\n\n<ul class=\"wp-block-list\"><li>gromadzi materia\u0142y cyfrowe do druku 3<\/li><li>tworzy obiekty przestrzenne do druku 3D;<\/li><li>obs\u0142uguje maszyny do druku 3D<\/li><li>wykonuje obr\u00f3bk\u0119 wyko\u0144czeniow\u0105 wydruk\u00f3w 3D.<\/li><\/ul>\n\n\n\n<ul class=\"wp-block-list\"><li><strong>J\u0119zyk obcy zawodowy<\/strong><\/li><\/ul>\n\n\n\n<p><strong>Ucze\u0144:<\/strong><\/p>\n\n\n\n<ul class=\"wp-block-list\"><li>pos\u0142uguje si\u0119 podstawowym zasobem \u015brodk\u00f3w j\u0119zykowych w j\u0119zyku obcym nowo\u017cytnym umo\u017cliwiaj\u0105cym realizacj\u0119 czynno\u015bci zawodowych w zakresie temat\u00f3w zwi\u0105zanych:<\/li><li>ze stanowiskiem pracy i jego wyposa\u017ceniem<\/li><li>z g\u0142\u00f3wnymi technologiami stosowanymi w danym zawodzie<\/li><li>z dokumentacj\u0105 zwi\u0105zan\u0105 z danym zawodem<\/li><li>z us\u0142ugami \u015bwiadczonymi w danym zawodzie<\/li><li>rozumie proste wypowiedzi ustne artyku\u0142owane wyra\u017anie, w standardowej odmianie j\u0119zyka obcego nowo\u017cytnego, a tak\u017ce proste wypowiedzi pisemne w j\u0119zyku obcym nowo\u017cytnym w zakresie umo\u017cliwiaj\u0105cym realizacj\u0119 zada\u0144 zawodowych<\/li><li>samodzielnie tworzy kr\u00f3tkie, proste, sp\u00f3jne i logiczne wypowiedzi ustne i pisemne w j\u0119zyku obcym nowo\u017cytnym w zakresie umo\u017cliwiaj\u0105cym realizacj\u0119 zada\u0144 zawodowych<\/li><li>uczestniczy w rozmowie w typowych sytuacjach zwi\u0105zanych z realizacj\u0105 zada\u0144 zawodowych \u2013 reaguje w j\u0119zyku obcym nowo\u017cytnym w spos\u00f3b zrozumia\u0142y, adekwatnie do sytuacji komunikacyjnej, ustnie lub w formie prostego tekstu<\/li><li>zmienia form\u0119 przekazu ustnego lub pisemnego w j\u0119zyku obcym nowo\u017cytnym w typowych sytuacjach zwi\u0105zanych z wykonywaniem czynno\u015bci zawodowych<\/li><li>wykorzystuje strategie s\u0142u\u017c\u0105ce doskonaleniu w\u0142asnych umiej\u0119tno\u015bci j\u0119zykowych oraz podnosz\u0105ce \u015bwiadomo\u015b\u0107 j\u0119zykow\u0105:<\/li><li>wykorzystuje techniki samodzielnej pracy nad j\u0119zykiem obcym nowo\u017cytnym<\/li><li>wsp\u00f3\u0142dzia\u0142a w grupie<\/li><li>korzysta ze \u017ar\u00f3de\u0142 informacji w j\u0119zyku obcym nowo\u017cytnym<\/li><li>stosuje strategie komunikacyjne i kompensacyjne.<\/li><\/ul>\n","protected":false},"excerpt":{"rendered":"<p>Ramowy program praktyk zawodowych realizowanych w Zespole Szk\u00f3\u0142 Zawodowych i Licealnych w Zgorzelcu przez uczni\u00f3w Technikum kszta\u0142c\u0105cego w zawodzie technik grafiki i poligrafii cyfrowej Wprowadzenie do zak\u0142adu pracy Bezpiecze\u0144stwo&nbsp; i higiena pracy w zawodzie technika grafiki i poligrafii cyfrowej. Ochrona&hellip; <a class=\"continue\" href=\"https:\/\/zszil.pl\/index.php\/technik-grafiki-i-poligrafii-cyfrowej-2\/\">Continue Reading<span> Technik grafiki i poligrafii cyfrowej<\/span><\/a><\/p>\n","protected":false},"author":1,"featured_media":0,"parent":0,"menu_order":0,"comment_status":"closed","ping_status":"closed","template":"","meta":{"footnotes":""},"class_list":["post-3645","page","type-page","status-publish","hentry"],"_links":{"self":[{"href":"https:\/\/zszil.pl\/index.php\/wp-json\/wp\/v2\/pages\/3645","targetHints":{"allow":["GET"]}}],"collection":[{"href":"https:\/\/zszil.pl\/index.php\/wp-json\/wp\/v2\/pages"}],"about":[{"href":"https:\/\/zszil.pl\/index.php\/wp-json\/wp\/v2\/types\/page"}],"author":[{"embeddable":true,"href":"https:\/\/zszil.pl\/index.php\/wp-json\/wp\/v2\/users\/1"}],"replies":[{"embeddable":true,"href":"https:\/\/zszil.pl\/index.php\/wp-json\/wp\/v2\/comments?post=3645"}],"version-history":[{"count":2,"href":"https:\/\/zszil.pl\/index.php\/wp-json\/wp\/v2\/pages\/3645\/revisions"}],"predecessor-version":[{"id":8495,"href":"https:\/\/zszil.pl\/index.php\/wp-json\/wp\/v2\/pages\/3645\/revisions\/8495"}],"wp:attachment":[{"href":"https:\/\/zszil.pl\/index.php\/wp-json\/wp\/v2\/media?parent=3645"}],"curies":[{"name":"wp","href":"https:\/\/api.w.org\/{rel}","templated":true}]}}