{"id":3649,"date":"2023-09-27T11:03:28","date_gmt":"2023-09-27T09:03:28","guid":{"rendered":"http:\/\/zszil.pl\/?page_id=3649"},"modified":"2023-09-27T11:03:29","modified_gmt":"2023-09-27T09:03:29","slug":"technik-informatyk-2","status":"publish","type":"page","link":"https:\/\/zszil.pl\/index.php\/technik-informatyk-2\/","title":{"rendered":"Technik informatyk"},"content":{"rendered":"\n<p><strong>Ramowy program praktyk zawodowych<\/strong><\/p>\n\n\n\n<p><strong>realizowanych w Zespole Szk\u00f3\u0142 Zawodowych i Licealnych w Zgorzelcu<\/strong><\/p>\n\n\n\n<p><strong>przez uczni\u00f3w Technikum kszta\u0142c\u0105cego w zawodzie technik informatyk<\/strong><\/p>\n\n\n\n<ol class=\"wp-block-list\" type=\"I\"><li><strong>Wprowadzenie do zak\u0142adu pracy<\/strong><\/li><\/ol>\n\n\n\n<ol class=\"wp-block-list\" type=\"1\"><li>Bezpiecze\u0144stwo&nbsp; i higiena pracy w zawodzie technik informatyk<\/li><li>Ochrona \u015brodowiska w dzia\u0142alno\u015bci zawodowej<\/li><li>Podstawy informatyki<\/li><li>Kompetencje personalne i spo\u0142eczne<\/li><li>Organizacja pracy ma\u0142ych zespo\u0142\u00f3w<\/li><\/ol>\n\n\n\n<p>Ucze\u0144:<\/p>\n\n\n\n<ul class=\"wp-block-list\"><li>okre\u015bla warunki i organizacj\u0119 pracy zapewniaj\u0105ce wymagany poziom ochrony zdrowia i \u017cycia przed zagro\u017ceniami;<\/li><li>opisuje zadania i uprawnienia instytucji oraz s\u0142u\u017cb dzia\u0142aj\u0105cych w zakresie ochrony pracy &nbsp;&nbsp;&nbsp;&nbsp;&nbsp;&nbsp;&nbsp;&nbsp;&nbsp;&nbsp;&nbsp;&nbsp;&nbsp;&nbsp;&nbsp;&nbsp;&nbsp;&nbsp;&nbsp;i ochrony \u015brodowiska;<\/li><li>opisuje prawa i obowi\u0105zki pracownika oraz pracodawcy w zakresie bezpiecze\u0144stwa i higieny pracy oraz prawa pracy;<\/li><li>stosuje \u015brodki techniczne, ochrony indywidualnej i zbiorowej podczas wykonywania zada\u0144 zawodowych;<\/li><li>okre\u015bla skutki oddzia\u0142ywania czynnik\u00f3w szkodliwych na organizm cz\u0142owieka;<\/li><li>udziela pierwszej pomocy poszkodowanym w stanach nag\u0142ego zagro\u017cenia zdrowotnego;<\/li><li>charakteryzuje parametry sprz\u0119tu komputerowego;<\/li><li>definiuje elementy architektury system\u00f3w komputerowych;<\/li><li>charakteryzuje systemy informatyczne oraz rozr\u00f3\u017cnia systemy informatyczne pod wzgl\u0119dem funkcjonalno\u015bci;<\/li><li>pos\u0142uguje si\u0119 terminologi\u0105 dotycz\u0105c\u0105 sieci komputerowych;<\/li><li>stosuje pozycyjne systemy liczbowe;<\/li><li>stosuje zasady cyberbezpiecze\u0144stwa;<\/li><li>rozpoznaje w\u0142a\u015bciwe normy i procedury oceny zgodno\u015bci podczas realizacji zada\u0144 zawodowych;<\/li><li>stosuje zalecenia dotycz\u0105ce u\u0142atwie\u0144 dost\u0119pno\u015bci serwis\u00f3w internetowych dla os\u00f3b niepe\u0142nosprawnych;<\/li><li>rozpoznaje w\u0142a\u015bciwe normy i procedury oceny zgodno\u015bci podczas realizacji zada\u0144 zawodowych;<\/li><li>przestrzega zasad kultury i etyki zawodowej;<\/li><li>stosuje zasady komunikacji interpersonalnej;<\/li><li>wykazuje si\u0119 kreatywno\u015bci\u0105 i otwarto\u015bci\u0105 na zmiany;<\/li><li>stosuje techniki radzenia sobie ze stresem;<\/li><li>doskonali umiej\u0119tno\u015bci zawodowe;<\/li><li>planuje wykonanie zadania;<\/li><li>ponosi odpowiedzialno\u015b\u0107 za podejmowane dzia\u0142ania;<\/li><li>negocjuje warunki porozumie\u0144;<\/li><li>stosuje metody i techniki rozwi\u0105zywania problem\u00f3w;<\/li><li>wsp\u00f3\u0142pracuje w zespole;<\/li><li>planuje i organizuje prac\u0119 zespo\u0142u w celu wykonania przydzielonych zada\u0144;<\/li><li>dobiera osoby do wykonania przydzielonych zada\u0144;<\/li><\/ul>\n\n\n\n<ul class=\"wp-block-list\"><li>kieruje wykonaniem przydzielonych zada\u0144;<\/li><li>ocenia jako\u015b\u0107 wykonania przydzielonych zada\u0144;<\/li><li>wprowadza rozwi\u0105zania techniczne i organizacyjne wp\u0142ywaj\u0105ce na popraw\u0119 warunk\u00f3w i jako\u015bci pracy.<\/li><\/ul>\n\n\n\n<ol class=\"wp-block-list\" type=\"I\"><li><strong>Wykonywanie zada\u0144 zawodowych technika <\/strong><strong>informatyka<\/strong><\/li><\/ol>\n\n\n\n<ol class=\"wp-block-list\" type=\"1\"><li><strong>Przygotowanie stanowiska komputerowego do pracy<\/strong><strong><\/strong><\/li><\/ol>\n\n\n\n<p>Ucze\u0144:<\/p>\n\n\n\n<ul class=\"wp-block-list\"><li>pos\u0142uguje si\u0119 poj\u0119ciami z dziedziny elektrotechniki;<\/li><li>charakteryzuje zjawiska fizyczne zwi\u0105zane z pr\u0105dem sta\u0142ym i przemiennym;<\/li><li>wymienia funkcje i wyja\u015bnia zasady dzia\u0142ania podzespo\u0142\u00f3w komputera;<\/li><li>montuje komputer z podzespo\u0142\u00f3w;<\/li><li>modernizuje komputery;<\/li><li>instaluje systemy operacyjne Windows i Linux;<\/li><li>konfiguruje i zarz\u0105dza systemami operacyjnymi Windows i Linux;<\/li><li>instaluje i konfiguruje oprogramowanie u\u017cytkowe;<\/li><li>zarz\u0105dza systemem operacyjnym z poziomu konsoli;<\/li><li>pisze skrypty w systemach operacyjnych;<\/li><li>przygotowuje urz\u0105dzenia mobilne do pracy;<\/li><li>sporz\u0105dza specyfikacj\u0119 techniczn\u0105 oraz kosztorysy system\u00f3w komputerowych;<\/li><li>stosuje przepisy prawa dotycz\u0105ce certyfikacji CE, recyklingu i gospodarki odpadami niebezpiecznymi;<\/li><li>zabezpiecza systemy operacyjne przed szkodliwym oprogramowaniem, niekontrolowanym przep\u0142ywem informacji oraz utrat\u0105 danych.<\/li><\/ul>\n\n\n\n<ul class=\"wp-block-list\"><li><strong>Eksploatacja urz\u0105dze\u0144 peryferyjnych<\/strong><strong><\/strong><\/li><\/ul>\n\n\n\n<p>Ucze\u0144:<\/p>\n\n\n\n<ul class=\"wp-block-list\"><li>okre\u015bla funkcje, budow\u0119 i zasad\u0119 dzia\u0142ania urz\u0105dze\u0144 peryferyjnych;<\/li><li>przygotowuje urz\u0105dzenia peryferyjne do pracy;<\/li><li>monitoruje prac\u0119 i wykonuje konserwacj\u0119 urz\u0105dze\u0144 peryferyjnych systemu komputerowego.<\/li><\/ul>\n\n\n\n<ul class=\"wp-block-list\"><li><strong>Naprawa urz\u0105dze\u0144 techniki komputerowej<\/strong><strong><\/strong><\/li><\/ul>\n\n\n\n<p>Ucze\u0144:<\/p>\n\n\n\n<ul class=\"wp-block-list\"><li>pos\u0142uguje si\u0119 narz\u0119dziami do naprawy sprz\u0119tu komputerowego;<\/li><li>tworzy i przywraca kopie bezpiecze\u0144stwa danych;<\/li><li>diagnozuje uszkodzenia sprz\u0119towe urz\u0105dze\u0144 techniki komputerowej;<\/li><li>lokalizuje i usuwa uszkodzenia sprz\u0119towe urz\u0105dze\u0144 techniki komputerowej;<\/li><li>odzyskuje dane z urz\u0105dze\u0144 techniki komputerowej;<\/li><li>sporz\u0105dza dokumentacj\u0119 po wykonaniu naprawy urz\u0105dze\u0144 techniki komputerowej.<\/li><\/ul>\n\n\n\n<ul class=\"wp-block-list\"><li><strong>Monta\u017c i eksploatacja lokalnej sieci komputerowej<\/strong><strong><\/strong><\/li><\/ul>\n\n\n\n<p>Ucze\u0144:<\/p>\n\n\n\n<ul class=\"wp-block-list\"><li>stosuje podstawowe poj\u0119cia dotycz\u0105ce sieci komputerowych;<\/li><li>interpretuje projekty sieci komputerowych;<\/li><li>tworzy modele i schematy lokalnych sieci komputerowych;<\/li><li>montuje okablowanie lokalnej sieci komputerowej;<\/li><li>wykonuje pomiary okablowania strukturalnego i sieci bezprzewodowych;<\/li><li>stosuje adresacj\u0119 Protoko\u0142u Internetowego (IP);<\/li><li>stosuje podzia\u0142 sieci na podsieci;<\/li><li>wykonuje testy i analiz\u0119 lokalnej sieci komputerowej;<\/li><li>modernizuje lokaln\u0105 sie\u0107 komputerow\u0105;<\/li><li>lokalizuje usterki i naprawia lokaln\u0105 sie\u0107 komputerow\u0105;<\/li><li>pod\u0142\u0105cza lokaln\u0105 sie\u0107 komputerow\u0105 do Internetu;<\/li><li>rozpoznaje i stosuje podstawowe protoko\u0142y rutingu.<\/li><\/ul>\n\n\n\n<ul class=\"wp-block-list\"><li><strong>Eksploatacja urz\u0105dze\u0144 sieciowych<\/strong><strong><\/strong><\/li><\/ul>\n\n\n\n<p>Ucze\u0144:<\/p>\n\n\n\n<ul class=\"wp-block-list\"><li>okre\u015bla funkcje, budow\u0119 i zasad\u0119 dzia\u0142ania urz\u0105dze\u0144 sieciowych;<\/li><li>monitoruje prac\u0119 urz\u0105dze\u0144 sieciowych;<\/li><li>konfiguruje prze\u0142\u0105czniki lokalnej sieci komputerowej;<\/li><li>konfiguruje rutery i urz\u0105dzenia zabezpieczaj\u0105ce typu zapora sieciowa (firewall);<\/li><li>tworzy sieci wirtualne;<\/li><li>konfiguruje urz\u0105dzenia dost\u0119pu do lokalnej sieci bezprzewodowej.<\/li><\/ul>\n\n\n\n<ul class=\"wp-block-list\"><li><strong>Administrowanie serwerowymi systemami operacyjnymi<\/strong><\/li><\/ul>\n\n\n\n<p>Ucze\u0144:<\/p>\n\n\n\n<ul class=\"wp-block-list\"><li>charakteryzuje i instaluje sieciowe systemy operacyjne z rodziny Windows i Linux;<\/li><li>konfiguruje us\u0142ugi i funkcje sieciowych system\u00f3w operacyjnych z rodziny Windows oraz Linux;<\/li><li>promuje i zarz\u0105dza kontrolerem domeny;<\/li><li>stosuje protoko\u0142y w sieci komputerowej;<\/li><li>udost\u0119pnia zasoby w sieci komputerowej;<\/li><li>zarz\u0105dza stacjami roboczymi.<\/li><\/ul>\n\n\n\n<ul class=\"wp-block-list\"><li><strong>Projektowanie stron internetowych<\/strong><\/li><\/ul>\n\n\n\n<p>Ucze\u0144:<\/p>\n\n\n\n<ul class=\"wp-block-list\"><li>pos\u0142uguje si\u0119 hipertekstowymi j\u0119zykami znacznik\u00f3w (HTML \u2212 HyperText Markup Language);<\/li><li>stosuje kaskadowe arkusze styl\u00f3w do tworzenia responsywnych stron internetowych;<\/li><\/ul>\n\n\n\n<ul class=\"wp-block-list\"><li>stosuje systemy zarz\u0105dzania tre\u015bci\u0105 CMS (Content Management System);<\/li><li>projektuje grafik\u0119 komputerow\u0105;<\/li><li>wykorzystuje elementy multimedialne na stronach internetowych;<\/li><li>wykonuje strony internetowe zgodnie z projektami;<\/li><li>stosuje regu\u0142y testowania, walidacji i optymalizacji stron internetowych;<\/li><li>publikuje witryny i aplikacje internetowe.<\/li><\/ul>\n\n\n\n<ul class=\"wp-block-list\"><li><strong>Projektowanie i administrowanie bazami danych<\/strong><\/li><\/ul>\n\n\n\n<p>Ucze\u0144:<\/p>\n\n\n\n<ul class=\"wp-block-list\"><li>pos\u0142uguje si\u0119 poj\u0119ciami dotycz\u0105cymi baz danych;<\/li><li>tworzy diagramy E\/R (Entity-Relationship Diagram);<\/li><li>korzysta z system\u00f3w zarz\u0105dzania bazami danych SZBD (Database Management System);<\/li><li>stosuje strukturalny j\u0119zyk zapyta\u0144 SQL (Structured Query Language);<\/li><li>tworzy relacyjne bazy danych zgodnie z projektem;<\/li><li>tworzy formularze, zapytania i raporty do przetwarzania danych;<\/li><li>modyfikuje struktury baz danych;<\/li><li>zarz\u0105dza systemem bazy danych.<\/li><\/ul>\n\n\n\n<ul class=\"wp-block-list\"><li><strong>Programowanie aplikacji internetowych<\/strong><\/li><\/ul>\n\n\n\n<p>Ucze\u0144:<\/p>\n\n\n\n<ul class=\"wp-block-list\"><li>stosuje zasady programowania;<\/li><li>stosuje skryptowe j\u0119zyki programowania;<\/li><li>programuje skrypty wykonywane po stronie klienta;<\/li><li>programuje skrypty wykonywane po stronie serwera;<\/li><li>stosuje \u015brodowisko programistyczne i uruchomieniowe aplikacji internetowych;<\/li><li>przeprowadza walidacj\u0119 kodu programu;<\/li><li>dokumentuje tworzon\u0105 aplikacj\u0119.<\/li><\/ul>\n\n\n\n<ol class=\"wp-block-list\" type=\"1\"><li><strong>J\u0119zyk obcy zawodowy<\/strong><\/li><\/ol>\n\n\n\n<p>Ucze\u0144:<\/p>\n\n\n\n<ul class=\"wp-block-list\"><li>pos\u0142uguje si\u0119 podstawowym zasobem \u015brodk\u00f3w j\u0119zykowych w j\u0119zyku obcym nowo\u017cytnym umo\u017cliwiaj\u0105cym realizacj\u0119 czynno\u015bci zawodowych w zakresie temat\u00f3w zwi\u0105zanych:<\/li><li>ze stanowiskiem pracy i jego wyposa\u017ceniem<\/li><li>z g\u0142\u00f3wnymi technologiami stosowanymi w danym zawodzie<\/li><li>z dokumentacj\u0105 zwi\u0105zan\u0105 z danym zawodem<\/li><li>z us\u0142ugami \u015bwiadczonymi w danym zawodzie;<\/li><li>rozumie proste wypowiedzi ustne artyku\u0142owane wyra\u017anie, w standardowej odmianie j\u0119zyka obcego nowo\u017cytnego, a tak\u017ce proste wypowiedzi pisemne w j\u0119zyku obcym nowo\u017cytnym w zakresie umo\u017cliwiaj\u0105cym realizacj\u0119 zada\u0144 zawodowych;<\/li><li>samodzielnie tworzy kr\u00f3tkie, proste, sp\u00f3jne i logiczne wypowiedzi ustne i pisemne w j\u0119zyku obcym nowo\u017cytnym w zakresie umo\u017cliwiaj\u0105cym realizacj\u0119 zada\u0144 zawodowych;<\/li><li>uczestniczy w rozmowie w typowych sytuacjach zwi\u0105zanych z realizacj\u0105 zada\u0144 zawodowych \u2013 reaguje w j\u0119zyku obcym nowo\u017cytnym w spos\u00f3b zrozumia\u0142y, adekwatnie do sytuacji komunikacyjnej, ustnie lub w formie prostego tekstu;<\/li><li>zmienia form\u0119 przekazu ustnego lub pisemnego w j\u0119zyku obcym nowo\u017cytnym w typowych sytuacjach zwi\u0105zanych z wykonywaniem czynno\u015bci zawodowych;<\/li><li>wykorzystuje strategie s\u0142u\u017c\u0105ce doskonaleniu w\u0142asnych umiej\u0119tno\u015bci j\u0119zykowych oraz podnosz\u0105ce \u015bwiadomo\u015b\u0107 j\u0119zykow\u0105:<\/li><li>wykorzystuje techniki samodzielnej pracy nad j\u0119zykiem obcym nowo\u017cytnym<\/li><li>wsp\u00f3\u0142dzia\u0142a w grupie<\/li><li>korzysta ze \u017ar\u00f3de\u0142 informacji w j\u0119zyku obcym nowo\u017cytnym<\/li><li>stosuje strategie komunikacyjne i kompensacyjne.<\/li><\/ul>\n","protected":false},"excerpt":{"rendered":"<p>Ramowy program praktyk zawodowych realizowanych w Zespole Szk\u00f3\u0142 Zawodowych i Licealnych w Zgorzelcu przez uczni\u00f3w Technikum kszta\u0142c\u0105cego w zawodzie technik informatyk Wprowadzenie do zak\u0142adu pracy Bezpiecze\u0144stwo&nbsp; i higiena pracy w zawodzie technik informatyk Ochrona \u015brodowiska w dzia\u0142alno\u015bci zawodowej Podstawy informatyki&hellip; <a class=\"continue\" href=\"https:\/\/zszil.pl\/index.php\/technik-informatyk-2\/\">Continue Reading<span> Technik informatyk<\/span><\/a><\/p>\n","protected":false},"author":1,"featured_media":0,"parent":0,"menu_order":0,"comment_status":"closed","ping_status":"closed","template":"","meta":{"footnotes":""},"class_list":["post-3649","page","type-page","status-publish","hentry"],"_links":{"self":[{"href":"https:\/\/zszil.pl\/index.php\/wp-json\/wp\/v2\/pages\/3649","targetHints":{"allow":["GET"]}}],"collection":[{"href":"https:\/\/zszil.pl\/index.php\/wp-json\/wp\/v2\/pages"}],"about":[{"href":"https:\/\/zszil.pl\/index.php\/wp-json\/wp\/v2\/types\/page"}],"author":[{"embeddable":true,"href":"https:\/\/zszil.pl\/index.php\/wp-json\/wp\/v2\/users\/1"}],"replies":[{"embeddable":true,"href":"https:\/\/zszil.pl\/index.php\/wp-json\/wp\/v2\/comments?post=3649"}],"version-history":[{"count":1,"href":"https:\/\/zszil.pl\/index.php\/wp-json\/wp\/v2\/pages\/3649\/revisions"}],"predecessor-version":[{"id":3650,"href":"https:\/\/zszil.pl\/index.php\/wp-json\/wp\/v2\/pages\/3649\/revisions\/3650"}],"wp:attachment":[{"href":"https:\/\/zszil.pl\/index.php\/wp-json\/wp\/v2\/media?parent=3649"}],"curies":[{"name":"wp","href":"https:\/\/api.w.org\/{rel}","templated":true}]}}