{"id":3655,"date":"2023-09-27T11:05:24","date_gmt":"2023-09-27T09:05:24","guid":{"rendered":"http:\/\/zszil.pl\/?page_id=3655"},"modified":"2023-09-27T11:05:24","modified_gmt":"2023-09-27T09:05:24","slug":"technik-urzadzen-i-systemow-energetyki-odnawialnej-2","status":"publish","type":"page","link":"https:\/\/zszil.pl\/index.php\/technik-urzadzen-i-systemow-energetyki-odnawialnej-2\/","title":{"rendered":"Technik urz\u0105dze\u0144 i system\u00f3w energetyki odnawialnej"},"content":{"rendered":"\n<p class=\"has-text-align-center\"><strong>Ramowy program praktyk zawodowych<\/strong><\/p>\n\n\n\n<p class=\"has-text-align-center\"><strong>realizowanych w Zespole Szk\u00f3\u0142 Zawodowych i Licealnych w Zgorzelcu<\/strong><\/p>\n\n\n\n<p class=\"has-text-align-center\"><strong>przez uczni\u00f3w Technikum kszta\u0142c\u0105cego w zawodzie technik urz\u0105dze\u0144 i system\u00f3w energetyki odnawialnej<\/strong><\/p>\n\n\n\n<ol class=\"wp-block-list\" type=\"I\"><li><strong>Wprowadzenie do zak\u0142adu pracy<\/strong><\/li><\/ol>\n\n\n\n<ol class=\"wp-block-list\" type=\"1\"><li>Bezpiecze\u0144stwo&nbsp; i higiena pracy w zawodzie technika urz\u0105dze\u0144 i system\u00f3w energetyki odnawialnej<\/li><li>Ochrona \u015brodowiska w dzia\u0142alno\u015bci zawodowej<\/li><li>Podstawy energetyki<\/li><li>Kompetencje personalne i spo\u0142eczne<\/li><li>Organizacja pracy ma\u0142ych zespo\u0142\u00f3w<\/li><\/ol>\n\n\n\n<p>Ucze\u0144:<\/p>\n\n\n\n<ul class=\"wp-block-list\"><li>rozr\u00f3\u017cnia poj\u0119cia zwi\u0105zane z bezpiecze\u0144stwem i higien\u0105 pracy, ochron\u0105 przeciwpo\u017carow\u0105, ochron\u0105 \u015brodowiska i ergonomi\u0105;<\/li><li>charakteryzuje zadania i uprawnienia instytucji oraz s\u0142u\u017cb dzia\u0142aj\u0105cych w zakresie ochrony pracy &nbsp;&nbsp;&nbsp;&nbsp;&nbsp;&nbsp;&nbsp;&nbsp;&nbsp;&nbsp;&nbsp;&nbsp;&nbsp;&nbsp;&nbsp;&nbsp;&nbsp;&nbsp;&nbsp;i ochrony \u015brodowiska;<\/li><li>rozr\u00f3\u017cnia prawa i obowi\u0105zki pracownika oraz pracodawcy w zakresie bezpiecze\u0144stwa i higieny pracy oraz prawa pracy;<\/li><li>charakteryzuje \u015brodki techniczne, ochrony indywidualnej i zbiorowej podczas wykonywania zada\u0144 zawodowych;<\/li><li>okre\u015bla skutki oddzia\u0142ywania czynnik\u00f3w szkodliwych na organizm cz\u0142owieka;<\/li><li>organizuje stanowisko pracy zgodnie z wymaganiami ergonomii oraz przepisami dotycz\u0105cymi bezpiecze\u0144stwa i higieny pracy, ochrony przeciwpo\u017carowej i ochrony \u015brodowiska;<\/li><li>stosuje zasady bezpiecze\u0144stwa i higieny pracy oraz przepisy prawa dotycz\u0105ce ochrony przeciwpo\u017carowej i ochrony \u015brodowiska;<\/li><li>udziela pierwszej pomocy poszkodowanym w stanach nag\u0142ego zagro\u017cenia zdrowotnego;<\/li><li>charakteryzuje uk\u0142ady elektryczne;<\/li><li>charakteryzuje zjawiska zwi\u0105zane z pr\u0105dem i napi\u0119ciem elektrycznym;<\/li><li>wykonuje pomiary parametr\u00f3w wielko\u015bci elektrycznych w obwodach elektrycznych;<\/li><li>charakteryzuje \u017ar\u00f3d\u0142a energii odnawialnej i nieodnawialnej;<\/li><li>charakteryzuje procesy wytwarzania energii elektrycznej, mechanicznej i cieplnej;<\/li><li>charakteryzuje systemy i obiekty energetyki odnawialnej;<\/li><li>stosuje prawa z zakresu mechaniki p\u0142yn\u00f3w oraz przemian energetycznych;<\/li><li>wykonuje obliczenia parametr\u00f3w charakteryzuj\u0105cych przep\u0142yw cieczy i gaz\u00f3w;<\/li><li>charakteryzuje przepisy prawa budowlanego i prawa energetycznego dotycz\u0105ce zastosowania urz\u0105dze\u0144 produkuj\u0105cych energi\u0119;<\/li><li>okre\u015bla korzy\u015bci wynikaj\u0105ce ze stosowania energii pochodz\u0105cej ze \u017ar\u00f3de\u0142 odnawialnych;<\/li><li>sporz\u0105dza schematy ideowe i monta\u017cowe uk\u0142ad\u00f3w elektrycznych;<\/li><li>rozpoznaje w\u0142a\u015bciwe normy i procedury oceny zgodno\u015bci podczas realizacji zada\u0144 zawodowych;<\/li><li>przestrzega zasad kultury i etyki zawodowej;<\/li><li>stosuje zasady komunikacji interpersonalnej;<\/li><li>wykazuje si\u0119 kreatywno\u015bci\u0105 i otwarto\u015bci\u0105 na zmiany;<\/li><li>stosuje techniki radzenia sobie ze stresem;<\/li><li>doskonali umiej\u0119tno\u015bci zawodowe;<\/li><li>planuje wykonanie zadania;<\/li><\/ul>\n\n\n\n<ul class=\"wp-block-list\"><li>ponosi odpowiedzialno\u015b\u0107 za podejmowane dzia\u0142ania;<\/li><li>negocjuje warunki porozumie\u0144;<\/li><li>stosuje metody i techniki rozwi\u0105zywania problem\u00f3w;<\/li><li>wsp\u00f3\u0142pracuje w zespole;<\/li><li>organizuje prac\u0119 zespo\u0142u w celu wykonania przydzielonych zada\u0144;<\/li><li>dobiera osoby do wykonania przydzielonych zada\u0144;<\/li><li>kieruje wykonaniem przydzielonych zada\u0144;<\/li><li>ocenia jako\u015b\u0107 wykonania przydzielonych zada\u0144;<\/li><li>wprowadza rozwi\u0105zania techniczne i organizacyjne wp\u0142ywaj\u0105ce na popraw\u0119 warunk\u00f3w i jako\u015bci pracy.<\/li><\/ul>\n\n\n\n<ol class=\"wp-block-list\" type=\"I\"><li><strong>Wykonywanie zada\u0144 zawodowych technika <\/strong><strong>urz\u0105dze\u0144 i system\u00f3w energetyki odnawialnej<\/strong><\/li><\/ol>\n\n\n\n<ol class=\"wp-block-list\" type=\"1\"><li><strong>Technologia monta\u017cu urz\u0105dze\u0144 i system\u00f3w energetyki odnawialnej<\/strong><\/li><\/ol>\n\n\n\n<p>Ucze\u0144:<\/p>\n\n\n\n<ul class=\"wp-block-list\"><li>pos\u0142uguje si\u0119 dokumentacj\u0105 budowlan\u0105;<\/li><li>charakteryzuje urz\u0105dzenia do pozyskiwania energii odnawialnej elektrycznej i cieplnej;<\/li><li>charakteryzuje technologie monta\u017cu urz\u0105dze\u0144 i instalacji system\u00f3w energii odnawialnej;<\/li><li>kompletuje narz\u0119dzia i sprz\u0119t do monta\u017cu urz\u0105dze\u0144 i instalacji system\u00f3w energetyki odnawialnej;<\/li><li>ustala warunki lokalizacji urz\u0105dze\u0144 energetyki odnawialnej;<\/li><li>prowadzi dokumentacj\u0119 transportu i sk\u0142adowania materia\u0142\u00f3w, urz\u0105dze\u0144 oraz element\u00f3w system\u00f3w energetyki odnawialnej;<\/li><li>sporz\u0105dza zapotrzebowanie na urz\u0105dzenia i systemy energetyki odnawialnej;<\/li><li>organizuje prace zwi\u0105zane z monta\u017cem urz\u0105dze\u0144 i system\u00f3w energetyki odnawialnej;<\/li><li>charakteryzuje aparatur\u0119 kontrolno-pomiarow\u0105 do pomiar\u00f3w elektrycznych i pomiar\u00f3w przep\u0142ywu cieczy i gaz\u00f3w.<\/li><\/ul>\n\n\n\n<ul class=\"wp-block-list\"><li><strong>Montowanie i uruchamianie urz\u0105dze\u0144 i system\u00f3w energetyki odnawialnej oraz wycena rob\u00f3t<\/strong><\/li><\/ul>\n\n\n\n<p>Ucze\u0144:<\/p>\n\n\n\n<ul class=\"wp-block-list\"><li>charakteryzuje narz\u0119dzia do wykonywania monta\u017cu instalacji i urz\u0105dze\u0144 system\u00f3w energetyki odnawialnej;<\/li><li>wykonuje instalacje sanitarne i elektryczne;<\/li><li>wykonuje monta\u017c urz\u0105dze\u0144 i system\u00f3w energetyki odnawialnej;<\/li><li>wykonuje monta\u017c urz\u0105dze\u0144 pomiarowych w systemach energetyki odnawialnej;<\/li><li>ocenia poprawno\u015b\u0107 monta\u017cu urz\u0105dze\u0144 i instalacji system\u00f3w energetyki odnawialnej;<\/li><li>uruchamia urz\u0105dzenia i systemy energetyki odnawialnej;<\/li><li>przestrzega procedur przekazywania do eksploatacji urz\u0105dze\u0144 i system\u00f3w energetyki odnawialnej;<\/li><li>sporz\u0105dza kosztorysy rob\u00f3t zwi\u0105zanych z monta\u017cem urz\u0105dze\u0144 i system\u00f3w energetyki odnawialnej;<\/li><li>ocenia op\u0142acalno\u015b\u0107 instalacji, urz\u0105dze\u0144 i system\u00f3w energetyki odnawialnej.<\/li><\/ul>\n\n\n\n<ul class=\"wp-block-list\"><li><strong>Monitorowanie system\u00f3w energetyki odnawialnej<\/strong><\/li><\/ul>\n\n\n\n<p>Ucze\u0144:<\/p>\n\n\n\n<ul class=\"wp-block-list\"><li>przeprowadza pomiary urz\u0105dze\u0144 i system\u00f3w energetyki odnawialnej;<\/li><li>dokonuje regulacji uk\u0142ad\u00f3w automatycznego sterowania systemami energetyki odnawialnej;<\/li><li>kontroluje dzia\u0142anie element\u00f3w uk\u0142ad\u00f3w regulacji i sterowania;<\/li><li>kontroluje stan techniczny system\u00f3w do pozyskiwania energii odnawialnej elektrycznej i cieplnej;<\/li><li>minimalizuje straty podczas wytwarzania, magazynowania i przesy\u0142ania energii.<\/li><\/ul>\n\n\n\n<ul class=\"wp-block-list\"><li><strong>Eksploatacja urz\u0105dze\u0144 i system\u00f3w energetyki odnawialnej<\/strong><\/li><\/ul>\n\n\n\n<p>Ucze\u0144:<\/p>\n\n\n\n<ul class=\"wp-block-list\"><li>charakteryzuje wymagania dotycz\u0105ce eksploatacji system\u00f3w energetyki odnawialnej;<\/li><li>przeprowadza przegl\u0105dy urz\u0105dze\u0144 i system\u00f3w energetyki odnawialnej;<\/li><li>wykonuje prace zwi\u0105zane z konserwacj\u0105, napraw\u0105 i demonta\u017cem instalacji system\u00f3w energetyki odnawialnej;<\/li><li>usuwa przyczyny nieprawid\u0142owego funkcjonowania urz\u0105dze\u0144 i system\u00f3w energetyki odnawialnej;<\/li><li>przeprowadza inwentaryzacj\u0119 urz\u0105dze\u0144 i system\u00f3w energetyki odnawialnej;<\/li><li>stosuje procedury rozpatrywania reklamacji dotycz\u0105cych dzia\u0142ania urz\u0105dze\u0144 i system\u00f3w energetyki odnawialnej.<\/li><\/ul>\n\n\n\n<ul class=\"wp-block-list\"><li><strong>Okre\u015blanie oddzia\u0142ywania energetyki odnawialnej na \u015brodowisko<\/strong><\/li><\/ul>\n\n\n\n<p>Ucze\u0144:<\/p>\n\n\n\n<ul class=\"wp-block-list\"><li>stosuje normy i przepisy prawa dotycz\u0105ce ochrony i kszta\u0142towania \u015brodowiska;<\/li><li>prowadzi racjonaln\u0105 gospodark\u0119 odpadami powstaj\u0105cymi przy monta\u017cu i eksploatacji urz\u0105dze\u0144 energetyki odnawialnej;<\/li><li>charakteryzuje wp\u0142yw materia\u0142\u00f3w i urz\u0105dze\u0144 stosowanych w energetyce odnawialnej na \u015brodowisko;<\/li><li>ocenia zmiany zachodz\u0105ce w \u015brodowisku spowodowane oddzia\u0142ywaniem urz\u0105dze\u0144 energetyki odnawialnej.<\/li><\/ul>\n\n\n\n<ol class=\"wp-block-list\" type=\"1\"><li><strong>J\u0119zyk obcy zawodowy<\/strong><\/li><\/ol>\n\n\n\n<p>Ucze\u0144:<\/p>\n\n\n\n<ul class=\"wp-block-list\"><li>pos\u0142uguje si\u0119 podstawowym zasobem \u015brodk\u00f3w j\u0119zykowych w j\u0119zyku obcym nowo\u017cytnym umo\u017cliwiaj\u0105cym realizacj\u0119 czynno\u015bci zawodowych w zakresie temat\u00f3w zwi\u0105zanych:<\/li><li>ze stanowiskiem pracy i jego wyposa\u017ceniem<\/li><li>z g\u0142\u00f3wnymi technologiami stosowanymi w danym zawodzie<\/li><li>z dokumentacj\u0105 zwi\u0105zan\u0105 z danym zawodem<\/li><li>z us\u0142ugami \u015bwiadczonymi w danym zawodzie;<\/li><li>rozumie proste wypowiedzi ustne artyku\u0142owane wyra\u017anie, w standardowej odmianie j\u0119zyka obcego nowo\u017cytnego, a tak\u017ce proste wypowiedzi pisemne w j\u0119zyku obcym nowo\u017cytnym w zakresie umo\u017cliwiaj\u0105cym realizacj\u0119 zada\u0144 zawodowych;<\/li><li>samodzielnie tworzy kr\u00f3tkie, proste, sp\u00f3jne i logiczne wypowiedzi ustne i pisemne w j\u0119zyku obcym nowo\u017cytnym w zakresie umo\u017cliwiaj\u0105cym realizacj\u0119 zada\u0144 zawodowych;<\/li><li>uczestniczy w rozmowie w typowych sytuacjach zwi\u0105zanych z realizacj\u0105 zada\u0144 zawodowych \u2013 reaguje w j\u0119zyku obcym nowo\u017cytnym w spos\u00f3b zrozumia\u0142y, adekwatnie do sytuacji komunikacyjnej, ustnie lub w formie prostego tekstu;<\/li><li>zmienia form\u0119 przekazu ustnego lub pisemnego w j\u0119zyku obcym nowo\u017cytnym w typowych sytuacjach zwi\u0105zanych z wykonywaniem czynno\u015bci zawodowych;<\/li><li>wykorzystuje strategie s\u0142u\u017c\u0105ce doskonaleniu w\u0142asnych umiej\u0119tno\u015bci j\u0119zykowych oraz podnosz\u0105ce \u015bwiadomo\u015b\u0107 j\u0119zykow\u0105:<\/li><li>wykorzystuje techniki samodzielnej pracy nad j\u0119zykiem obcym nowo\u017cytnym<\/li><li>wsp\u00f3\u0142dzia\u0142a w grupie<\/li><li>korzysta ze \u017ar\u00f3de\u0142 informacji w j\u0119zyku obcym nowo\u017cytnym<\/li><li>stosuje strategie komunikacyjne i kompensacyjne.<\/li><\/ul>\n","protected":false},"excerpt":{"rendered":"<p>Ramowy program praktyk zawodowych realizowanych w Zespole Szk\u00f3\u0142 Zawodowych i Licealnych w Zgorzelcu przez uczni\u00f3w Technikum kszta\u0142c\u0105cego w zawodzie technik urz\u0105dze\u0144 i system\u00f3w energetyki odnawialnej Wprowadzenie do zak\u0142adu pracy Bezpiecze\u0144stwo&nbsp; i higiena pracy w zawodzie technika urz\u0105dze\u0144 i system\u00f3w energetyki&hellip; <a class=\"continue\" href=\"https:\/\/zszil.pl\/index.php\/technik-urzadzen-i-systemow-energetyki-odnawialnej-2\/\">Continue Reading<span> Technik urz\u0105dze\u0144 i system\u00f3w energetyki odnawialnej<\/span><\/a><\/p>\n","protected":false},"author":1,"featured_media":0,"parent":0,"menu_order":0,"comment_status":"closed","ping_status":"closed","template":"","meta":{"footnotes":""},"class_list":["post-3655","page","type-page","status-publish","hentry"],"_links":{"self":[{"href":"https:\/\/zszil.pl\/index.php\/wp-json\/wp\/v2\/pages\/3655","targetHints":{"allow":["GET"]}}],"collection":[{"href":"https:\/\/zszil.pl\/index.php\/wp-json\/wp\/v2\/pages"}],"about":[{"href":"https:\/\/zszil.pl\/index.php\/wp-json\/wp\/v2\/types\/page"}],"author":[{"embeddable":true,"href":"https:\/\/zszil.pl\/index.php\/wp-json\/wp\/v2\/users\/1"}],"replies":[{"embeddable":true,"href":"https:\/\/zszil.pl\/index.php\/wp-json\/wp\/v2\/comments?post=3655"}],"version-history":[{"count":1,"href":"https:\/\/zszil.pl\/index.php\/wp-json\/wp\/v2\/pages\/3655\/revisions"}],"predecessor-version":[{"id":3656,"href":"https:\/\/zszil.pl\/index.php\/wp-json\/wp\/v2\/pages\/3655\/revisions\/3656"}],"wp:attachment":[{"href":"https:\/\/zszil.pl\/index.php\/wp-json\/wp\/v2\/media?parent=3655"}],"curies":[{"name":"wp","href":"https:\/\/api.w.org\/{rel}","templated":true}]}}