{"id":3664,"date":"2023-09-27T11:14:29","date_gmt":"2023-09-27T09:14:29","guid":{"rendered":"http:\/\/zszil.pl\/?page_id=3664"},"modified":"2024-05-21T09:23:02","modified_gmt":"2024-05-21T07:23:02","slug":"regulamin-praktyki","status":"publish","type":"page","link":"https:\/\/zszil.pl\/index.php\/regulamin-praktyki\/","title":{"rendered":"Regulamin praktyki"},"content":{"rendered":"\n<p>Regulamin<\/p>\n\n\n\n<p>organizacji praktyk zawodowych<\/p>\n\n\n\n<p>w Technikum&nbsp;&nbsp;&nbsp;&nbsp;&nbsp;&nbsp;&nbsp;&nbsp;&nbsp;&nbsp;&nbsp;&nbsp;&nbsp;&nbsp;&nbsp;&nbsp;&nbsp;&nbsp;&nbsp;&nbsp;&nbsp;&nbsp;&nbsp;&nbsp;&nbsp;&nbsp;&nbsp;&nbsp;&nbsp;&nbsp;&nbsp;&nbsp;&nbsp;&nbsp;&nbsp;&nbsp;&nbsp;&nbsp;&nbsp;&nbsp;&nbsp;&nbsp;&nbsp;&nbsp;&nbsp;&nbsp;&nbsp;&nbsp;&nbsp;&nbsp;&nbsp;&nbsp;&nbsp;&nbsp;&nbsp;&nbsp;&nbsp;&nbsp;&nbsp;&nbsp;&nbsp; &nbsp;im. G\u00f3rnik\u00f3w i Energetyk\u00f3w Turowa<\/p>\n\n\n\n<p>w Zgorzelcu<\/p>\n\n\n\n<p><strong>Spis tre\u015bci:<\/strong><\/p>\n\n\n\n<figure class=\"wp-block-table\"><table><tbody><tr><td><strong>Rozdzia\u0142 I&nbsp;<\/strong><\/td><td>Postanowienia og\u00f3lne<\/td><\/tr><tr><td><strong>Rozdzia\u0142 II<\/strong><\/td><td>Organizacja praktyk zawodowych<\/td><\/tr><tr><td><strong>Rozdzia\u0142 III<\/strong><\/td><td>Prawa i obowi\u0105zki Szko\u0142y w zakresie organizacji praktyk zawodowych<\/td><\/tr><tr><td><strong>Rozdzia\u0142 IV<\/strong><\/td><td>Prawa i obowi\u0105zki podmiotu przyjmuj\u0105cego uczni\u00f3w na praktyki zawodowe<\/td><\/tr><tr><td><strong>Rozdzia\u0142 V<\/strong><\/td><td>Prawa ucznia \u2013 uczestnika praktyk zawodowych<\/td><\/tr><tr><td><strong>Rozdzia\u0142 VI<\/strong><\/td><td>Obowi\u0105zki ucznia \u2013 uczestnika praktyk zawodowych<\/td><\/tr><tr><td><strong>Rozdzia\u0142 VII<\/strong><\/td><td>Kryteria i tryb ustalania oceny z praktyki zawodowej &nbsp;<\/td><\/tr><tr><td><strong>Rozdzia\u0142 VIII<\/strong><\/td><td>Przepisy ko\u0144cowe<\/td><\/tr><\/tbody><\/table><\/figure>\n\n\n\n<p><strong>Podstawa prawna:<\/strong><\/p>\n\n\n\n<ol class=\"wp-block-list\" type=\"1\"><li>Ustawa z dnia 14 grudnia 2016 r. &nbsp;Prawo o\u015bwiatowe (Dz. U. 2017 poz. 59 z p\u00f3\u017an. zm.)<\/li><li>Ustawa z dnia 14 grudnia 2016 r. Przepisy wprowadzaj\u0105ce ustaw\u0119 Prawo o\u015bwiatowe &nbsp;&nbsp;&nbsp;&nbsp;&nbsp;&nbsp;&nbsp;&nbsp;&nbsp;&nbsp;&nbsp;&nbsp;&nbsp;&nbsp;&nbsp;&nbsp;&nbsp;&nbsp;&nbsp;&nbsp;&nbsp;&nbsp;&nbsp;&nbsp;&nbsp;&nbsp;&nbsp;(Dz. U. 2017 poz. 60 z p\u00f3\u017an. zm.)<\/li><li>Rozporz\u0105dzenie Ministra Edukacji Narodowej z dnia 3 kwietnia 2019 r. w sprawie ramowych plan\u00f3w nauczania dla publicznych szk\u00f3\u0142 (Dz. U. 2019 poz. 639 z p\u00f3\u017an. zm.)<\/li><li>Rozporz\u0105dzenie Ministra Edukacji Narodowej z dnia 15 grudnia 2010 r. w sprawie praktycznej nauki zawodu (Dz.U. 2010 nr 244 poz. 1626 z p\u00f3\u017an. zm.)<\/li><li>Rozporz\u0105dzenie Ministra Edukacji Narodowej z dnia 24 sierpnia 2017 r. w sprawie praktycznej nauki zawodu (Dz. U. 2017 poz. 1644)<\/li><li>Rozporz\u0105dzenie Ministra Edukacji Narodowej z dnia 22 lutego 2019 r. w sprawie praktycznej nauki zawodu (Dz. U. 2019 poz. 391)<\/li><li>Rozporz\u0105dzenie&nbsp; Ministra&nbsp; Edukacji&nbsp; Narodowej&nbsp;&nbsp; z&nbsp; dnia&nbsp; 3 sierpnia 2017&nbsp; r. w sprawie oceniania, klasyfikowania i promowania uczni\u00f3w i&nbsp; s\u0142uchaczy&nbsp; w&nbsp; szko\u0142ach publicznych <strong>(Dz. U. 2017 poz. 1534<\/strong>)<\/li><\/ol>\n\n\n\n<p><strong>Rozdzia\u0142 I<\/strong><\/p>\n\n\n\n<p><strong>Postanowienia og\u00f3lne<\/strong><\/p>\n\n\n\n<ol class=\"wp-block-list\" type=\"1\"><li>Regulamin okre\u015bla warunki i tryb organizowania praktyk zawodowych wynikaj\u0105cych ze Szkolnego Planu Nauczania, przeznaczonych dla uczni\u00f3w Szko\u0142y.<\/li><li>Praktyki zawodowe jako forma praktycznej nauki zawodu organizowane s\u0105 dla uczni\u00f3w&nbsp;&nbsp;przez Szko\u0142\u0119 w&nbsp; celu&nbsp; pog\u0142\u0119biania&nbsp; nabytej przez nich wiedzy oraz jej zastosowania w kszta\u0142ceniu ich umiej\u0119tno\u015bci zawodowych w rzeczywistych warunkach pracy.<\/li><li>Praktyki zawodowe stanowi\u0105 dla uczni\u00f3w obowi\u0105zkowe zaj\u0119cia edukacyjne. Brak zaliczenia praktyk zawodowych jest podstaw\u0105 do niepromowania ucznia do klasy programowo wy\u017cszej.<\/li><li>Wiedz\u0119 i umiej\u0119tno\u015bci oraz kompetencje personalne i spo\u0142eczne nabywane przez uczni\u00f3w na praktykach zawodowych oraz wymiar godzin tych praktyk okre\u015bla program nauczania dla danego zawodu, dopuszczony do u\u017cytku przez Dyrektora Szko\u0142y.<\/li><\/ol>\n\n\n\n<p><strong>Rozdzia\u0142 II<\/strong><\/p>\n\n\n\n<p><strong>Organizacja praktyk zawodowych<\/strong><\/p>\n\n\n\n<ol class=\"wp-block-list\" type=\"1\"><li>Praktyki zawodowe organizowane s\u0105 w oparciu o umow\u0119 na organizacj\u0119 praktyk zawodowych,&nbsp; zawart\u0105&nbsp; pomi\u0119dzy &nbsp;Dyrektorem&nbsp; Szko\u0142y a podmiotem&nbsp; przyjmuj\u0105cym uczni\u00f3w&nbsp; na praktyki zawodowe.<\/li><li>Umow\u0119 zawiera si\u0119 w terminie umo\u017cliwiaj\u0105cym realizacj\u0119 programu praktycznej nauki zawodu.<\/li><li>Praktyki zawodowe uczni\u00f3w mog\u0105 by\u0107 organizowane w czasie ca\u0142ego roku szkolnego,&nbsp;w tym r\u00f3wnie\u017c w okresie ferii letnich.<\/li><li>W przypadku&nbsp; organizowania&nbsp; praktyk&nbsp; zawodowych&nbsp; w okresie ferii letnich odpowiedniemu skr\u00f3ceniu ulega czas trwania zaj\u0119\u0107 dydaktyczno-wychowawczych dla uczni\u00f3w odbywaj\u0105cych&nbsp;te praktyki.<\/li><li>Dobowy&nbsp; wymiar&nbsp; godzin&nbsp; zaj\u0119\u0107&nbsp; praktycznej&nbsp; nauki&nbsp; zawodu&nbsp; uczni\u00f3w&nbsp; w wieku&nbsp; do&nbsp; lat&nbsp; 16&nbsp;nie&nbsp; mo\u017ce&nbsp; przekracza\u0107 6 godzin, a uczni\u00f3w w wieku powy\u017cej 16 lat \u2013 8 godzin.<\/li><li>W szczeg\u00f3lnie uzasadnionych przypadkach dopuszcza si\u0119 mo\u017cliwo\u015b\u0107 przed\u0142u\u017cenia dobowego wymiaru godzin zaj\u0119\u0107 praktyki zawodowej dla uczni\u00f3w w wieku powy\u017cej 18 lat, &nbsp;nie d\u0142u\u017cej jednak ni\u017c do 12 godzin, przy zachowaniu \u0142\u0105cznego tygodniowego wymiaru godzin obowi\u0105zkowych zaj\u0119\u0107 edukacyjnych, okre\u015blonego w ramowym planie nauczania dla&nbsp; danego&nbsp;typu&nbsp; szko\u0142y.&nbsp; Przed\u0142u\u017cenie dobowego wymiaru godzin zaj\u0119\u0107 praktycznej nauki zawodu&nbsp;jest mo\u017cliwe tylko u tych pracodawc\u00f3w, u kt\u00f3rych przed\u0142u\u017cony dobowy wymiar czasu pracy wynika z rodzaju pracy lub jej organizacji.<\/li><li>Ucze\u0144 nie mo\u017ce odbywa\u0107 praktyk zawodowych&nbsp; w dni ustawowo wolne od pracy, niedziele, \u015bwi\u0119ta oraz w porze nocnej, w systemie pracy zmianowej ani w godzinach nadliczbowych,&nbsp;z zastrze\u017ceniem pkt. 8.<\/li><li>Szko\u0142a mo\u017ce wyrazi\u0107 zgod\u0119 na odbywanie praktyk zawodowych w systemie pracy zmianowej z pomini\u0119ciem pory nocnej lub w dni ustawowo wolne od pracy, niedziele i \u015bwi\u0119ta, o ile charakter pracy w danym zawodzie wymaga takiego rozk\u0142adu czasu pracy, pod warunkiem zapewnienia uczniowi odpoczynku zgodnie z Kodeksem Pracy.<\/li><li>Praktyki zawodowe s\u0105&nbsp; prowadzone&nbsp; indywidualnie&nbsp; lub&nbsp; w grupach, przy czym liczba uczni\u00f3w&nbsp;w grupie powinna umo\u017cliwia\u0107 realizacj\u0119 programu nauczania dla danego zawodu i uwzgl\u0119dnia\u0107 specyfik\u0119 nauczanego zawodu, przepisy bezpiecze\u0144stwa i higieny pracy oraz przepisy Kodeksu Pracy,&nbsp; a tak\u017ce warunki lokalowe i techniczne w miejscu odbywania praktyk zawodowych.<\/li><li>Podzia\u0142u uczni\u00f3w na grupy dokonuje kierownik kszta\u0142cenia praktycznego, w porozumieniu&nbsp;&nbsp;z podmiotem przyjmuj\u0105cym uczni\u00f3w na praktyki zawodowe.<\/li><li>Praktyki zawodowe &nbsp;organizowane s\u0105 u pracodawc\u00f3w i prowadzone pod kierunkiem opiekun\u00f3w praktyk zawodowych, kt\u00f3rymi mog\u0105 by\u0107 pracodawcy lub wyznaczeni przez nich pracownicy.<\/li><li>W przypadku stwierdzenia nie wywi\u0105zywania si\u0119 podmiotu, kt\u00f3ry przyj\u0105\u0142 ucznia na praktyki zawodowe, z realizacji programu praktyk dla danego zawodu, praktykant zostaje skierowany&nbsp;na praktyki do innego podmiotu, wskazanego przez Szko\u0142\u0119.<\/li><\/ol>\n\n\n\n<ol class=\"wp-block-list\" type=\"1\"><li>Dokumentacj\u0119 praktyk zawodowych stanowi prowadzony przez ucznia dziennik praktyk zawodowych. Form\u0119 prowadzenia dziennika ustala Dyrektor Szko\u0142y.<\/li><li>W dzienniku praktyk zawodowych ucze\u0144 opisuje przebieg praktyk zawodowych. Wykonanie czynno\u015bci opisanych przez ucznia w dzienniku praktyk zawodowych potwierdza podpisem pracodawca lub wyznaczony przez niego pracownik.<\/li><li>Po zako\u0144czeniu praktyk zawodowych przez ucznia podmiot potwierdza ich odbycie w dzienniku praktyk zawodowych oraz&nbsp; wystawia uczniowi ocen\u0119 w stopniach szkolnych.<\/li><li>Ocena wystawiona przez opiekuna praktyki jest podstaw\u0105 zaliczenia praktyk zawodowych &nbsp;w Szkole.<\/li><li>Wpisu oceny z praktyk zawodowych do dokumentacji przebiegu nauczania dokonuje Wychowawca klasy.<\/li><\/ol>\n\n\n\n<p><strong>Rozdzia\u0142 III<\/strong><\/p>\n\n\n\n<p><strong>Prawa i obowi\u0105zki Szko\u0142y w zakresie organizacji praktyk zawodowych<\/strong><\/p>\n\n\n\n<ol class=\"wp-block-list\" type=\"1\"><li>Szko\u0142a kieruje uczni\u00f3w na praktyki zawodowe.<\/li><li>Szko\u0142a organizuje praktyki zawodowe zgodnie z harmonogramem praktyk zawodowych zatwierdzonym na dany rok szkolny przez Dyrektora Szko\u0142y.<\/li><li>Praktyki zawodowe odbywaj\u0105 si\u0119 w wytypowanych lub zatwierdzonych przez Szko\u0142\u0119 podmiotach, kt\u00f3rych profil dzia\u0142alno\u015bci gwarantuje realizacj\u0119 programu praktyk zawodowych dla danego zawodu.<\/li><li>Szko\u0142a nadzoruje przebieg praktyk zawodowych, w tym realizacj\u0119 programu praktyk zawodowych dla danego zawodu.<\/li><li>Do zada\u0144 Szko\u0142y w zakresie organizacji praktyk zawodowych nale\u017cy:<\/li><li>wsp\u00f3\u0142praca&nbsp; z&nbsp; podmiotem&nbsp; przyjmuj\u0105cym&nbsp; uczni\u00f3w&nbsp; na&nbsp; praktyki&nbsp; zawodowe&nbsp;&nbsp;oraz z opiekunami praktyk zawodowych;<\/li><li>sporz\u0105dzenie um\u00f3w z podmiotami przyjmuj\u0105cymi uczni\u00f3w na praktyki zawodowe;,<\/li><li>zapoznanie uczestnik\u00f3w praktyk z Ramowym programem praktyk zawodowych&nbsp;&nbsp; oraz niniejszym regulaminem;<\/li><li>podzia\u0142 na grupy uczni\u00f3w odbywaj\u0105cych praktyki zawodowe;<\/li><li>poinformowanie uczestnik\u00f3w praktyk zawodowych o obowi\u0105zku starannego i sumiennego wykonywania czynno\u015bci i zada\u0144 obj\u0119tych programem praktyki, stosowania si\u0119 do polece\u0144 pracodawcy oraz opiekuna praktyk, je\u017celi nie s\u0105 one sprzeczne z prawem, oraz przestrzegania&nbsp;zasad wsp\u00f3\u0142\u017cycia spo\u0142ecznego;<\/li><li>ubezpieczenie uczni\u00f3w odbywaj\u0105cych praktyki zawodowe od nast\u0119pstw nieszcz\u0119\u015bliwych wypadk\u00f3w.<\/li><\/ol>\n\n\n\n<p><strong>Rozdzia\u0142 IV<\/strong><\/p>\n\n\n\n<p><strong>Prawa i obowi\u0105zki podmiotu przyjmuj\u0105cego uczni\u00f3w na praktyki zawodowe<\/strong><\/p>\n\n\n\n<ol class=\"wp-block-list\" type=\"1\"><li>Podmiot przyjmuj\u0105cy uczni\u00f3w na praktyki zawodowe zapewnia uczniom skierowanym przez Szko\u0142\u0119 realizacj\u0119 programu praktyk dla danego zawodu.<\/li><\/ol>\n\n\n\n<ul class=\"wp-block-list\"><li>&nbsp;Podmiot przyjmuj\u0105cy uczni\u00f3w na praktyki zawodowe organizuje praktyki wed\u0142ug Ramowego programu praktyk zawodowych, z zachowaniem wymaga\u0144 bezpiecze\u0144stwa&nbsp; i higieny pracy.<\/li><\/ul>\n\n\n\n<ul class=\"wp-block-list\"><li>Podmiot przyjmuj\u0105cy uczni\u00f3w na praktyki zawodowe zobowi\u0105zany jest do:<\/li><li>zapoznania uczni\u00f3w z organizacj\u0105 pracy przedsi\u0119biorstwa, regulaminem pracy &nbsp;oraz przepisami i zasadami bezpiecze\u0144stwa i higieny pracy;<\/li><li>niepowierzania uczniom odbywaj\u0105cym praktyki zawodowe czynno\u015bci lub zada\u0144 wykonywanych w warunkach szkodliwych lub uci\u0105\u017cliwych dla zdrowia;<\/li><li>wyznaczenia opiekuna praktyk nadzoruj\u0105cego poprawno\u015b\u0107 wykonywanych czynno\u015bci&nbsp;w zgodno\u015bci z zasadami bhp;<\/li><li>wyznaczenia pomieszczenia do przechowywania odzie\u017cy i obuwia roboczego oraz \u015brodk\u00f3w ochrony indywidualnej;<\/li><li>zapewnienia dost\u0119pu do urz\u0105dze\u0144 higieniczno-sanitarnych oraz pomieszcze\u0144&nbsp;&nbsp;socjalno-bytowych;<\/li><li>bezzw\u0142ocznego poinformowania Szko\u0142y o zdarzeniach istotnych dla realizacji Ramowego programu praktyk zawodowych;<\/li><li>niezw\u0142ocznego powiadomienia Szko\u0142y w przypadku zdarzenia losowego z udzia\u0142em ucznia, zaistnia\u0142ego w trakcie odbywania praktyk zawodowych oraz&nbsp; sporz\u0105dzenia&nbsp; stosownej dokumentacji powypadkowej;<\/li><li>potwierdzenia realizacji przez ucznia praktyk zawodowych zgodnie z jej Ramowym programem oraz wystawienia oceny w stopniach szkolnych i dokonania wpisu &nbsp;w &nbsp;prowadzonej &nbsp;przez ucznia dokumentacji praktyki \u2013 dzienniku praktyk zawodowych.<\/li><\/ul>\n\n\n\n<p><strong>Rozdzia\u0142 V<\/strong><\/p>\n\n\n\n<p><strong>Prawa ucznia \u2013 uczestnika praktyk zawodowych<\/strong><\/p>\n\n\n\n<ol class=\"wp-block-list\" type=\"1\"><li>W czasie odbywania praktyk zawodowych ucze\u0144 ma prawo do:<\/li><li>zapoznania&nbsp; z&nbsp; organizacj\u0105 pracy podmiotu przyjmuj\u0105cego na praktyki zawodowe, &nbsp;regulaminem pracy oraz przepisami i zasadami bezpiecze\u0144stwa i higieny pracy &nbsp;na poszczeg\u00f3lnych stanowiskach;<\/li><li>wykonywania zada\u0144 wynikaj\u0105cych z programu praktyk zawodowych;<\/li><li>w\u0142a\u015bciwego traktowania i poszanowania godno\u015bci osobistej;<\/li><li>zapoznania z kryteriami oceniania;<\/li><li>zapoznania z konsekwencjami wynikaj\u0105cymi z niewywi\u0105zywania si\u0119 z obowi\u0105zk\u00f3w i \u0142amania postanowie\u0144 regulaminu praktyk zawodowych;<\/li><li>korzystania z pomieszcze\u0144 do przechowywania odzie\u017cy i obuwia roboczego oraz &nbsp;pomieszcze\u0144&nbsp; socjalno-bytowych;<\/li><li>informowania&nbsp; Szko\u0142y&nbsp; o&nbsp; nieprawid\u0142owo\u015bciach&nbsp; i &nbsp;zmianach&nbsp; dotycz\u0105cych&nbsp; zakresu obowi\u0105zk\u00f3w, czasu trwania praktyk zawodowych itp.;<\/li><li>uzyskania informacji o ocenie z praktyk zawodowych i jej uzasadnieniu;<\/li><li>uzyskania wpisu oceny do dziennika praktyk zawodowych w ostatnim dniu jej trwania.<\/li><\/ol>\n\n\n\n<p><strong>Rozdzia\u0142 VI<\/strong><\/p>\n\n\n\n<p><strong>Obowi\u0105zki ucznia \u2013 uczestnika praktyk zawodowych<\/strong><\/p>\n\n\n\n<ol class=\"wp-block-list\" type=\"1\"><li>Ucze\u0144 ma obowi\u0105zek przygotowa\u0107 si\u0119 do praktyk zawodowych poprzez :<\/li><\/ol>\n\n\n\n<p>a) zapoznanie si\u0119 z tre\u015bci\u0105 niniejszego regulaminu i zobowi\u0105zanie si\u0119 do przestrzegania jego zapis\u00f3w;<\/p>\n\n\n\n<p>b) zapoznanie si\u0119 z Ramowym programem praktyk zawodowych dla danego zawodu.<\/p>\n\n\n\n<ul class=\"wp-block-list\"><li>W okresie realizacji praktyk zawodowych ucze\u0144 ma obowi\u0105zek:<\/li><li>przestrzegania przepis\u00f3w bezpiecze\u0144stwa i higieny pracy oraz przepis\u00f3w przeciwpo\u017carowych;<\/li><li>przestrzegania regulamin\u00f3w pracy obowi\u0105zuj\u0105cych w miejscu odbywania praktyk zawodowych;<\/li><li>stosowania si\u0119 do polece\u0144 pracodawcy i opiekuna praktyk zawodowych, je\u017celi nie s\u0105 one sprzeczne z prawem;<\/li><li>stosowania ubioru w\u0142a\u015bciwego dla specyfiki zawodu, w kt\u00f3rym si\u0119 kszta\u0142ci;<\/li><li>punktualnego rozpoczynania i ko\u0144czenia zaj\u0119\u0107;<\/li><li>starannego i sumiennego wykonywania czynno\u015bci i zada\u0144 obj\u0119tych programem praktyk zawodowych;<\/li><li>w przypadku choroby &#8211; zawiadomienia Szko\u0142y i opiekuna praktyk zawodowych oraz dostarczenia opiekunowi praktyk, w pierwszym dniu po chorobie, orygina\u0142u za\u015bwiadczenia lekarskiego, a kierownikowi kszta\u0142cenia praktycznego &nbsp;kserokopii &nbsp;&nbsp;&nbsp;&nbsp;&nbsp;&nbsp;&nbsp;&nbsp;&nbsp;&nbsp;&nbsp;&nbsp;&nbsp;&nbsp;&nbsp;&nbsp;&nbsp;&nbsp;&nbsp;&nbsp;&nbsp;&nbsp;ww. za\u015bwiadczenia w dniu sk\u0142adania dziennika praktyk zawodowych po zako\u0144czeniu jej odbywania;<\/li><li>przestrzegania zasad wsp\u00f3\u0142\u017cycia spo\u0142ecznego;<\/li><li>starannego i systematycznego prowadzenia dziennika praktyk zawodowych, zgodnie &nbsp;&nbsp;z tygodniowym harmonogramem praktyk zawodowych, ze wskazaniem stanowiska pracy oraz wykonywanych czynno\u015bci;<\/li><li>przedk\u0142adania dziennika praktyk zawodowych opiekunowi praktyk zawodowych oraz przedstawicielom Szko\u0142y do kontroli;<\/li><li>z\u0142o\u017cenia dziennika praktyk zawodowych kierownikowi kszta\u0142cenia praktycznego&nbsp;&nbsp;w ci\u0105gu 7 dni&nbsp; od dnia zako\u0144czenia praktyk zawodowych.<\/li><li>Nieobecno\u015b\u0107 na zaj\u0119ciach praktyk zawodowych musi zosta\u0107 usprawiedliwiona.<\/li><\/ul>\n\n\n\n<ul class=\"wp-block-list\"><li>Podczas odbywania praktyk zawodowych ucze\u0144 podlega przepisom Statutu Szko\u0142y, regulaminu realizacji praktyk zawodowych, a tak\u017ce przepisom organizacyjno \u2013porz\u0105dkowym podmiotu, w kt\u00f3rym realizuje praktyki zawodowe.<\/li><\/ul>\n\n\n\n<ul class=\"wp-block-list\"><li>W przypadku dyscyplinarnego usuni\u0119cia ucznia z praktyk zawodowych przez zak\u0142ad pracy, &nbsp;ucze\u0144 zobowi\u0105zany jest do ponownego odbycia praktyk w terminie i miejscu wskazanym &nbsp;przez Szko\u0142\u0119. Niezastosowanie si\u0119 do powy\u017cszego skutkuje ocen\u0105 niedostateczn\u0105 z praktyk zawodowych i brakiem promocji do klasy programowo wy\u017cszej.<\/li><\/ul>\n\n\n\n<p><strong>Rozdzia\u0142 VII<\/strong><\/p>\n\n\n\n<p><strong>Kryteria i tryb ustalania oceny z praktyk zawodowych<\/strong><\/p>\n\n\n\n<ol class=\"wp-block-list\" type=\"1\"><li>Ocen\u0119 za osi\u0105gni\u0119cia ucznia w czasie realizacji praktyk zawodowych ustala opiekun praktyk zawodowych z ramienia zak\u0142adu pracy, w kt\u00f3rym ucze\u0144 odbywa\u0142 praktyki. Powy\u017csza ocena odnotowywana jest w dzienniku praktyk zawodowych oraz potwierdzana piecz\u0119ci\u0105 zak\u0142adu pracy i podpisem osoby do tego upowa\u017cnionej.<\/li><\/ol>\n\n\n\n<ul class=\"wp-block-list\"><li>Ocena wystawiona przez opiekuna praktyk zawodowych jest podstaw\u0105 do zaliczenia praktyk zawodowych w Szkole.<\/li><\/ul>\n\n\n\n<ul class=\"wp-block-list\"><li>Ko\u0144cow\u0105 ocen\u0119 z praktyk zawodowych ustala kierownik kszta\u0142cenia praktycznego &nbsp;po sprawdzeniu zapis\u00f3w w dzienniku praktyk zawodowych. W przypadku w\u0105tpliwo\u015bci konsultuje ostateczn\u0105 ocen\u0119 z opiekunem praktyk zawodowych.<\/li><\/ul>\n\n\n\n<ul class=\"wp-block-list\"><li>Przy ustalaniu oceny z praktyk zawodowych bierze si\u0119 pod uwag\u0119 nast\u0119puj\u0105ce kryteria:<\/li><li>przestrzeganie przepis\u00f3w bhp i przeciwpo\u017carowych;<\/li><li>stopie\u0144 opanowania programowych umiej\u0119tno\u015bci zawodowych;<\/li><li>przestrzeganie dyscypliny pracy;<\/li><li>w\u0142a\u015bciwa organizacja stanowiska pracy;<\/li><li>jako\u015b\u0107 wykonywanej pracy;<\/li><li>samodzielno\u015b\u0107 podczas wykonywania zada\u0144;<\/li><li>poszanowanie i dba\u0142o\u015b\u0107 o narz\u0119dzia pracy;<\/li><li>punktualno\u015b\u0107 oraz frekwencja na praktykach zawodowych;<\/li><li>w\u0142a\u015bciwa postawa i kultura osobista;<\/li><li>przestrzegania zasad wsp\u00f3\u0142\u017cycia spo\u0142ecznego;<\/li><li>staranno\u015b\u0107 i systematyczno\u015b\u0107 prowadzenia dziennika praktyk zawodowych.<\/li><\/ul>\n\n\n\n<ul class=\"wp-block-list\"><li>Ocena z praktyk zawodowych, wystawiana jest wed\u0142ug nast\u0119puj\u0105cej skali:<\/li><li>stopie\u0144 celuj\u0105cy &#8211; 6,<\/li><li>stopie\u0144 bardzo dobry &#8211; 5,<\/li><li>stopie\u0144 dobry &#8211; 4,<\/li><li>stopie\u0144 dostateczny &#8211; 3,<\/li><li>stopie\u0144 dopuszczaj\u0105cy &#8211; 2,<\/li><li>stopie\u0144 niedostateczny &#8211; 1.<\/li><\/ul>\n\n\n\n<ul class=\"wp-block-list\"><li>Ucze\u0144 zaliczy\u0142 praktyki zawodowe, je\u017celi otrzyma\u0142 ocen\u0119 co najmniej dopuszczaj\u0105c\u0105.<\/li><\/ul>\n\n\n\n<ul class=\"wp-block-list\"><li>Ucze\u0144 nie zaliczy\u0142 &nbsp;praktyk zawodowych w przypadku niezastosowania si\u0119 do postanowie\u0144 niniejszego regulaminu, a zw\u0142aszcza w&nbsp; razie:<\/li><\/ul>\n\n\n\n<ol class=\"wp-block-list\" type=\"a\"><li>niestawienia si\u0119 w wyznaczonym terminie&nbsp; i miejscu w celu odbycia praktyk zawodowych;<\/li><li>niedostarczenia do kierownika kszta\u0142cenia praktycznego w wyznaczonym terminie poprawnie wype\u0142nionego dziennika praktyk zawodowych;<\/li><li>uzyskania niedostatecznej oceny z praktyk zawodowych wystawionej przez opiekuna praktyk zawodowych;<\/li><li>braku przeszkolenia w zakresie zasad bhp przez zak\u0142ad pracy z winy ucznia;<\/li><li>z\u0142amania przepis\u00f3w wewn\u0119trznych podmiotu przyjmuj\u0105cego ucznia na praktyki zawodowe.<\/li><\/ol>\n\n\n\n<ul class=\"wp-block-list\"><li>Ucze\u0144, kt\u00f3ry w wyniku klasyfikacji rocznej uzyska\u0142&nbsp; ocen\u0119 niedostateczn\u0105 z praktyk zawodowych odbywa ponownie praktyki w miejscu i terminie wyznaczonym &nbsp;przez Szko\u0142\u0119.<\/li><\/ul>\n\n\n\n<ul class=\"wp-block-list\"><li>W przypadku nieobecno\u015bci nieusprawiedliwionej ucze\u0144 zobowi\u0105zany jest do odbycia praktyk zawodowych (w wymiarze za czas nieobecno\u015bci) w terminie wskazanym przez Dyrektora Szko\u0142y, nie p\u00f3\u017aniej jednak ni\u017c do dnia zako\u0144czenia danego roku szkolnego.<\/li><\/ul>\n\n\n\n<ol class=\"wp-block-list\" type=\"1\"><li>Brak realizacji praktyk zawodowych w wymiarze za czas nieobecno\u015bci nieusprawiedliwionej&nbsp;&nbsp;&nbsp;jest r\u00f3wnoznaczny &nbsp;z&nbsp; niezaliczeniem praktyk zawodowych.&nbsp;&nbsp;&nbsp;&nbsp;&nbsp;&nbsp;&nbsp;&nbsp;<\/li><\/ol>\n\n\n\n<ol class=\"wp-block-list\" type=\"1\"><li>Brak pozytywnej oceny z praktyk zawodowych jest podstaw\u0105 do niepromowania ucznia do klasy programowo wy\u017cszej.<\/li><\/ol>\n\n\n\n<p><strong>Rozdzia\u0142 VIII<\/strong><\/p>\n\n\n\n<p><strong>Przepisy ko\u0144cowe<\/strong><\/p>\n\n\n\n<ul class=\"wp-block-list\"><li>1.&nbsp;&nbsp;&nbsp;&nbsp;&nbsp;&nbsp; W kwestiach nieuregulowanych niniejszym regulaminem zastosowanie maj\u0105 zapisy:<\/li><\/ul>\n\n\n\n<h1 class=\"wp-block-heading\">&nbsp;<\/h1>\n\n\n\n<ol class=\"wp-block-list\" type=\"a\"><li>Rozporz\u0105dzenia Ministra Edukacji Narodowej z dnia 15 grudnia 2010 r. w sprawie praktycznej nauki zawodu (Dz.U. 2010 nr 244 poz. 1626 z p\u00f3\u017an. zm.)<\/li><\/ol>\n\n\n\n<ul class=\"wp-block-list\"><li>b)&nbsp;&nbsp;&nbsp;&nbsp;&nbsp; Rozporz\u0105dzenia Ministra Edukacji Narodowej z dnia 24 sierpnia 2017 r. w sprawie praktycznej nauki zawodu (Dz. U. 2017 poz. 1644)<\/li><\/ul>\n\n\n\n<ul class=\"wp-block-list\"><li>c)&nbsp;&nbsp;&nbsp;&nbsp;&nbsp;&nbsp; Rozporz\u0105dzenia Ministra Edukacji Narodowej z dnia 22 lutego 2019 r. w sprawie praktycznej nauki zawodu (Dz. U. 2019 poz. 391).<\/li><\/ul>\n\n\n\n<div class=\"wp-block-file\"><a href=\"https:\/\/zszil.pl\/wp-content\/uploads\/2024\/05\/Dziennik-praktyk-zawodowych1121-2.docx\">Dziennik-praktyk-zawodowych1121-2<\/a><a href=\"https:\/\/zszil.pl\/wp-content\/uploads\/2024\/05\/Dziennik-praktyk-zawodowych1121-2.docx\" class=\"wp-block-file__button\" download>Pobierz<\/a><\/div>\n","protected":false},"excerpt":{"rendered":"<p>Regulamin organizacji praktyk zawodowych w Technikum&nbsp;&nbsp;&nbsp;&nbsp;&nbsp;&nbsp;&nbsp;&nbsp;&nbsp;&nbsp;&nbsp;&nbsp;&nbsp;&nbsp;&nbsp;&nbsp;&nbsp;&nbsp;&nbsp;&nbsp;&nbsp;&nbsp;&nbsp;&nbsp;&nbsp;&nbsp;&nbsp;&nbsp;&nbsp;&nbsp;&nbsp;&nbsp;&nbsp;&nbsp;&nbsp;&nbsp;&nbsp;&nbsp;&nbsp;&nbsp;&nbsp;&nbsp;&nbsp;&nbsp;&nbsp;&nbsp;&nbsp;&nbsp;&nbsp;&nbsp;&nbsp;&nbsp;&nbsp;&nbsp;&nbsp;&nbsp;&nbsp;&nbsp;&nbsp;&nbsp;&nbsp; &nbsp;im. G\u00f3rnik\u00f3w i Energetyk\u00f3w Turowa w Zgorzelcu Spis tre\u015bci: Rozdzia\u0142 I&nbsp; Postanowienia og\u00f3lne Rozdzia\u0142 II Organizacja praktyk zawodowych Rozdzia\u0142 III Prawa i obowi\u0105zki Szko\u0142y w zakresie organizacji praktyk zawodowych Rozdzia\u0142 IV Prawa i obowi\u0105zki&hellip; <a class=\"continue\" href=\"https:\/\/zszil.pl\/index.php\/regulamin-praktyki\/\">Continue Reading<span> Regulamin praktyki<\/span><\/a><\/p>\n","protected":false},"author":1,"featured_media":0,"parent":0,"menu_order":0,"comment_status":"closed","ping_status":"closed","template":"","meta":{"footnotes":""},"class_list":["post-3664","page","type-page","status-publish","hentry"],"_links":{"self":[{"href":"https:\/\/zszil.pl\/index.php\/wp-json\/wp\/v2\/pages\/3664","targetHints":{"allow":["GET"]}}],"collection":[{"href":"https:\/\/zszil.pl\/index.php\/wp-json\/wp\/v2\/pages"}],"about":[{"href":"https:\/\/zszil.pl\/index.php\/wp-json\/wp\/v2\/types\/page"}],"author":[{"embeddable":true,"href":"https:\/\/zszil.pl\/index.php\/wp-json\/wp\/v2\/users\/1"}],"replies":[{"embeddable":true,"href":"https:\/\/zszil.pl\/index.php\/wp-json\/wp\/v2\/comments?post=3664"}],"version-history":[{"count":2,"href":"https:\/\/zszil.pl\/index.php\/wp-json\/wp\/v2\/pages\/3664\/revisions"}],"predecessor-version":[{"id":4565,"href":"https:\/\/zszil.pl\/index.php\/wp-json\/wp\/v2\/pages\/3664\/revisions\/4565"}],"wp:attachment":[{"href":"https:\/\/zszil.pl\/index.php\/wp-json\/wp\/v2\/media?parent=3664"}],"curies":[{"name":"wp","href":"https:\/\/api.w.org\/{rel}","templated":true}]}}