{"id":3719,"date":"2023-10-02T14:30:52","date_gmt":"2023-10-02T12:30:52","guid":{"rendered":"http:\/\/zszil.pl\/?page_id=3719"},"modified":"2023-10-02T14:30:53","modified_gmt":"2023-10-02T12:30:53","slug":"technik-elektronik-2","status":"publish","type":"page","link":"https:\/\/zszil.pl\/index.php\/technik-elektronik-2\/","title":{"rendered":"Technik elektronik"},"content":{"rendered":"\n<p><strong>Ramowy program praktyk zawodowych<\/strong><\/p>\n\n\n\n<p class=\"has-text-align-center\"><strong>realizowanych w Zespole Szk\u00f3\u0142 Zawodowych i Licealnych w Zgorzelcu<\/strong><\/p>\n\n\n\n<p class=\"has-text-align-center\"><strong>przez uczni\u00f3w&nbsp; Technikum kszta\u0142c\u0105cego w zawodzie technik elektronik<\/strong><\/p>\n\n\n\n<ol class=\"wp-block-list\" type=\"I\"><li><strong>Wprowadzenie do zak\u0142adu pracy<\/strong><\/li><\/ol>\n\n\n\n<ul class=\"wp-block-list\" type=\"1\"><li>Charakterystyka og\u00f3lna organizacji zak\u0142adu<\/li><li>Bezpiecze\u0144stwo\u00a0 i higiena pracy w zawodzie technika elektronika<\/li><li>Ochrona \u015brodowiska w dzia\u0142alno\u015bci zawodowej<\/li><\/ul>\n\n\n\n<p>Ucze\u0144:<\/p>\n\n\n\n<ul class=\"wp-block-list\"><li>rozr\u00f3\u017cnia przedsi\u0119biorstwa i instytucje wyst\u0119puj\u0105ce w bran\u017cy oraz powi\u0105zania pomi\u0119dzy nimi;&nbsp;&nbsp;&nbsp;&nbsp;<\/li><li>charakteryzuje zadania poszczeg\u00f3lnych rodzaj\u00f3w podmiot\u00f3w wyst\u0119puj\u0105cych w bran\u017cy;<\/li><li>rozr\u00f3\u017cnia produkty i us\u0142ugi bran\u017cowe;<\/li><li>zna i stosuje przepisy prawa dotycz\u0105ce bran\u017cy;<\/li><li>pos\u0142uguje si\u0119 dokumentacj\u0105 i katalogami bran\u017cowymi;<\/li><li>dobiera metody i przyrz\u0105dy do realizacji okre\u015blonych zada\u0144 zawodowych;<\/li><li>stosuje oprogramowanie komputerowe wspomagaj\u0105ce wykonywanie zada\u0144 zawodowych;<\/li><li>sporz\u0105dza dokumentacj\u0119 z wykonywanych prac;<\/li><li>rozr\u00f3\u017cnia poj\u0119cia zwi\u0105zane z bezpiecze\u0144stwem i higien\u0105 pracy, ochron\u0105 przeciwpo\u017carow\u0105, ochron\u0105 \u015brodowiska i ergonomi\u0105;<\/li><li>rozr\u00f3\u017cnia zadania i uprawnienia instytucji oraz s\u0142u\u017cb dzia\u0142aj\u0105cych w zakresie ochrony pracy i ochrony \u015brodowiska w Polsce;<\/li><li>okre\u015bla prawa i obowi\u0105zki pracownika oraz pracodawcy w zakresie bezpiecze\u0144stwa i higieny pracy;<\/li><li>przewiduje zagro\u017cenia dla zdrowia i \u017cycia cz\u0142owieka oraz mienia i \u015brodowiska zwi\u0105zane&nbsp;&nbsp;&nbsp;&nbsp;&nbsp;&nbsp;&nbsp;&nbsp;&nbsp;&nbsp;&nbsp;&nbsp;&nbsp;&nbsp;&nbsp;&nbsp;&nbsp;&nbsp;&nbsp;&nbsp;&nbsp;&nbsp;&nbsp;&nbsp;&nbsp;&nbsp;&nbsp;&nbsp;&nbsp;&nbsp;&nbsp;&nbsp;&nbsp;&nbsp; z wykonywaniem zada\u0144 zawodowych;<\/li><li>okre\u015bla zagro\u017cenia zwi\u0105zane z wyst\u0119powaniem szkodliwych czynnik\u00f3w w \u015brodowisku pracy;<\/li><li>okre\u015bla skutki oddzia\u0142ywania czynnik\u00f3w szkodliwych na organizm cz\u0142owieka;<\/li><li>organizuje stanowisko pracy zgodnie z obowi\u0105zuj\u0105cymi wymaganiami ergonomii, przepisami bezpiecze\u0144stwa i higieny pracy, ochrony przeciwpo\u017carowej i ochrony \u015brodowiska;<\/li><li>stosuje \u015brodki ochrony indywidualnej i zbiorowej podczas wykonywania zada\u0144 zawodowych;<\/li><li>przestrzega zasad bezpiecze\u0144stwa i higieny pracy oraz stosuje przepisy prawa dotycz\u0105ce ochrony przeciwpo\u017carowej i ochrony \u015brodowiska;<\/li><li>udziela pierwszej pomocy poszkodowanym w wypadkach przy pracy oraz w stanach zagro\u017cenia zdrowia i \u017cycia.<\/li><\/ul>\n\n\n\n<ol class=\"wp-block-list\" type=\"I\"><li><strong>Wykonywanie zada\u0144 zawodowych technika <\/strong><strong>elektronika<\/strong><\/li><\/ol>\n\n\n\n<ol class=\"wp-block-list\" type=\"1\"><li><strong>Monta\u017c i demonta\u017c element\u00f3w, uk\u0142ad\u00f3w i urz\u0105dze\u0144 elektronicznych<\/strong><\/li><\/ol>\n\n\n\n<p>Ucze\u0144:<\/p>\n\n\n\n<ul class=\"wp-block-list\"><li>okre\u015bla funkcje i zastosowanie element\u00f3w, uk\u0142ad\u00f3w i urz\u0105dze\u0144 elektronicznych oraz element\u00f3w mechanicznych na podstawie wygl\u0105du, oznacze\u0144 i symboli graficznych;<\/li><li>przygotowuje elementy do monta\u017cu;<\/li><li>wykonuje lutowanie r\u0119czne przewlekane i powierzchniowe;<\/li><li>wylutowuje elementy elektroniczne;<\/li><\/ul>\n\n\n\n<ul class=\"wp-block-list\"><li>sprawdza poprawno\u015b\u0107 wykonanych po\u0142\u0105cze\u0144 zgodnie z dokumentacj\u0105;<\/li><li>uruchamia uk\u0142ady i urz\u0105dzenia elektroniczne;<\/li><li>lokalizuje usterki w uk\u0142adach i urz\u0105dzeniach elektronicznych;<\/li><li>usuwa usterki uk\u0142ad\u00f3w i urz\u0105dze\u0144 elektronicznych powsta\u0142e na etapie monta\u017cu;<\/li><li>sporz\u0105dza dokumentacj\u0119 powykonawcz\u0105 zmontowanych uk\u0142ad\u00f3w i urz\u0105dze\u0144;<\/li><li>stosuje programy do symulacji dzia\u0142a\u0144 uk\u0142ad\u00f3w elektronicznych;<\/li><li>rozr\u00f3\u017cnia symbole na urz\u0105dzeniach zwi\u0105zane z ochron\u0105 \u015brodowiska;<\/li><li>demontuje urz\u0105dzenia i uk\u0142ady elektroniczne;<\/li><li>przygotowuje zdemontowane elementy urz\u0105dze\u0144 do recyklingu;<\/li><li>stosuje przepisy prawa dotycz\u0105ce gospodarki odpadami niebezpiecznymi.<\/li><\/ul>\n\n\n\n<ul class=\"wp-block-list\"><li><strong>Wykonywanie instalacji wraz z monta\u017cem urz\u0105dze\u0144 elektronicznych<\/strong><\/li><\/ul>\n\n\n\n<p>Ucze\u0144:<\/p>\n\n\n\n<ul class=\"wp-block-list\"><li>okre\u015bla funkcje i zastosowanie element\u00f3w instalacji na podstawie wygl\u0105du, oznacze\u0144 i symboli graficznych;<\/li><li>wyznacza trasy przewod\u00f3w dla instalowanych urz\u0105dze\u0144 elektronicznych;<\/li><li>przygotowuje przewody do instalowanych urz\u0105dze\u0144 elektronicznych;<\/li><li>wykonuje instalacj\u0119 natynkow\u0105 i podtynkow\u0105;<\/li><li>wykonuje po\u0142\u0105czenia mechaniczne i elektryczne instalowanych urz\u0105dze\u0144;<\/li><li>sprawdza poprawno\u015b\u0107 po\u0142\u0105cze\u0144 w instalacji zgodnie z dokumentacj\u0105;<\/li><li>uruchamia instalacje urz\u0105dze\u0144 elektronicznych;<\/li><li>lokalizuje usterki w instalacjach urz\u0105dze\u0144 elektronicznych;<\/li><li>usuwa usterki instalacji urz\u0105dze\u0144 elektronicznych powsta\u0142e na etapie monta\u017cu;<\/li><li>sporz\u0105dza dokumentacj\u0119 powykonawcz\u0105 wykonanej instalacji;<\/li><li>demontuje elementy instalacji urz\u0105dze\u0144 elektronicznych;<\/li><li>przygotowuje zdemontowane elementy instalacji do recyclingu.<\/li><\/ul>\n\n\n\n<ul class=\"wp-block-list\"><li><strong>U\u017cytkowanie urz\u0105dze\u0144 elektronicznych oraz pomiary sygna\u0142\u00f3w i parametr\u00f3w urz\u0105dze\u0144<\/strong><\/li><\/ul>\n\n\n\n<p>Ucze\u0144:<\/p>\n\n\n\n<ul class=\"wp-block-list\"><li>rozpoznaje urz\u0105dzenia elektroniczne;<\/li><li>okre\u015bla funkcje, parametry oraz zastosowanie urz\u0105dze\u0144 elektronicznych;<\/li><li>okre\u015bla zadania blok\u00f3w funkcjonalnych w urz\u0105dzeniach elektronicznych na podstawie analizy schemat\u00f3w blokowych;<\/li><li>pos\u0142uguje si\u0119 poj\u0119ciami i zagadnieniami z zakresu optoelektroniki i techniki \u015bwiat\u0142owodowej;<\/li><li>okre\u015bla zastosowania element\u00f3w optoelektronicznych;<\/li><li>opisuje technologie i systemy transmisji \u015bwiat\u0142owodowej;<\/li><li>rozr\u00f3\u017cnia standardy transmisji bezprzewodowych;<\/li><li>przestrzega zasad \u0142\u0105czenia urz\u0105dze\u0144 elektronicznych z uwzgl\u0119dnieniem parametr\u00f3w sygna\u0142\u00f3w, standard\u00f3w interfejs\u00f3w oraz obwod\u00f3w zasilania;<\/li><li>dobiera urz\u0105dzenia elektroniczne do przewidywanych warunk\u00f3w pracy;<\/li><li>okre\u015bla funkcje oprogramowania specjalistycznego stosowanego w urz\u0105dzeniach elektronicznych;<\/li><li>programuje urz\u0105dzenia elektroniczne;<\/li><li>uruchamia urz\u0105dzenia elektroniczne;<\/li><\/ul>\n\n\n\n<ul class=\"wp-block-list\"><li>dobiera metody i przyrz\u0105dy do pomiaru parametr\u00f3w sygna\u0142\u00f3w i urz\u0105dze\u0144 elektronicznych;<\/li><li>wykonuje pomiary sygna\u0142\u00f3w elektrycznych w blokach funkcjonalnych urz\u0105dze\u0144 elektronicznych;<\/li><li>wykonuje pomiary parametr\u00f3w urz\u0105dze\u0144 elektronicznych oraz ich element\u00f3w;<\/li><li>reguluje urz\u0105dzenia elektroniczne;<\/li><li>pos\u0142uguje si\u0119 instrukcj\u0105 serwisow\u0105 urz\u0105dze\u0144 elektronicznych.<\/li><\/ul>\n\n\n\n<ul class=\"wp-block-list\"><li><strong>Konserwacja i naprawa instalacji oraz urz\u0105dze\u0144 elektronicznych<\/strong><\/li><\/ul>\n\n\n\n<p>Ucze\u0144:<\/p>\n\n\n\n<ul class=\"wp-block-list\"><li>okre\u015bla wp\u0142yw czynnik\u00f3w zewn\u0119trznych na prac\u0119 instalacji i urz\u0105dze\u0144 elektronicznych;<\/li><li>wykonuje pomiary diagnostyczne sygna\u0142\u00f3w elektrycznych w urz\u0105dzeniach elektronicznych zgodnie &nbsp;&nbsp;&nbsp;&nbsp;&nbsp;&nbsp;&nbsp;&nbsp;&nbsp;&nbsp;&nbsp;&nbsp;&nbsp;&nbsp;&nbsp;&nbsp;&nbsp;z dokumentacj\u0105;<\/li><li>kontroluje poprawno\u015b\u0107 dzia\u0142ania instalacji i urz\u0105dze\u0144 elektronicznych na podstawie obserwacji &nbsp;&nbsp;&nbsp;&nbsp;&nbsp;&nbsp;&nbsp;&nbsp;&nbsp;&nbsp;&nbsp;&nbsp;&nbsp;&nbsp;&nbsp;&nbsp;&nbsp;&nbsp;&nbsp;&nbsp;&nbsp;&nbsp;ich pracy oraz wynik\u00f3w pomiar\u00f3w;<\/li><li>ocenia stan techniczny instalacji i urz\u0105dze\u0144 elektronicznych;<\/li><li>okre\u015bla czynno\u015bci wykonywane podczas konserwacji instalacji i urz\u0105dze\u0144 elektronicznych;<\/li><li>wykonuje okresowe przegl\u0105dy oraz konserwacj\u0119 instalacji i urz\u0105dze\u0144 elektronicznych;<\/li><li>lokalizuje uszkodzenia instalacji i urz\u0105dze\u0144 elektronicznych;<\/li><li>okre\u015bla rodzaj i zakres napraw instalacji i urz\u0105dze\u0144 elektronicznych;<\/li><li>dobiera narz\u0119dzia i przyrz\u0105dy do wykonania napraw instalacji i urz\u0105dze\u0144 elektronicznych;<\/li><li>dobiera cz\u0119\u015bci i podzespo\u0142y do naprawy instalacji i urz\u0105dze\u0144 elektronicznych, korzystaj\u0105c z katalog\u00f3w &nbsp;&nbsp;&nbsp;i dokumentacji technicznej tych urz\u0105dze\u0144;<\/li><li>dokonuje wymiany uszkodzonych element\u00f3w i podzespo\u0142\u00f3w instalacji oraz urz\u0105dze\u0144 elektronicznych.<\/li><\/ul>\n","protected":false},"excerpt":{"rendered":"<p>Ramowy program praktyk zawodowych realizowanych w Zespole Szk\u00f3\u0142 Zawodowych i Licealnych w Zgorzelcu przez uczni\u00f3w&nbsp; Technikum kszta\u0142c\u0105cego w zawodzie technik elektronik Wprowadzenie do zak\u0142adu pracy Charakterystyka og\u00f3lna organizacji zak\u0142adu Bezpiecze\u0144stwo\u00a0 i higiena pracy w zawodzie technika elektronika Ochrona \u015brodowiska w&hellip; <a class=\"continue\" href=\"https:\/\/zszil.pl\/index.php\/technik-elektronik-2\/\">Continue Reading<span> Technik elektronik<\/span><\/a><\/p>\n","protected":false},"author":1,"featured_media":0,"parent":0,"menu_order":0,"comment_status":"closed","ping_status":"closed","template":"","meta":{"footnotes":""},"class_list":["post-3719","page","type-page","status-publish","hentry"],"_links":{"self":[{"href":"https:\/\/zszil.pl\/index.php\/wp-json\/wp\/v2\/pages\/3719","targetHints":{"allow":["GET"]}}],"collection":[{"href":"https:\/\/zszil.pl\/index.php\/wp-json\/wp\/v2\/pages"}],"about":[{"href":"https:\/\/zszil.pl\/index.php\/wp-json\/wp\/v2\/types\/page"}],"author":[{"embeddable":true,"href":"https:\/\/zszil.pl\/index.php\/wp-json\/wp\/v2\/users\/1"}],"replies":[{"embeddable":true,"href":"https:\/\/zszil.pl\/index.php\/wp-json\/wp\/v2\/comments?post=3719"}],"version-history":[{"count":1,"href":"https:\/\/zszil.pl\/index.php\/wp-json\/wp\/v2\/pages\/3719\/revisions"}],"predecessor-version":[{"id":3720,"href":"https:\/\/zszil.pl\/index.php\/wp-json\/wp\/v2\/pages\/3719\/revisions\/3720"}],"wp:attachment":[{"href":"https:\/\/zszil.pl\/index.php\/wp-json\/wp\/v2\/media?parent=3719"}],"curies":[{"name":"wp","href":"https:\/\/api.w.org\/{rel}","templated":true}]}}