{"id":4673,"date":"2024-07-12T08:41:55","date_gmt":"2024-07-12T06:41:55","guid":{"rendered":"http:\/\/zszil.pl\/?page_id=4673"},"modified":"2026-03-19T08:38:04","modified_gmt":"2026-03-19T07:38:04","slug":"zgodnie-z-zarzadzeniem-dyrektora-nr-25-2023-2024-w-zszil-obowiazuje-nastepujaca-polityka-ochrony-maloletnich-przed-krzywdzeniem","status":"publish","type":"page","link":"https:\/\/zszil.pl\/index.php\/zgodnie-z-zarzadzeniem-dyrektora-nr-25-2023-2024-w-zszil-obowiazuje-nastepujaca-polityka-ochrony-maloletnich-przed-krzywdzeniem\/","title":{"rendered":"Zgodnie z zarz\u0105dzeniem dyrektora nr 25\/2023\/2024 w ZSZiL obowi\u0105zuje nast\u0119puj\u0105ca Polityka Ochrony Ma\u0142oletnich przed krzywdzeniem"},"content":{"rendered":"\n<p>Tre\u015b\u0107 Polityki dost\u0119pna jest tak\u017ce w formie papierowej na portierni<\/p>\n\n\n\n<div data-wp-interactive=\"core\/file\" class=\"wp-block-file\"><object data-wp-bind--hidden=\"!state.hasPdfPreview\" hidden class=\"wp-block-file__embed\" data=\"https:\/\/zszil.pl\/wp-content\/uploads\/2026\/03\/Polityka-Ochrony-Maloletnich-w-ZSZiL_m-1.pdf\" type=\"application\/pdf\" style=\"width:100%;height:600px\" aria-label=\"Osadzone z Polityka Ochrony Ma\u0142oletnich w ZSZiL_m.\"><\/object><a id=\"wp-block-file--media-3ba407b3-4796-4d7f-bf9a-f07567a7e083\" href=\"https:\/\/zszil.pl\/wp-content\/uploads\/2026\/03\/Polityka-Ochrony-Maloletnich-w-ZSZiL_m-1.pdf\">Polityka Ochrony Ma\u0142oletnich w ZSZiL_m<\/a><a href=\"https:\/\/zszil.pl\/wp-content\/uploads\/2026\/03\/Polityka-Ochrony-Maloletnich-w-ZSZiL_m-1.pdf\" class=\"wp-block-file__button wp-element-button\" download aria-describedby=\"wp-block-file--media-3ba407b3-4796-4d7f-bf9a-f07567a7e083\">Pobierz<\/a><\/div>\n\n\n\n<div data-wp-interactive=\"core\/file\" class=\"wp-block-file\"><object data-wp-bind--hidden=\"!state.hasPdfPreview\" hidden class=\"wp-block-file__embed\" data=\"https:\/\/zszil.pl\/wp-content\/uploads\/2024\/09\/polityka-skrot-rodzice.pdf\" type=\"application\/pdf\" style=\"width:100%;height:600px\" aria-label=\"Osadzone z polityka-skrot-rodzice.\"><\/object><a href=\"https:\/\/zszil.pl\/wp-content\/uploads\/2024\/09\/polityka-skrot-rodzice.pdf\">polityka-skrot-rodzice<\/a><a href=\"https:\/\/zszil.pl\/wp-content\/uploads\/2024\/09\/polityka-skrot-rodzice.pdf\" class=\"wp-block-file__button wp-element-button\" download>Pobierz<\/a><\/div>\n\n\n\n<div data-wp-interactive=\"core\/file\" class=\"wp-block-file\"><object data-wp-bind--hidden=\"!state.hasPdfPreview\" hidden class=\"wp-block-file__embed\" data=\"https:\/\/zszil.pl\/wp-content\/uploads\/2025\/03\/polityka-skrot.pdf\" type=\"application\/pdf\" style=\"width:100%;height:600px\" aria-label=\"Osadzone z polityka skr\u00f3t.\"><\/object><a id=\"wp-block-file--media-2c23fc85-bcbc-4a24-b149-165079e491e3\" href=\"https:\/\/zszil.pl\/wp-content\/uploads\/2025\/03\/polityka-skrot.pdf\">polityka skr\u00f3t<\/a><a href=\"https:\/\/zszil.pl\/wp-content\/uploads\/2025\/03\/polityka-skrot.pdf\" class=\"wp-block-file__button wp-element-button\" download aria-describedby=\"wp-block-file--media-2c23fc85-bcbc-4a24-b149-165079e491e3\">Pobierz<\/a><\/div>\n\n\n\n<p><\/p>\n","protected":false},"excerpt":{"rendered":"<p>Tre\u015b\u0107 Polityki dost\u0119pna jest tak\u017ce w formie papierowej na portierni<\/p>\n","protected":false},"author":2,"featured_media":0,"parent":0,"menu_order":0,"comment_status":"closed","ping_status":"closed","template":"","meta":{"footnotes":""},"class_list":["post-4673","page","type-page","status-publish","hentry"],"_links":{"self":[{"href":"https:\/\/zszil.pl\/index.php\/wp-json\/wp\/v2\/pages\/4673","targetHints":{"allow":["GET"]}}],"collection":[{"href":"https:\/\/zszil.pl\/index.php\/wp-json\/wp\/v2\/pages"}],"about":[{"href":"https:\/\/zszil.pl\/index.php\/wp-json\/wp\/v2\/types\/page"}],"author":[{"embeddable":true,"href":"https:\/\/zszil.pl\/index.php\/wp-json\/wp\/v2\/users\/2"}],"replies":[{"embeddable":true,"href":"https:\/\/zszil.pl\/index.php\/wp-json\/wp\/v2\/comments?post=4673"}],"version-history":[{"count":9,"href":"https:\/\/zszil.pl\/index.php\/wp-json\/wp\/v2\/pages\/4673\/revisions"}],"predecessor-version":[{"id":8725,"href":"https:\/\/zszil.pl\/index.php\/wp-json\/wp\/v2\/pages\/4673\/revisions\/8725"}],"wp:attachment":[{"href":"https:\/\/zszil.pl\/index.php\/wp-json\/wp\/v2\/media?parent=4673"}],"curies":[{"name":"wp","href":"https:\/\/api.w.org\/{rel}","templated":true}]}}