{"id":7,"date":"2021-09-27T19:44:50","date_gmt":"2021-09-27T17:44:50","guid":{"rendered":"http:\/\/zszil.pl\/wwwnowev2\/?page_id=7"},"modified":"2021-11-19T10:04:05","modified_gmt":"2021-11-19T09:04:05","slug":"kontakt","status":"publish","type":"page","link":"https:\/\/zszil.pl\/index.php\/kontakt\/","title":{"rendered":"Kontakt"},"content":{"rendered":"\n<p><strong>Zesp\u00f3\u0142 Szk\u00f3\u0142 Zawodowych i Licealnych w Zgorzelcu<\/strong><\/p>\n\n\n\n<p>59-900 Zgorzelec, ul. Powsta\u0144c\u00f3w \u015al\u0105skich 1<br><strong>tel.&nbsp;<\/strong>(75) 77 524 44<br><strong>tel. kom.&nbsp;<\/strong>798 211 387<br><strong>tel\/fax.<\/strong>&nbsp;(75) 77 510 71<\/p>\n\n\n\n<p><strong>e-mail:&nbsp;<\/strong><a href=\"mailto:szkola@zszil.pl\">szkola@zszil.pl<\/a><br><strong>ESP ePuap :&nbsp;<\/strong>\/ZSZiLZgorzelec\/SkrytkaESP<\/p>\n","protected":false},"excerpt":{"rendered":"<p>Zesp\u00f3\u0142 Szk\u00f3\u0142 Zawodowych i Licealnych w Zgorzelcu 59-900 Zgorzelec, ul. Powsta\u0144c\u00f3w \u015al\u0105skich 1tel.&nbsp;(75) 77 524 44tel. kom.&nbsp;798 211 387tel\/fax.&nbsp;(75) 77 510 71 e-mail:&nbsp;szkola@zszil.plESP ePuap :&nbsp;\/ZSZiLZgorzelec\/SkrytkaESP<\/p>\n","protected":false},"author":1,"featured_media":0,"parent":0,"menu_order":0,"comment_status":"closed","ping_status":"closed","template":"","meta":{"footnotes":""},"class_list":["post-7","page","type-page","status-publish","hentry"],"_links":{"self":[{"href":"https:\/\/zszil.pl\/index.php\/wp-json\/wp\/v2\/pages\/7","targetHints":{"allow":["GET"]}}],"collection":[{"href":"https:\/\/zszil.pl\/index.php\/wp-json\/wp\/v2\/pages"}],"about":[{"href":"https:\/\/zszil.pl\/index.php\/wp-json\/wp\/v2\/types\/page"}],"author":[{"embeddable":true,"href":"https:\/\/zszil.pl\/index.php\/wp-json\/wp\/v2\/users\/1"}],"replies":[{"embeddable":true,"href":"https:\/\/zszil.pl\/index.php\/wp-json\/wp\/v2\/comments?post=7"}],"version-history":[{"count":2,"href":"https:\/\/zszil.pl\/index.php\/wp-json\/wp\/v2\/pages\/7\/revisions"}],"predecessor-version":[{"id":101,"href":"https:\/\/zszil.pl\/index.php\/wp-json\/wp\/v2\/pages\/7\/revisions\/101"}],"wp:attachment":[{"href":"https:\/\/zszil.pl\/index.php\/wp-json\/wp\/v2\/media?parent=7"}],"curies":[{"name":"wp","href":"https:\/\/api.w.org\/{rel}","templated":true}]}}