{"id":8,"date":"2021-09-27T19:44:50","date_gmt":"2021-09-27T17:44:50","guid":{"rendered":"http:\/\/zszil.pl\/wwwnowev2\/?page_id=8"},"modified":"2022-01-14T13:39:57","modified_gmt":"2022-01-14T12:39:57","slug":"blog","status":"publish","type":"page","link":"https:\/\/zszil.pl\/index.php\/blog\/","title":{"rendered":"Zast\u0119pstwa"},"content":{"rendered":"\n<p><strong>Zast\u0119pstwach dost\u0119pne s\u0105<\/strong> <strong>po zalogowaniu si\u0119 do e-dziennika,<\/strong><\/p>\n\n\n\n<div class=\"wp-block-buttons is-layout-flex wp-block-buttons-is-layout-flex\">\n<div class=\"wp-block-button\"><a class=\"wp-block-button__link\" href=\"https:\/\/uonetplus.vulcan.net.pl\/powiatzgorzelecki\/?logout=true\">Dziennik elektroniczny ZSZiL w Zgorzelcu<\/a><\/div>\n<\/div>\n","protected":false},"excerpt":{"rendered":"<p>Zast\u0119pstwach dost\u0119pne s\u0105 po zalogowaniu si\u0119 do e-dziennika,<\/p>\n","protected":false},"author":1,"featured_media":0,"parent":0,"menu_order":0,"comment_status":"closed","ping_status":"closed","template":"","meta":{"footnotes":""},"class_list":["post-8","page","type-page","status-publish","hentry"],"_links":{"self":[{"href":"https:\/\/zszil.pl\/index.php\/wp-json\/wp\/v2\/pages\/8","targetHints":{"allow":["GET"]}}],"collection":[{"href":"https:\/\/zszil.pl\/index.php\/wp-json\/wp\/v2\/pages"}],"about":[{"href":"https:\/\/zszil.pl\/index.php\/wp-json\/wp\/v2\/types\/page"}],"author":[{"embeddable":true,"href":"https:\/\/zszil.pl\/index.php\/wp-json\/wp\/v2\/users\/1"}],"replies":[{"embeddable":true,"href":"https:\/\/zszil.pl\/index.php\/wp-json\/wp\/v2\/comments?post=8"}],"version-history":[{"count":28,"href":"https:\/\/zszil.pl\/index.php\/wp-json\/wp\/v2\/pages\/8\/revisions"}],"predecessor-version":[{"id":858,"href":"https:\/\/zszil.pl\/index.php\/wp-json\/wp\/v2\/pages\/8\/revisions\/858"}],"wp:attachment":[{"href":"https:\/\/zszil.pl\/index.php\/wp-json\/wp\/v2\/media?parent=8"}],"curies":[{"name":"wp","href":"https:\/\/api.w.org\/{rel}","templated":true}]}}